{"id":99,"date":"2021-03-22T15:36:08","date_gmt":"2021-03-22T15:36:08","guid":{"rendered":"https:\/\/iporanga.sp.gov.br\/site3\/?page_id=99"},"modified":"2021-03-22T15:36:08","modified_gmt":"2021-03-22T15:36:08","slug":"acessibilidade","status":"publish","type":"page","link":"https:\/\/iporanga.sp.gov.br\/site3\/acessibilidade\/","title":{"rendered":"Acessibilidade"},"content":{"rendered":"<div class=\"sec-area-titulo\">\n<h2 class=\"sec-titulo-pequeno\">Acess\u00edvel em Libras<\/h2>\n<\/div>\n<div class=\"sec-conteudo\">\n<div class=\"field--label-hidden field--item\">\n<p>O conte\u00fado deste portal pode ser acess\u00edvel em Libras usando o VLibras, o tradutor autom\u00e1tico da L\u00edngua Portuguesa para a L\u00edngua Brasileira de Sinais.<\/p>\n<p>O aplicativo\u00a0<em>VLibras<\/em>\u00a0est\u00e1 dispon\u00edvel gratuitamente no link abaixo:<\/p>\n<p><a href=\"http:\/\/www.vlibras.gov.br\/\" target=\"_blank\" rel=\"noopener\">VLibras<\/a><\/p>\n<h2 class=\"sec-titulo-pequeno\">Tamanho do texto<\/h2>\n<div class=\"field--label-hidden field--item\">\n<p>Ctrl + + Aumenta o zoom da p\u00e1gina;<br \/>\nCtrl + &#8211; Diminui o zoom da p\u00e1gina;<br \/>\nCtrl + 0 Deixa o zoom da pagina padr\u00e3o.<\/p>\n<p>Alguns browsers possibilitam a altera\u00e7\u00e3o do tamanho do texto da seguinte forma:<\/p>\n<p>Internet Explorer: selecione o Menu Op\u00e7\u00f5es &#8220;Mostrar: Tamanho do Texto&#8221;;<br \/>\nMozilla: selecione o Menu Op\u00e7\u00f5es: &#8220;Mostrar: Tamanho do Texto&#8221;;<br \/>\nOpera: selecione o Menu Op\u00e7\u00f5es: &#8220;Mostrar Zoom&#8221;;<br \/>\nSafari: selecione o Menu Op\u00e7\u00f5es: &#8220;Apresenta\u00e7\u00e3o; Aumentar\/Reduzir tamanho do texto&#8221;.<\/p>\n<\/div>\n<\/div>\n<\/div>\n","protected":false},"excerpt":{"rendered":"<p>Acess\u00edvel em Libras O conte\u00fado deste portal pode ser acess\u00edvel em Libras usando o VLibras, o tradutor autom\u00e1tico da L\u00edngua Portuguesa para a L\u00edngua Brasileira de Sinais. O aplicativo\u00a0VLibras\u00a0est\u00e1 dispon\u00edvel gratuitamente no link abaixo: VLibras Tamanho do texto Ctrl + + Aumenta o zoom da p\u00e1gina; Ctrl + &#8211; Diminui o zoom da p\u00e1gina; Ctrl [&hellip;]<\/p>\n","protected":false},"author":1,"featured_media":0,"parent":0,"menu_order":0,"comment_status":"closed","ping_status":"closed","template":"","meta":{"footnotes":""},"class_list":["post-99","page","type-page","status-publish","hentry"],"yoast_head":"<!-- This site is optimized with the Yoast SEO plugin v17.5 - https:\/\/yoast.com\/wordpress\/plugins\/seo\/ -->\n<title>Acessibilidade - Iporanga<\/title>\n<meta name=\"robots\" content=\"noindex, follow\" \/>\n<meta property=\"og:locale\" content=\"pt_PT\" \/>\n<meta property=\"og:type\" content=\"article\" \/>\n<meta property=\"og:title\" content=\"Acessibilidade - Iporanga\" \/>\n<meta property=\"og:description\" content=\"Acess\u00edvel em Libras O conte\u00fado deste portal pode ser acess\u00edvel em Libras usando o VLibras, o tradutor autom\u00e1tico da L\u00edngua Portuguesa para a L\u00edngua Brasileira de Sinais. O aplicativo\u00a0VLibras\u00a0est\u00e1 dispon\u00edvel gratuitamente no link abaixo: VLibras Tamanho do texto Ctrl + + Aumenta o zoom da p\u00e1gina; Ctrl + &#8211; Diminui o zoom da p\u00e1gina; Ctrl [&hellip;]\" \/>\n<meta property=\"og:url\" content=\"https:\/\/iporanga.sp.gov.br\/site3\/acessibilidade\/\" \/>\n<meta property=\"og:site_name\" content=\"Iporanga\" \/>\n<meta property=\"article:publisher\" content=\"https:\/\/www.facebook.com\/Iporanga.Mun\" \/>\n<meta name=\"twitter:card\" content=\"summary_large_image\" \/>\n<meta name=\"twitter:label1\" content=\"Tempo estimado de leitura\" \/>\n\t<meta name=\"twitter:data1\" content=\"1 minuto\" \/>\n<script type=\"application\/ld+json\" class=\"yoast-schema-graph\">{\"@context\":\"https:\/\/schema.org\",\"@graph\":[{\"@type\":\"Organization\",\"@id\":\"https:\/\/iporanga.sp.gov.br\/site3\/#organization\",\"name\":\"Prefeitura Municipal de Iporanga\",\"url\":\"https:\/\/iporanga.sp.gov.br\/site3\/\",\"sameAs\":[\"https:\/\/www.facebook.com\/Iporanga.Mun\",\"https:\/\/www.youtube.com\/channel\/UCv-QJdlwebmOv0gsbdTZfpg\",\"https:\/\/pt.wikipedia.org\/wiki\/Iporanga\"],\"logo\":{\"@type\":\"ImageObject\",\"@id\":\"https:\/\/iporanga.sp.gov.br\/site3\/#logo\",\"inLanguage\":\"pt-PT\",\"url\":\"https:\/\/iporanga.sp.gov.br\/site3\/wp-content\/uploads\/2021\/03\/cropped-brasao_iporanga.png\",\"contentUrl\":\"https:\/\/iporanga.sp.gov.br\/site3\/wp-content\/uploads\/2021\/03\/cropped-brasao_iporanga.png\",\"width\":512,\"height\":512,\"caption\":\"Prefeitura Municipal de Iporanga\"},\"image\":{\"@id\":\"https:\/\/iporanga.sp.gov.br\/site3\/#logo\"}},{\"@type\":\"WebSite\",\"@id\":\"https:\/\/iporanga.sp.gov.br\/site3\/#website\",\"url\":\"https:\/\/iporanga.sp.gov.br\/site3\/\",\"name\":\"Iporanga\",\"description\":\"Munic\\u00edpio de Interesse Tur\\u00edstico | Capital das Cavernas\",\"publisher\":{\"@id\":\"https:\/\/iporanga.sp.gov.br\/site3\/#organization\"},\"potentialAction\":[{\"@type\":\"SearchAction\",\"target\":{\"@type\":\"EntryPoint\",\"urlTemplate\":\"https:\/\/iporanga.sp.gov.br\/site3\/?s={search_term_string}\"},\"query-input\":\"required name=search_term_string\"}],\"inLanguage\":\"pt-PT\"},{\"@type\":\"WebPage\",\"@id\":\"https:\/\/iporanga.sp.gov.br\/site3\/acessibilidade\/#webpage\",\"url\":\"https:\/\/iporanga.sp.gov.br\/site3\/acessibilidade\/\",\"name\":\"Acessibilidade - Iporanga\",\"isPartOf\":{\"@id\":\"https:\/\/iporanga.sp.gov.br\/site3\/#website\"},\"datePublished\":\"2021-03-22T15:36:08+00:00\",\"dateModified\":\"2021-03-22T15:36:08+00:00\",\"breadcrumb\":{\"@id\":\"https:\/\/iporanga.sp.gov.br\/site3\/acessibilidade\/#breadcrumb\"},\"inLanguage\":\"pt-PT\",\"potentialAction\":[{\"@type\":\"ReadAction\",\"target\":[\"https:\/\/iporanga.sp.gov.br\/site3\/acessibilidade\/\"]}]},{\"@type\":\"BreadcrumbList\",\"@id\":\"https:\/\/iporanga.sp.gov.br\/site3\/acessibilidade\/#breadcrumb\",\"itemListElement\":[{\"@type\":\"ListItem\",\"position\":1,\"name\":\"In\\u00edcio\",\"item\":\"https:\/\/iporanga.sp.gov.br\/site3\/\"},{\"@type\":\"ListItem\",\"position\":2,\"name\":\"Acessibilidade\"}]}]}<\/script>\n<!-- \/ Yoast SEO plugin. -->","yoast_head_json":{"title":"Acessibilidade - Iporanga","robots":{"index":"noindex","follow":"follow"},"og_locale":"pt_PT","og_type":"article","og_title":"Acessibilidade - Iporanga","og_description":"Acess\u00edvel em Libras O conte\u00fado deste portal pode ser acess\u00edvel em Libras usando o VLibras, o tradutor autom\u00e1tico da L\u00edngua Portuguesa para a L\u00edngua Brasileira de Sinais. O aplicativo\u00a0VLibras\u00a0est\u00e1 dispon\u00edvel gratuitamente no link abaixo: VLibras Tamanho do texto Ctrl + + Aumenta o zoom da p\u00e1gina; Ctrl + &#8211; Diminui o zoom da p\u00e1gina; Ctrl [&hellip;]","og_url":"https:\/\/iporanga.sp.gov.br\/site3\/acessibilidade\/","og_site_name":"Iporanga","article_publisher":"https:\/\/www.facebook.com\/Iporanga.Mun","twitter_card":"summary_large_image","twitter_misc":{"Tempo estimado de leitura":"1 minuto"},"schema":{"@context":"https:\/\/schema.org","@graph":[{"@type":"Organization","@id":"https:\/\/iporanga.sp.gov.br\/site3\/#organization","name":"Prefeitura Municipal de Iporanga","url":"https:\/\/iporanga.sp.gov.br\/site3\/","sameAs":["https:\/\/www.facebook.com\/Iporanga.Mun","https:\/\/www.youtube.com\/channel\/UCv-QJdlwebmOv0gsbdTZfpg","https:\/\/pt.wikipedia.org\/wiki\/Iporanga"],"logo":{"@type":"ImageObject","@id":"https:\/\/iporanga.sp.gov.br\/site3\/#logo","inLanguage":"pt-PT","url":"https:\/\/iporanga.sp.gov.br\/site3\/wp-content\/uploads\/2021\/03\/cropped-brasao_iporanga.png","contentUrl":"https:\/\/iporanga.sp.gov.br\/site3\/wp-content\/uploads\/2021\/03\/cropped-brasao_iporanga.png","width":512,"height":512,"caption":"Prefeitura Municipal de Iporanga"},"image":{"@id":"https:\/\/iporanga.sp.gov.br\/site3\/#logo"}},{"@type":"WebSite","@id":"https:\/\/iporanga.sp.gov.br\/site3\/#website","url":"https:\/\/iporanga.sp.gov.br\/site3\/","name":"Iporanga","description":"Munic\u00edpio de Interesse Tur\u00edstico | Capital das Cavernas","publisher":{"@id":"https:\/\/iporanga.sp.gov.br\/site3\/#organization"},"potentialAction":[{"@type":"SearchAction","target":{"@type":"EntryPoint","urlTemplate":"https:\/\/iporanga.sp.gov.br\/site3\/?s={search_term_string}"},"query-input":"required name=search_term_string"}],"inLanguage":"pt-PT"},{"@type":"WebPage","@id":"https:\/\/iporanga.sp.gov.br\/site3\/acessibilidade\/#webpage","url":"https:\/\/iporanga.sp.gov.br\/site3\/acessibilidade\/","name":"Acessibilidade - Iporanga","isPartOf":{"@id":"https:\/\/iporanga.sp.gov.br\/site3\/#website"},"datePublished":"2021-03-22T15:36:08+00:00","dateModified":"2021-03-22T15:36:08+00:00","breadcrumb":{"@id":"https:\/\/iporanga.sp.gov.br\/site3\/acessibilidade\/#breadcrumb"},"inLanguage":"pt-PT","potentialAction":[{"@type":"ReadAction","target":["https:\/\/iporanga.sp.gov.br\/site3\/acessibilidade\/"]}]},{"@type":"BreadcrumbList","@id":"https:\/\/iporanga.sp.gov.br\/site3\/acessibilidade\/#breadcrumb","itemListElement":[{"@type":"ListItem","position":1,"name":"In\u00edcio","item":"https:\/\/iporanga.sp.gov.br\/site3\/"},{"@type":"ListItem","position":2,"name":"Acessibilidade"}]}]}},"_links":{"self":[{"href":"https:\/\/iporanga.sp.gov.br\/site3\/wp-json\/wp\/v2\/pages\/99","targetHints":{"allow":["GET"]}}],"collection":[{"href":"https:\/\/iporanga.sp.gov.br\/site3\/wp-json\/wp\/v2\/pages"}],"about":[{"href":"https:\/\/iporanga.sp.gov.br\/site3\/wp-json\/wp\/v2\/types\/page"}],"author":[{"embeddable":true,"href":"https:\/\/iporanga.sp.gov.br\/site3\/wp-json\/wp\/v2\/users\/1"}],"replies":[{"embeddable":true,"href":"https:\/\/iporanga.sp.gov.br\/site3\/wp-json\/wp\/v2\/comments?post=99"}],"version-history":[{"count":1,"href":"https:\/\/iporanga.sp.gov.br\/site3\/wp-json\/wp\/v2\/pages\/99\/revisions"}],"predecessor-version":[{"id":100,"href":"https:\/\/iporanga.sp.gov.br\/site3\/wp-json\/wp\/v2\/pages\/99\/revisions\/100"}],"wp:attachment":[{"href":"https:\/\/iporanga.sp.gov.br\/site3\/wp-json\/wp\/v2\/media?parent=99"}],"curies":[{"name":"wp","href":"https:\/\/api.w.org\/{rel}","templated":true}]}}