{"id":828,"date":"2023-02-28T18:16:11","date_gmt":"2023-02-28T18:16:11","guid":{"rendered":"https:\/\/iporanga.sp.gov.br\/site3\/?page_id=828"},"modified":"2023-03-03T13:14:14","modified_gmt":"2023-03-03T13:14:14","slug":"lgpd-lei-geral-de-protecao-de-dados","status":"publish","type":"page","link":"https:\/\/iporanga.sp.gov.br\/site3\/lgpd-lei-geral-de-protecao-de-dados\/","title":{"rendered":"LGPD &#8211; Lei Geral de Prote\u00e7\u00e3o de Dados"},"content":{"rendered":"<div>\n<div>\n<div>\n<div id=\"m_3251949029850580741gmail-a5ca4c7a-b979-4a1a-8606-130e8238cbe6\">\n<div>\n<h2><span style=\"font-size: small;\">Lei Geral de Prote\u00e7\u00e3o de Dados Pessoais (LGPD)<\/span><\/h2>\n<\/div>\n<\/div>\n<\/div>\n<\/div>\n<\/div>\n<div>\n<div>\n<div>\n<div id=\"m_3251949029850580741gmail-feff7a2c-d09d-4792-b3f9-c5dc371e2278\">\n<div>\n<p>A\u00a0Lei Geral de Prote\u00e7\u00e3o de Dados Pessoais (LGPD), Lei n\u00b0 13.709\/2018, foi promulgada para proteger os direitos fundamentais de liberdade e de privacidade e a livre forma\u00e7\u00e3o da personalidade de cada indiv\u00edduo. A Lei fala sobre o tratamento de dados pessoais, dispostos em meio f\u00edsico ou digital, feito por pessoa f\u00edsica ou jur\u00eddica de direito p\u00fablico ou privado, englobando um amplo conjunto de opera\u00e7\u00f5es que podem ocorrer em meios manuais ou digitais.<\/p>\n<p>No \u00e2mbito da LGPD, o tratamento dos dados pessoais pode ser realizado por dois agentes de tratamento, o\u00a0Controlador\u00a0e o\u00a0Operador. Al\u00e9m deles, h\u00e1 a figura do\u00a0Encarregado, que \u00e9 a pessoa indicada pelo Controlador para atuar como canal de comunica\u00e7\u00e3o entre o Controlador, o Operador, os(as) titulares dos dados e a Autoridade Nacional de Prote\u00e7\u00e3o de Dados (ANPD).<\/p>\n<p>Tema fundamental trabalhado pela Lei, o\u00a0tratamento de dados\u00a0diz respeito a qualquer atividade que utiliza um dado pessoal na execu\u00e7\u00e3o da sua opera\u00e7\u00e3o, como, por exemplo: coleta, produ\u00e7\u00e3o, recep\u00e7\u00e3o, classifica\u00e7\u00e3o, utiliza\u00e7\u00e3o, acesso, reprodu\u00e7\u00e3o, transmiss\u00e3o, distribui\u00e7\u00e3o, processamento, arquivamento, armazenamento, elimina\u00e7\u00e3o, avalia\u00e7\u00e3o ou controle da informa\u00e7\u00e3o, modifica\u00e7\u00e3o, comunica\u00e7\u00e3o, transfer\u00eancia, difus\u00e3o ou extra\u00e7\u00e3o.<\/p>\n<p>Antes de iniciar qualquer tipo de tratamento de dados pessoais, o agente deve se certificar que a finalidade da opera\u00e7\u00e3o est\u00e1 registrada de forma clara e expl\u00edcita e os prop\u00f3sitos especificados e informados ao(\u00e0) titular dos dados. No caso do setor p\u00fablico, a principal finalidade do tratamento est\u00e1 relacionada \u00e0 execu\u00e7\u00e3o de pol\u00edticas p\u00fablicas, devidamente previstas em lei, regulamentos ou respaldadas em contratos, conv\u00eanios ou instrumentos semelhantes.<\/p>\n<p>O compartilhamento dentro da administra\u00e7\u00e3o p\u00fablica, no \u00e2mbito da execu\u00e7\u00e3o de pol\u00edticas p\u00fablicas, \u00e9 previsto na Lei e dispensa o consentimento espec\u00edfico. Contudo, o \u00f3rg\u00e3o que coleta deve informar com transpar\u00eancia qual dado ser\u00e1 compartilhado e com quem. Do outro lado, o \u00f3rg\u00e3o que solicita receber o compartilhamento precisa justificar esse acesso com base na execu\u00e7\u00e3o de uma pol\u00edtica p\u00fablica espec\u00edfica e claramente determinada, descrevendo o motivo da solicita\u00e7\u00e3o de acesso e o uso que ser\u00e1 feito com os dados. Informa\u00e7\u00f5es protegidas por sigilo seguem protegidas e sujeitas a normativos e regras espec\u00edficas. Essas e outras quest\u00f5es fundamentais devem ser observadas pelos \u00f3rg\u00e3os e entidades da administra\u00e7\u00e3o federal no sentido de assegurar a conformidade do tratamento de dados pessoais de acordo com as hip\u00f3teses legais e princ\u00edpios da LGPD.<\/p>\n<p>A Lei estabelece uma estrutura legal de direitos dos(as) titulares de dados pessoais. Esses direitos devem ser garantidos durante toda a exist\u00eancia do tratamento dos dados pessoais realizado pelo \u00f3rg\u00e3o ou entidade. Para o exerc\u00edcio dos direitos dos(as) titulares, a LGPD prev\u00ea um conjunto de ferramentas que aprofundam obriga\u00e7\u00f5es de transpar\u00eancia ativa e passiva, e criam meios processuais para mobilizar a Administra\u00e7\u00e3o P\u00fablica.<\/p>\n<p>Documento base: \u00a0<a href=\"https:\/\/www.gov.br\/governodigital\/pt-br\/seguranca-e-protecao-de-dados\/guias\/guia_lgpd.pdf\" target=\"_blank\" rel=\"noopener\" data-saferedirecturl=\"https:\/\/www.google.com\/url?q=https:\/\/www.gov.br\/governodigital\/pt-br\/seguranca-e-protecao-de-dados\/guias\/guia_lgpd.pdf&amp;source=gmail&amp;ust=1677694462364000&amp;usg=AOvVaw0Xtd1ejjaQmPQjdhrdpIbV\">Guia de Boas Pr\u00e1ticas para Implementa\u00e7\u00e3o na Administra\u00e7\u00e3o P\u00fablica Federal da Lei Geral de Prote\u00e7\u00e3o de Dados<\/a>(<a href=\"https:\/\/www.gov.br\/governodigital\/pt-br\/seguranca-e-protecao-de-dados\/guias\/guia_lgpd.pdf\" target=\"_blank\" rel=\"noopener\" data-saferedirecturl=\"https:\/\/www.google.com\/url?q=https:\/\/www.gov.br\/governodigital\/pt-br\/seguranca-e-protecao-de-dados\/guias\/guia_lgpd.pdf&amp;source=gmail&amp;ust=1677694462364000&amp;usg=AOvVaw0Xtd1ejjaQmPQjdhrdpIbV\">https:\/\/www.gov.br\/<wbr \/>governodigital\/pt-br\/<wbr \/>seguranca-e-protecao-de-dados\/<wbr \/>guias\/guia_lgpd.pdf<\/a>), documento elaborado pelos diferentes \u00f3rg\u00e3os que comp\u00f5em o\u00a0Comit\u00ea Central de Governan\u00e7a de Dados\u00a0e que cont\u00e9m orienta\u00e7\u00f5es sobre as atribui\u00e7\u00f5es e atua\u00e7\u00e3o do Controlador, do Operador e do Encarregado, bem como da Autoridade Nacional de Prote\u00e7\u00e3o de Dados (ANPD) e versa, ainda, sobre os direitos fundamentais dos(as) cidad\u00e3os(\u00e3s) titulares dos dados, aborda hip\u00f3teses de tratamento dos dados e sua realiza\u00e7\u00e3o, indica o ciclo de vida do tratamento dos dados pessoais e apresenta boas pr\u00e1ticas em seguran\u00e7a da informa\u00e7\u00e3o.<\/p>\n<p><strong>DECRETO 1284\/2023<\/strong><\/p>\n<a href=\"https:\/\/iporanga.sp.gov.br\/site3\/wp-content\/uploads\/2023\/03\/Decreto-n\u00b0-1284-2023-REGULAMENTA-A-LGPD.pdf\" class=\"pdfemb-viewer\" style=\"\" data-width=\"max\" data-height=\"max\"  data-toolbar=\"bottom\" data-toolbar-fixed=\"off\">Decreto n\u00b0 1284-2023 \u2013 REGULAMENTA A LGPD<br\/><\/a>\n<p><strong>PORTARIA 07\/2023<\/strong><\/p>\n<a href=\"https:\/\/iporanga.sp.gov.br\/site3\/wp-content\/uploads\/2023\/03\/Port.2023-007-Reponsavel-pela-alimentacao-de-dados-da-LGPD.pdf\" class=\"pdfemb-viewer\" style=\"\" data-width=\"max\" data-height=\"max\"  data-toolbar=\"bottom\" data-toolbar-fixed=\"off\">Port.2023-007 -Repons\u00e1vel pela alimenta\u00e7\u00e3o de dados da LGPD<br\/><\/a>\n<\/div>\n<\/div>\n<\/div>\n<\/div>\n<\/div>\n","protected":false},"excerpt":{"rendered":"<p>Lei Geral de Prote\u00e7\u00e3o de Dados Pessoais (LGPD) A\u00a0Lei Geral de Prote\u00e7\u00e3o de Dados Pessoais (LGPD), Lei n\u00b0 13.709\/2018, foi promulgada para proteger os direitos fundamentais de liberdade e de privacidade e a livre forma\u00e7\u00e3o da personalidade de cada indiv\u00edduo. A Lei fala sobre o tratamento de dados pessoais, dispostos em meio f\u00edsico ou digital, [&hellip;]<\/p>\n","protected":false},"author":1,"featured_media":0,"parent":0,"menu_order":0,"comment_status":"closed","ping_status":"closed","template":"","meta":{"footnotes":""},"class_list":["post-828","page","type-page","status-publish","hentry"],"yoast_head":"<!-- This site is optimized with the Yoast SEO plugin v17.5 - https:\/\/yoast.com\/wordpress\/plugins\/seo\/ -->\n<title>LGPD - Lei Geral de Prote\u00e7\u00e3o de Dados - Iporanga<\/title>\n<meta name=\"robots\" content=\"noindex, follow\" \/>\n<meta property=\"og:locale\" content=\"pt_PT\" \/>\n<meta property=\"og:type\" content=\"article\" \/>\n<meta property=\"og:title\" content=\"LGPD - Lei Geral de Prote\u00e7\u00e3o de Dados - Iporanga\" \/>\n<meta property=\"og:description\" content=\"Lei Geral de Prote\u00e7\u00e3o de Dados Pessoais (LGPD) A\u00a0Lei Geral de Prote\u00e7\u00e3o de Dados Pessoais (LGPD), Lei n\u00b0 13.709\/2018, foi promulgada para proteger os direitos fundamentais de liberdade e de privacidade e a livre forma\u00e7\u00e3o da personalidade de cada indiv\u00edduo. A Lei fala sobre o tratamento de dados pessoais, dispostos em meio f\u00edsico ou digital, [&hellip;]\" \/>\n<meta property=\"og:url\" content=\"https:\/\/iporanga.sp.gov.br\/site3\/lgpd-lei-geral-de-protecao-de-dados\/\" \/>\n<meta property=\"og:site_name\" content=\"Iporanga\" \/>\n<meta property=\"article:publisher\" content=\"https:\/\/www.facebook.com\/Iporanga.Mun\" \/>\n<meta property=\"article:modified_time\" content=\"2023-03-03T13:14:14+00:00\" \/>\n<meta name=\"twitter:card\" content=\"summary_large_image\" \/>\n<meta name=\"twitter:label1\" content=\"Tempo estimado de leitura\" \/>\n\t<meta name=\"twitter:data1\" content=\"3 minutos\" \/>\n<script type=\"application\/ld+json\" class=\"yoast-schema-graph\">{\"@context\":\"https:\/\/schema.org\",\"@graph\":[{\"@type\":\"Organization\",\"@id\":\"https:\/\/iporanga.sp.gov.br\/site3\/#organization\",\"name\":\"Prefeitura Municipal de Iporanga\",\"url\":\"https:\/\/iporanga.sp.gov.br\/site3\/\",\"sameAs\":[\"https:\/\/www.facebook.com\/Iporanga.Mun\",\"https:\/\/www.youtube.com\/channel\/UCv-QJdlwebmOv0gsbdTZfpg\",\"https:\/\/pt.wikipedia.org\/wiki\/Iporanga\"],\"logo\":{\"@type\":\"ImageObject\",\"@id\":\"https:\/\/iporanga.sp.gov.br\/site3\/#logo\",\"inLanguage\":\"pt-PT\",\"url\":\"https:\/\/iporanga.sp.gov.br\/site3\/wp-content\/uploads\/2021\/03\/cropped-brasao_iporanga.png\",\"contentUrl\":\"https:\/\/iporanga.sp.gov.br\/site3\/wp-content\/uploads\/2021\/03\/cropped-brasao_iporanga.png\",\"width\":512,\"height\":512,\"caption\":\"Prefeitura Municipal de Iporanga\"},\"image\":{\"@id\":\"https:\/\/iporanga.sp.gov.br\/site3\/#logo\"}},{\"@type\":\"WebSite\",\"@id\":\"https:\/\/iporanga.sp.gov.br\/site3\/#website\",\"url\":\"https:\/\/iporanga.sp.gov.br\/site3\/\",\"name\":\"Iporanga\",\"description\":\"Munic\\u00edpio de Interesse Tur\\u00edstico | Capital das Cavernas\",\"publisher\":{\"@id\":\"https:\/\/iporanga.sp.gov.br\/site3\/#organization\"},\"potentialAction\":[{\"@type\":\"SearchAction\",\"target\":{\"@type\":\"EntryPoint\",\"urlTemplate\":\"https:\/\/iporanga.sp.gov.br\/site3\/?s={search_term_string}\"},\"query-input\":\"required name=search_term_string\"}],\"inLanguage\":\"pt-PT\"},{\"@type\":\"WebPage\",\"@id\":\"https:\/\/iporanga.sp.gov.br\/site3\/lgpd-lei-geral-de-protecao-de-dados\/#webpage\",\"url\":\"https:\/\/iporanga.sp.gov.br\/site3\/lgpd-lei-geral-de-protecao-de-dados\/\",\"name\":\"LGPD - Lei Geral de Prote\\u00e7\\u00e3o de Dados - Iporanga\",\"isPartOf\":{\"@id\":\"https:\/\/iporanga.sp.gov.br\/site3\/#website\"},\"datePublished\":\"2023-02-28T18:16:11+00:00\",\"dateModified\":\"2023-03-03T13:14:14+00:00\",\"breadcrumb\":{\"@id\":\"https:\/\/iporanga.sp.gov.br\/site3\/lgpd-lei-geral-de-protecao-de-dados\/#breadcrumb\"},\"inLanguage\":\"pt-PT\",\"potentialAction\":[{\"@type\":\"ReadAction\",\"target\":[\"https:\/\/iporanga.sp.gov.br\/site3\/lgpd-lei-geral-de-protecao-de-dados\/\"]}]},{\"@type\":\"BreadcrumbList\",\"@id\":\"https:\/\/iporanga.sp.gov.br\/site3\/lgpd-lei-geral-de-protecao-de-dados\/#breadcrumb\",\"itemListElement\":[{\"@type\":\"ListItem\",\"position\":1,\"name\":\"In\\u00edcio\",\"item\":\"https:\/\/iporanga.sp.gov.br\/site3\/\"},{\"@type\":\"ListItem\",\"position\":2,\"name\":\"LGPD &#8211; Lei Geral de Prote\\u00e7\\u00e3o de Dados\"}]}]}<\/script>\n<!-- \/ Yoast SEO plugin. -->","yoast_head_json":{"title":"LGPD - Lei Geral de Prote\u00e7\u00e3o de Dados - Iporanga","robots":{"index":"noindex","follow":"follow"},"og_locale":"pt_PT","og_type":"article","og_title":"LGPD - Lei Geral de Prote\u00e7\u00e3o de Dados - Iporanga","og_description":"Lei Geral de Prote\u00e7\u00e3o de Dados Pessoais (LGPD) A\u00a0Lei Geral de Prote\u00e7\u00e3o de Dados Pessoais (LGPD), Lei n\u00b0 13.709\/2018, foi promulgada para proteger os direitos fundamentais de liberdade e de privacidade e a livre forma\u00e7\u00e3o da personalidade de cada indiv\u00edduo. A Lei fala sobre o tratamento de dados pessoais, dispostos em meio f\u00edsico ou digital, [&hellip;]","og_url":"https:\/\/iporanga.sp.gov.br\/site3\/lgpd-lei-geral-de-protecao-de-dados\/","og_site_name":"Iporanga","article_publisher":"https:\/\/www.facebook.com\/Iporanga.Mun","article_modified_time":"2023-03-03T13:14:14+00:00","twitter_card":"summary_large_image","twitter_misc":{"Tempo estimado de leitura":"3 minutos"},"schema":{"@context":"https:\/\/schema.org","@graph":[{"@type":"Organization","@id":"https:\/\/iporanga.sp.gov.br\/site3\/#organization","name":"Prefeitura Municipal de Iporanga","url":"https:\/\/iporanga.sp.gov.br\/site3\/","sameAs":["https:\/\/www.facebook.com\/Iporanga.Mun","https:\/\/www.youtube.com\/channel\/UCv-QJdlwebmOv0gsbdTZfpg","https:\/\/pt.wikipedia.org\/wiki\/Iporanga"],"logo":{"@type":"ImageObject","@id":"https:\/\/iporanga.sp.gov.br\/site3\/#logo","inLanguage":"pt-PT","url":"https:\/\/iporanga.sp.gov.br\/site3\/wp-content\/uploads\/2021\/03\/cropped-brasao_iporanga.png","contentUrl":"https:\/\/iporanga.sp.gov.br\/site3\/wp-content\/uploads\/2021\/03\/cropped-brasao_iporanga.png","width":512,"height":512,"caption":"Prefeitura Municipal de Iporanga"},"image":{"@id":"https:\/\/iporanga.sp.gov.br\/site3\/#logo"}},{"@type":"WebSite","@id":"https:\/\/iporanga.sp.gov.br\/site3\/#website","url":"https:\/\/iporanga.sp.gov.br\/site3\/","name":"Iporanga","description":"Munic\u00edpio de Interesse Tur\u00edstico | Capital das Cavernas","publisher":{"@id":"https:\/\/iporanga.sp.gov.br\/site3\/#organization"},"potentialAction":[{"@type":"SearchAction","target":{"@type":"EntryPoint","urlTemplate":"https:\/\/iporanga.sp.gov.br\/site3\/?s={search_term_string}"},"query-input":"required name=search_term_string"}],"inLanguage":"pt-PT"},{"@type":"WebPage","@id":"https:\/\/iporanga.sp.gov.br\/site3\/lgpd-lei-geral-de-protecao-de-dados\/#webpage","url":"https:\/\/iporanga.sp.gov.br\/site3\/lgpd-lei-geral-de-protecao-de-dados\/","name":"LGPD - Lei Geral de Prote\u00e7\u00e3o de Dados - Iporanga","isPartOf":{"@id":"https:\/\/iporanga.sp.gov.br\/site3\/#website"},"datePublished":"2023-02-28T18:16:11+00:00","dateModified":"2023-03-03T13:14:14+00:00","breadcrumb":{"@id":"https:\/\/iporanga.sp.gov.br\/site3\/lgpd-lei-geral-de-protecao-de-dados\/#breadcrumb"},"inLanguage":"pt-PT","potentialAction":[{"@type":"ReadAction","target":["https:\/\/iporanga.sp.gov.br\/site3\/lgpd-lei-geral-de-protecao-de-dados\/"]}]},{"@type":"BreadcrumbList","@id":"https:\/\/iporanga.sp.gov.br\/site3\/lgpd-lei-geral-de-protecao-de-dados\/#breadcrumb","itemListElement":[{"@type":"ListItem","position":1,"name":"In\u00edcio","item":"https:\/\/iporanga.sp.gov.br\/site3\/"},{"@type":"ListItem","position":2,"name":"LGPD &#8211; Lei Geral de Prote\u00e7\u00e3o de Dados"}]}]}},"_links":{"self":[{"href":"https:\/\/iporanga.sp.gov.br\/site3\/wp-json\/wp\/v2\/pages\/828","targetHints":{"allow":["GET"]}}],"collection":[{"href":"https:\/\/iporanga.sp.gov.br\/site3\/wp-json\/wp\/v2\/pages"}],"about":[{"href":"https:\/\/iporanga.sp.gov.br\/site3\/wp-json\/wp\/v2\/types\/page"}],"author":[{"embeddable":true,"href":"https:\/\/iporanga.sp.gov.br\/site3\/wp-json\/wp\/v2\/users\/1"}],"replies":[{"embeddable":true,"href":"https:\/\/iporanga.sp.gov.br\/site3\/wp-json\/wp\/v2\/comments?post=828"}],"version-history":[{"count":4,"href":"https:\/\/iporanga.sp.gov.br\/site3\/wp-json\/wp\/v2\/pages\/828\/revisions"}],"predecessor-version":[{"id":841,"href":"https:\/\/iporanga.sp.gov.br\/site3\/wp-json\/wp\/v2\/pages\/828\/revisions\/841"}],"wp:attachment":[{"href":"https:\/\/iporanga.sp.gov.br\/site3\/wp-json\/wp\/v2\/media?parent=828"}],"curies":[{"name":"wp","href":"https:\/\/api.w.org\/{rel}","templated":true}]}}