{"id":791,"date":"2023-01-17T11:07:56","date_gmt":"2023-01-17T11:07:56","guid":{"rendered":"https:\/\/iporanga.sp.gov.br\/site3\/?page_id=791"},"modified":"2023-01-17T11:11:28","modified_gmt":"2023-01-17T11:11:28","slug":"terceiro-setor","status":"publish","type":"page","link":"https:\/\/iporanga.sp.gov.br\/site3\/terceiro-setor\/","title":{"rendered":"Terceiro Setor"},"content":{"rendered":"<p><b>Terceiro setor<\/b>\u00a0\u00e9 uma terminologia\u00a0sociol\u00f3gica\u00a0que d\u00e1 significado a todas as iniciativas privadas de utilidade p\u00fablica com origem na\u00a0sociedade civil.\u00a0De um modo mais simplificado o terceiro setor \u00e9 o conjunto de entidades da sociedade civil com fins p\u00fablicos e n\u00e3o lucrativos, conservados pela \u00eanfase na participa\u00e7\u00e3o volunt\u00e1ria em \u00e2mbito n\u00e3o governamental. (fonte Wikipedia)<\/p>\n<p>Lista de Entidades do Terceiro Setor conveniadas com o Munic\u00edpio de Iporanga:<\/p>\n<ul>\n<li><a href=\"https:\/\/drive.google.com\/drive\/folders\/15wIIBZLmM46Nd51-ZDcWQY6GIZMOC3pm?usp=share_link\">Associa\u00e7\u00e3o da Terceira Idade de Iporanga<\/a><\/li>\n<li><a href=\"https:\/\/drive.google.com\/drive\/folders\/1vSpV013th5oi4BdyFAuXTDtvtcj-xjye?usp=share_link\">Lar Fraterno S\u00e3o Vicente de Paula<\/a><\/li>\n<li><a href=\"https:\/\/drive.google.com\/drive\/folders\/10MnQtaVEGOxm9VRzA6Pr0OocGb8j1U1_?usp=share_link\">Instituto Santa Dulce<\/a><\/li>\n<\/ul>\n","protected":false},"excerpt":{"rendered":"<p>Terceiro setor\u00a0\u00e9 uma terminologia\u00a0sociol\u00f3gica\u00a0que d\u00e1 significado a todas as iniciativas privadas de utilidade p\u00fablica com origem na\u00a0sociedade civil.\u00a0De um modo mais simplificado o terceiro setor \u00e9 o conjunto de entidades da sociedade civil com fins p\u00fablicos e n\u00e3o lucrativos, conservados pela \u00eanfase na participa\u00e7\u00e3o volunt\u00e1ria em \u00e2mbito n\u00e3o governamental. (fonte Wikipedia) Lista de Entidades do [&hellip;]<\/p>\n","protected":false},"author":1,"featured_media":0,"parent":0,"menu_order":0,"comment_status":"closed","ping_status":"closed","template":"","meta":{"footnotes":""},"class_list":["post-791","page","type-page","status-publish","hentry"],"yoast_head":"<!-- This site is optimized with the Yoast SEO plugin v17.5 - https:\/\/yoast.com\/wordpress\/plugins\/seo\/ -->\n<title>Terceiro Setor - Iporanga<\/title>\n<meta name=\"robots\" content=\"noindex, follow\" \/>\n<meta property=\"og:locale\" content=\"pt_PT\" \/>\n<meta property=\"og:type\" content=\"article\" \/>\n<meta property=\"og:title\" content=\"Terceiro Setor - Iporanga\" \/>\n<meta property=\"og:description\" content=\"Terceiro setor\u00a0\u00e9 uma terminologia\u00a0sociol\u00f3gica\u00a0que d\u00e1 significado a todas as iniciativas privadas de utilidade p\u00fablica com origem na\u00a0sociedade civil.\u00a0De um modo mais simplificado o terceiro setor \u00e9 o conjunto de entidades da sociedade civil com fins p\u00fablicos e n\u00e3o lucrativos, conservados pela \u00eanfase na participa\u00e7\u00e3o volunt\u00e1ria em \u00e2mbito n\u00e3o governamental. (fonte Wikipedia) Lista de Entidades do [&hellip;]\" \/>\n<meta property=\"og:url\" content=\"https:\/\/iporanga.sp.gov.br\/site3\/terceiro-setor\/\" \/>\n<meta property=\"og:site_name\" content=\"Iporanga\" \/>\n<meta property=\"article:publisher\" content=\"https:\/\/www.facebook.com\/Iporanga.Mun\" \/>\n<meta property=\"article:modified_time\" content=\"2023-01-17T11:11:28+00:00\" \/>\n<meta name=\"twitter:card\" content=\"summary_large_image\" \/>\n<meta name=\"twitter:label1\" content=\"Tempo estimado de leitura\" \/>\n\t<meta name=\"twitter:data1\" content=\"1 minuto\" \/>\n<script type=\"application\/ld+json\" class=\"yoast-schema-graph\">{\"@context\":\"https:\/\/schema.org\",\"@graph\":[{\"@type\":\"Organization\",\"@id\":\"https:\/\/iporanga.sp.gov.br\/site3\/#organization\",\"name\":\"Prefeitura Municipal de Iporanga\",\"url\":\"https:\/\/iporanga.sp.gov.br\/site3\/\",\"sameAs\":[\"https:\/\/www.facebook.com\/Iporanga.Mun\",\"https:\/\/www.youtube.com\/channel\/UCv-QJdlwebmOv0gsbdTZfpg\",\"https:\/\/pt.wikipedia.org\/wiki\/Iporanga\"],\"logo\":{\"@type\":\"ImageObject\",\"@id\":\"https:\/\/iporanga.sp.gov.br\/site3\/#logo\",\"inLanguage\":\"pt-PT\",\"url\":\"https:\/\/iporanga.sp.gov.br\/site3\/wp-content\/uploads\/2021\/03\/cropped-brasao_iporanga.png\",\"contentUrl\":\"https:\/\/iporanga.sp.gov.br\/site3\/wp-content\/uploads\/2021\/03\/cropped-brasao_iporanga.png\",\"width\":512,\"height\":512,\"caption\":\"Prefeitura Municipal de Iporanga\"},\"image\":{\"@id\":\"https:\/\/iporanga.sp.gov.br\/site3\/#logo\"}},{\"@type\":\"WebSite\",\"@id\":\"https:\/\/iporanga.sp.gov.br\/site3\/#website\",\"url\":\"https:\/\/iporanga.sp.gov.br\/site3\/\",\"name\":\"Iporanga\",\"description\":\"Munic\\u00edpio de Interesse Tur\\u00edstico | Capital das Cavernas\",\"publisher\":{\"@id\":\"https:\/\/iporanga.sp.gov.br\/site3\/#organization\"},\"potentialAction\":[{\"@type\":\"SearchAction\",\"target\":{\"@type\":\"EntryPoint\",\"urlTemplate\":\"https:\/\/iporanga.sp.gov.br\/site3\/?s={search_term_string}\"},\"query-input\":\"required name=search_term_string\"}],\"inLanguage\":\"pt-PT\"},{\"@type\":\"WebPage\",\"@id\":\"https:\/\/iporanga.sp.gov.br\/site3\/terceiro-setor\/#webpage\",\"url\":\"https:\/\/iporanga.sp.gov.br\/site3\/terceiro-setor\/\",\"name\":\"Terceiro Setor - Iporanga\",\"isPartOf\":{\"@id\":\"https:\/\/iporanga.sp.gov.br\/site3\/#website\"},\"datePublished\":\"2023-01-17T11:07:56+00:00\",\"dateModified\":\"2023-01-17T11:11:28+00:00\",\"breadcrumb\":{\"@id\":\"https:\/\/iporanga.sp.gov.br\/site3\/terceiro-setor\/#breadcrumb\"},\"inLanguage\":\"pt-PT\",\"potentialAction\":[{\"@type\":\"ReadAction\",\"target\":[\"https:\/\/iporanga.sp.gov.br\/site3\/terceiro-setor\/\"]}]},{\"@type\":\"BreadcrumbList\",\"@id\":\"https:\/\/iporanga.sp.gov.br\/site3\/terceiro-setor\/#breadcrumb\",\"itemListElement\":[{\"@type\":\"ListItem\",\"position\":1,\"name\":\"In\\u00edcio\",\"item\":\"https:\/\/iporanga.sp.gov.br\/site3\/\"},{\"@type\":\"ListItem\",\"position\":2,\"name\":\"Terceiro Setor\"}]}]}<\/script>\n<!-- \/ Yoast SEO plugin. -->","yoast_head_json":{"title":"Terceiro Setor - Iporanga","robots":{"index":"noindex","follow":"follow"},"og_locale":"pt_PT","og_type":"article","og_title":"Terceiro Setor - Iporanga","og_description":"Terceiro setor\u00a0\u00e9 uma terminologia\u00a0sociol\u00f3gica\u00a0que d\u00e1 significado a todas as iniciativas privadas de utilidade p\u00fablica com origem na\u00a0sociedade civil.\u00a0De um modo mais simplificado o terceiro setor \u00e9 o conjunto de entidades da sociedade civil com fins p\u00fablicos e n\u00e3o lucrativos, conservados pela \u00eanfase na participa\u00e7\u00e3o volunt\u00e1ria em \u00e2mbito n\u00e3o governamental. (fonte Wikipedia) Lista de Entidades do [&hellip;]","og_url":"https:\/\/iporanga.sp.gov.br\/site3\/terceiro-setor\/","og_site_name":"Iporanga","article_publisher":"https:\/\/www.facebook.com\/Iporanga.Mun","article_modified_time":"2023-01-17T11:11:28+00:00","twitter_card":"summary_large_image","twitter_misc":{"Tempo estimado de leitura":"1 minuto"},"schema":{"@context":"https:\/\/schema.org","@graph":[{"@type":"Organization","@id":"https:\/\/iporanga.sp.gov.br\/site3\/#organization","name":"Prefeitura Municipal de Iporanga","url":"https:\/\/iporanga.sp.gov.br\/site3\/","sameAs":["https:\/\/www.facebook.com\/Iporanga.Mun","https:\/\/www.youtube.com\/channel\/UCv-QJdlwebmOv0gsbdTZfpg","https:\/\/pt.wikipedia.org\/wiki\/Iporanga"],"logo":{"@type":"ImageObject","@id":"https:\/\/iporanga.sp.gov.br\/site3\/#logo","inLanguage":"pt-PT","url":"https:\/\/iporanga.sp.gov.br\/site3\/wp-content\/uploads\/2021\/03\/cropped-brasao_iporanga.png","contentUrl":"https:\/\/iporanga.sp.gov.br\/site3\/wp-content\/uploads\/2021\/03\/cropped-brasao_iporanga.png","width":512,"height":512,"caption":"Prefeitura Municipal de Iporanga"},"image":{"@id":"https:\/\/iporanga.sp.gov.br\/site3\/#logo"}},{"@type":"WebSite","@id":"https:\/\/iporanga.sp.gov.br\/site3\/#website","url":"https:\/\/iporanga.sp.gov.br\/site3\/","name":"Iporanga","description":"Munic\u00edpio de Interesse Tur\u00edstico | Capital das Cavernas","publisher":{"@id":"https:\/\/iporanga.sp.gov.br\/site3\/#organization"},"potentialAction":[{"@type":"SearchAction","target":{"@type":"EntryPoint","urlTemplate":"https:\/\/iporanga.sp.gov.br\/site3\/?s={search_term_string}"},"query-input":"required name=search_term_string"}],"inLanguage":"pt-PT"},{"@type":"WebPage","@id":"https:\/\/iporanga.sp.gov.br\/site3\/terceiro-setor\/#webpage","url":"https:\/\/iporanga.sp.gov.br\/site3\/terceiro-setor\/","name":"Terceiro Setor - Iporanga","isPartOf":{"@id":"https:\/\/iporanga.sp.gov.br\/site3\/#website"},"datePublished":"2023-01-17T11:07:56+00:00","dateModified":"2023-01-17T11:11:28+00:00","breadcrumb":{"@id":"https:\/\/iporanga.sp.gov.br\/site3\/terceiro-setor\/#breadcrumb"},"inLanguage":"pt-PT","potentialAction":[{"@type":"ReadAction","target":["https:\/\/iporanga.sp.gov.br\/site3\/terceiro-setor\/"]}]},{"@type":"BreadcrumbList","@id":"https:\/\/iporanga.sp.gov.br\/site3\/terceiro-setor\/#breadcrumb","itemListElement":[{"@type":"ListItem","position":1,"name":"In\u00edcio","item":"https:\/\/iporanga.sp.gov.br\/site3\/"},{"@type":"ListItem","position":2,"name":"Terceiro Setor"}]}]}},"_links":{"self":[{"href":"https:\/\/iporanga.sp.gov.br\/site3\/wp-json\/wp\/v2\/pages\/791","targetHints":{"allow":["GET"]}}],"collection":[{"href":"https:\/\/iporanga.sp.gov.br\/site3\/wp-json\/wp\/v2\/pages"}],"about":[{"href":"https:\/\/iporanga.sp.gov.br\/site3\/wp-json\/wp\/v2\/types\/page"}],"author":[{"embeddable":true,"href":"https:\/\/iporanga.sp.gov.br\/site3\/wp-json\/wp\/v2\/users\/1"}],"replies":[{"embeddable":true,"href":"https:\/\/iporanga.sp.gov.br\/site3\/wp-json\/wp\/v2\/comments?post=791"}],"version-history":[{"count":1,"href":"https:\/\/iporanga.sp.gov.br\/site3\/wp-json\/wp\/v2\/pages\/791\/revisions"}],"predecessor-version":[{"id":792,"href":"https:\/\/iporanga.sp.gov.br\/site3\/wp-json\/wp\/v2\/pages\/791\/revisions\/792"}],"wp:attachment":[{"href":"https:\/\/iporanga.sp.gov.br\/site3\/wp-json\/wp\/v2\/media?parent=791"}],"curies":[{"name":"wp","href":"https:\/\/api.w.org\/{rel}","templated":true}]}}