{"id":777,"date":"2022-12-22T19:01:50","date_gmt":"2022-12-22T19:01:50","guid":{"rendered":"https:\/\/iporanga.sp.gov.br\/site3\/?page_id=777"},"modified":"2022-12-22T19:02:29","modified_gmt":"2022-12-22T19:02:29","slug":"carta-de-servicos-aos-usuarios-meio-ambiente","status":"publish","type":"page","link":"https:\/\/iporanga.sp.gov.br\/site3\/carta-de-servicos-aos-usuarios-meio-ambiente\/","title":{"rendered":"Carta de Servi\u00e7os aos Usu\u00e1rios \u2013 MEIO AMBIENTE"},"content":{"rendered":"<table>\n<tbody>\n<tr>\n<td width=\"121\"><strong>1 &#8211; Servi\u00e7o<\/strong><\/td>\n<td width=\"559\"><strong>Coleta de Lixo<\/strong><\/td>\n<\/tr>\n<tr>\n<td width=\"121\"><strong>\u00a0<\/strong><\/p>\n<p><strong>\u00a0<\/strong><\/p>\n<p><strong>Descri\u00e7\u00e3o<\/strong><\/td>\n<td width=\"559\">Coleta de Res\u00edduos S\u00f3lidos e de recicl\u00e1veis.<\/td>\n<\/tr>\n<tr>\n<td width=\"121\"><strong>P\u00fablico Alvo:<\/strong><\/td>\n<td width=\"559\">\u00a0Domic\u00edlio.<\/p>\n<p>&nbsp;<\/td>\n<\/tr>\n<tr>\n<td width=\"121\"><strong>Requisitos Necess\u00e1rios:<\/strong><\/td>\n<td width=\"559\">Separa\u00e7\u00e3o correta dos lixos (recicl\u00e1veis e n\u00e3o recicl\u00e1veis)<\/td>\n<\/tr>\n<tr>\n<td width=\"121\"><strong>\u00a0<\/strong><\/p>\n<p><strong>\u00a0<\/strong><\/p>\n<p><strong>Documentos<\/strong><\/p>\n<p><strong>Necess\u00e1rios:<\/strong><\/td>\n<td width=\"559\">N\u00e3o h\u00e1;<\/td>\n<\/tr>\n<tr>\n<td width=\"121\"><strong>\u00a0<\/strong><\/p>\n<p><strong>Etapas do Processo:<\/strong><\/td>\n<td width=\"559\">Separar o lixo comum do lixo recicl\u00e1vel e disp\u00f2-los nas lixeiras em frente aos domic\u00edlios, nos dias espec\u00edficos da coleta.<\/td>\n<\/tr>\n<tr>\n<td width=\"121\"><strong>Prazo para presta\u00e7\u00e3o do servi\u00e7o<\/strong><\/td>\n<td width=\"559\">Conforme Cronograma.<\/td>\n<\/tr>\n<tr>\n<td width=\"121\"><strong>Acesso ao servi\u00e7o:<\/strong><\/td>\n<td width=\"559\">(\u00a0\u00a0 )Presencial\u00a0\u00a0 (\u00a0\u00a0 )Online<\/td>\n<\/tr>\n<tr>\n<td width=\"121\"><strong>Taxa:<\/strong><\/td>\n<td width=\"559\">(\u00a0\u00a0 )Sim\u00a0\u00a0 ( x\u00a0 )N\u00e3o<\/td>\n<\/tr>\n<tr>\n<td width=\"121\"><strong>Data de Atendimento:<\/strong><\/td>\n<td width=\"559\"><strong>Lixo Comum:<\/strong><\/p>\n<p>Segunda-feira \u2013 Serra e Betari (Manh\u00e3) e Ribeir\u00e3o e Andorinhas (Tarde \u2013 A cada 15 dias).<\/p>\n<p>Ter\u00e7a-Feira \u2013 Centro da Cidade e bairro Ba\u00fa\/Tudo (Manh\u00e3)<\/p>\n<p>Quinta-feira \u2013 Serra e Betari (Manh\u00e3) e Nhunguara e Castelhano (Tarde)<\/p>\n<p>Sexta-feira \u2013 Centro da Cidade e Bairro Ba\u00fa\/Tudo (Manh\u00e3).<\/p>\n<p><strong>Lixo Recicl\u00e1vel:<\/strong><\/p>\n<p>Quarta-feira \u2013 Reciclado Centro, Ba\u00fa-Tudo (Manh\u00e3) e Serra e Betari (Tarde)<\/p>\n<p>Sexta-feira \u2013 \u00daltima sexta-feira do m\u00eas, reciclado no bairro Ribeir\u00e3o (Tarde)<\/td>\n<\/tr>\n<tr>\n<td width=\"121\"><strong>Telefone:<\/strong><\/td>\n<td width=\"559\">(15) 3656-9830<\/td>\n<\/tr>\n<tr>\n<td width=\"121\"><strong>E-mail:<\/strong><\/td>\n<td width=\"559\">meioambiente@iporanga.sp.gov.br<\/td>\n<\/tr>\n<\/tbody>\n<\/table>\n","protected":false},"excerpt":{"rendered":"<p>1 &#8211; Servi\u00e7o Coleta de Lixo \u00a0 \u00a0 Descri\u00e7\u00e3o Coleta de Res\u00edduos S\u00f3lidos e de recicl\u00e1veis. P\u00fablico Alvo: \u00a0Domic\u00edlio. &nbsp; Requisitos Necess\u00e1rios: Separa\u00e7\u00e3o correta dos lixos (recicl\u00e1veis e n\u00e3o recicl\u00e1veis) \u00a0 \u00a0 Documentos Necess\u00e1rios: N\u00e3o h\u00e1; \u00a0 Etapas do Processo: Separar o lixo comum do lixo recicl\u00e1vel e disp\u00f2-los nas lixeiras em frente aos domic\u00edlios, [&hellip;]<\/p>\n","protected":false},"author":1,"featured_media":0,"parent":0,"menu_order":0,"comment_status":"closed","ping_status":"closed","template":"","meta":{"footnotes":""},"class_list":["post-777","page","type-page","status-publish","hentry"],"yoast_head":"<!-- This site is optimized with the Yoast SEO plugin v17.5 - https:\/\/yoast.com\/wordpress\/plugins\/seo\/ -->\n<title>Carta de Servi\u00e7os aos Usu\u00e1rios \u2013 MEIO AMBIENTE - Iporanga<\/title>\n<meta name=\"robots\" content=\"noindex, follow\" \/>\n<meta property=\"og:locale\" content=\"pt_PT\" \/>\n<meta property=\"og:type\" content=\"article\" \/>\n<meta property=\"og:title\" content=\"Carta de Servi\u00e7os aos Usu\u00e1rios \u2013 MEIO AMBIENTE - Iporanga\" \/>\n<meta property=\"og:description\" content=\"1 &#8211; Servi\u00e7o Coleta de Lixo \u00a0 \u00a0 Descri\u00e7\u00e3o Coleta de Res\u00edduos S\u00f3lidos e de recicl\u00e1veis. P\u00fablico Alvo: \u00a0Domic\u00edlio. &nbsp; Requisitos Necess\u00e1rios: Separa\u00e7\u00e3o correta dos lixos (recicl\u00e1veis e n\u00e3o recicl\u00e1veis) \u00a0 \u00a0 Documentos Necess\u00e1rios: N\u00e3o h\u00e1; \u00a0 Etapas do Processo: Separar o lixo comum do lixo recicl\u00e1vel e disp\u00f2-los nas lixeiras em frente aos domic\u00edlios, [&hellip;]\" \/>\n<meta property=\"og:url\" content=\"https:\/\/iporanga.sp.gov.br\/site3\/carta-de-servicos-aos-usuarios-meio-ambiente\/\" \/>\n<meta property=\"og:site_name\" content=\"Iporanga\" \/>\n<meta property=\"article:publisher\" content=\"https:\/\/www.facebook.com\/Iporanga.Mun\" \/>\n<meta property=\"article:modified_time\" content=\"2022-12-22T19:02:29+00:00\" \/>\n<meta name=\"twitter:card\" content=\"summary_large_image\" \/>\n<meta name=\"twitter:label1\" content=\"Tempo estimado de leitura\" \/>\n\t<meta name=\"twitter:data1\" content=\"1 minuto\" \/>\n<script type=\"application\/ld+json\" class=\"yoast-schema-graph\">{\"@context\":\"https:\/\/schema.org\",\"@graph\":[{\"@type\":\"Organization\",\"@id\":\"https:\/\/iporanga.sp.gov.br\/site3\/#organization\",\"name\":\"Prefeitura Municipal de Iporanga\",\"url\":\"https:\/\/iporanga.sp.gov.br\/site3\/\",\"sameAs\":[\"https:\/\/www.facebook.com\/Iporanga.Mun\",\"https:\/\/www.youtube.com\/channel\/UCv-QJdlwebmOv0gsbdTZfpg\",\"https:\/\/pt.wikipedia.org\/wiki\/Iporanga\"],\"logo\":{\"@type\":\"ImageObject\",\"@id\":\"https:\/\/iporanga.sp.gov.br\/site3\/#logo\",\"inLanguage\":\"pt-PT\",\"url\":\"https:\/\/iporanga.sp.gov.br\/site3\/wp-content\/uploads\/2021\/03\/cropped-brasao_iporanga.png\",\"contentUrl\":\"https:\/\/iporanga.sp.gov.br\/site3\/wp-content\/uploads\/2021\/03\/cropped-brasao_iporanga.png\",\"width\":512,\"height\":512,\"caption\":\"Prefeitura Municipal de Iporanga\"},\"image\":{\"@id\":\"https:\/\/iporanga.sp.gov.br\/site3\/#logo\"}},{\"@type\":\"WebSite\",\"@id\":\"https:\/\/iporanga.sp.gov.br\/site3\/#website\",\"url\":\"https:\/\/iporanga.sp.gov.br\/site3\/\",\"name\":\"Iporanga\",\"description\":\"Munic\\u00edpio de Interesse Tur\\u00edstico | Capital das Cavernas\",\"publisher\":{\"@id\":\"https:\/\/iporanga.sp.gov.br\/site3\/#organization\"},\"potentialAction\":[{\"@type\":\"SearchAction\",\"target\":{\"@type\":\"EntryPoint\",\"urlTemplate\":\"https:\/\/iporanga.sp.gov.br\/site3\/?s={search_term_string}\"},\"query-input\":\"required name=search_term_string\"}],\"inLanguage\":\"pt-PT\"},{\"@type\":\"WebPage\",\"@id\":\"https:\/\/iporanga.sp.gov.br\/site3\/carta-de-servicos-aos-usuarios-meio-ambiente\/#webpage\",\"url\":\"https:\/\/iporanga.sp.gov.br\/site3\/carta-de-servicos-aos-usuarios-meio-ambiente\/\",\"name\":\"Carta de Servi\\u00e7os aos Usu\\u00e1rios \\u2013 MEIO AMBIENTE - Iporanga\",\"isPartOf\":{\"@id\":\"https:\/\/iporanga.sp.gov.br\/site3\/#website\"},\"datePublished\":\"2022-12-22T19:01:50+00:00\",\"dateModified\":\"2022-12-22T19:02:29+00:00\",\"breadcrumb\":{\"@id\":\"https:\/\/iporanga.sp.gov.br\/site3\/carta-de-servicos-aos-usuarios-meio-ambiente\/#breadcrumb\"},\"inLanguage\":\"pt-PT\",\"potentialAction\":[{\"@type\":\"ReadAction\",\"target\":[\"https:\/\/iporanga.sp.gov.br\/site3\/carta-de-servicos-aos-usuarios-meio-ambiente\/\"]}]},{\"@type\":\"BreadcrumbList\",\"@id\":\"https:\/\/iporanga.sp.gov.br\/site3\/carta-de-servicos-aos-usuarios-meio-ambiente\/#breadcrumb\",\"itemListElement\":[{\"@type\":\"ListItem\",\"position\":1,\"name\":\"In\\u00edcio\",\"item\":\"https:\/\/iporanga.sp.gov.br\/site3\/\"},{\"@type\":\"ListItem\",\"position\":2,\"name\":\"Carta de Servi\\u00e7os aos Usu\\u00e1rios \\u2013 MEIO AMBIENTE\"}]}]}<\/script>\n<!-- \/ Yoast SEO plugin. -->","yoast_head_json":{"title":"Carta de Servi\u00e7os aos Usu\u00e1rios \u2013 MEIO AMBIENTE - Iporanga","robots":{"index":"noindex","follow":"follow"},"og_locale":"pt_PT","og_type":"article","og_title":"Carta de Servi\u00e7os aos Usu\u00e1rios \u2013 MEIO AMBIENTE - Iporanga","og_description":"1 &#8211; Servi\u00e7o Coleta de Lixo \u00a0 \u00a0 Descri\u00e7\u00e3o Coleta de Res\u00edduos S\u00f3lidos e de recicl\u00e1veis. P\u00fablico Alvo: \u00a0Domic\u00edlio. &nbsp; Requisitos Necess\u00e1rios: Separa\u00e7\u00e3o correta dos lixos (recicl\u00e1veis e n\u00e3o recicl\u00e1veis) \u00a0 \u00a0 Documentos Necess\u00e1rios: N\u00e3o h\u00e1; \u00a0 Etapas do Processo: Separar o lixo comum do lixo recicl\u00e1vel e disp\u00f2-los nas lixeiras em frente aos domic\u00edlios, [&hellip;]","og_url":"https:\/\/iporanga.sp.gov.br\/site3\/carta-de-servicos-aos-usuarios-meio-ambiente\/","og_site_name":"Iporanga","article_publisher":"https:\/\/www.facebook.com\/Iporanga.Mun","article_modified_time":"2022-12-22T19:02:29+00:00","twitter_card":"summary_large_image","twitter_misc":{"Tempo estimado de leitura":"1 minuto"},"schema":{"@context":"https:\/\/schema.org","@graph":[{"@type":"Organization","@id":"https:\/\/iporanga.sp.gov.br\/site3\/#organization","name":"Prefeitura Municipal de Iporanga","url":"https:\/\/iporanga.sp.gov.br\/site3\/","sameAs":["https:\/\/www.facebook.com\/Iporanga.Mun","https:\/\/www.youtube.com\/channel\/UCv-QJdlwebmOv0gsbdTZfpg","https:\/\/pt.wikipedia.org\/wiki\/Iporanga"],"logo":{"@type":"ImageObject","@id":"https:\/\/iporanga.sp.gov.br\/site3\/#logo","inLanguage":"pt-PT","url":"https:\/\/iporanga.sp.gov.br\/site3\/wp-content\/uploads\/2021\/03\/cropped-brasao_iporanga.png","contentUrl":"https:\/\/iporanga.sp.gov.br\/site3\/wp-content\/uploads\/2021\/03\/cropped-brasao_iporanga.png","width":512,"height":512,"caption":"Prefeitura Municipal de Iporanga"},"image":{"@id":"https:\/\/iporanga.sp.gov.br\/site3\/#logo"}},{"@type":"WebSite","@id":"https:\/\/iporanga.sp.gov.br\/site3\/#website","url":"https:\/\/iporanga.sp.gov.br\/site3\/","name":"Iporanga","description":"Munic\u00edpio de Interesse Tur\u00edstico | Capital das Cavernas","publisher":{"@id":"https:\/\/iporanga.sp.gov.br\/site3\/#organization"},"potentialAction":[{"@type":"SearchAction","target":{"@type":"EntryPoint","urlTemplate":"https:\/\/iporanga.sp.gov.br\/site3\/?s={search_term_string}"},"query-input":"required name=search_term_string"}],"inLanguage":"pt-PT"},{"@type":"WebPage","@id":"https:\/\/iporanga.sp.gov.br\/site3\/carta-de-servicos-aos-usuarios-meio-ambiente\/#webpage","url":"https:\/\/iporanga.sp.gov.br\/site3\/carta-de-servicos-aos-usuarios-meio-ambiente\/","name":"Carta de Servi\u00e7os aos Usu\u00e1rios \u2013 MEIO AMBIENTE - Iporanga","isPartOf":{"@id":"https:\/\/iporanga.sp.gov.br\/site3\/#website"},"datePublished":"2022-12-22T19:01:50+00:00","dateModified":"2022-12-22T19:02:29+00:00","breadcrumb":{"@id":"https:\/\/iporanga.sp.gov.br\/site3\/carta-de-servicos-aos-usuarios-meio-ambiente\/#breadcrumb"},"inLanguage":"pt-PT","potentialAction":[{"@type":"ReadAction","target":["https:\/\/iporanga.sp.gov.br\/site3\/carta-de-servicos-aos-usuarios-meio-ambiente\/"]}]},{"@type":"BreadcrumbList","@id":"https:\/\/iporanga.sp.gov.br\/site3\/carta-de-servicos-aos-usuarios-meio-ambiente\/#breadcrumb","itemListElement":[{"@type":"ListItem","position":1,"name":"In\u00edcio","item":"https:\/\/iporanga.sp.gov.br\/site3\/"},{"@type":"ListItem","position":2,"name":"Carta de Servi\u00e7os aos Usu\u00e1rios \u2013 MEIO AMBIENTE"}]}]}},"_links":{"self":[{"href":"https:\/\/iporanga.sp.gov.br\/site3\/wp-json\/wp\/v2\/pages\/777","targetHints":{"allow":["GET"]}}],"collection":[{"href":"https:\/\/iporanga.sp.gov.br\/site3\/wp-json\/wp\/v2\/pages"}],"about":[{"href":"https:\/\/iporanga.sp.gov.br\/site3\/wp-json\/wp\/v2\/types\/page"}],"author":[{"embeddable":true,"href":"https:\/\/iporanga.sp.gov.br\/site3\/wp-json\/wp\/v2\/users\/1"}],"replies":[{"embeddable":true,"href":"https:\/\/iporanga.sp.gov.br\/site3\/wp-json\/wp\/v2\/comments?post=777"}],"version-history":[{"count":1,"href":"https:\/\/iporanga.sp.gov.br\/site3\/wp-json\/wp\/v2\/pages\/777\/revisions"}],"predecessor-version":[{"id":778,"href":"https:\/\/iporanga.sp.gov.br\/site3\/wp-json\/wp\/v2\/pages\/777\/revisions\/778"}],"wp:attachment":[{"href":"https:\/\/iporanga.sp.gov.br\/site3\/wp-json\/wp\/v2\/media?parent=777"}],"curies":[{"name":"wp","href":"https:\/\/api.w.org\/{rel}","templated":true}]}}