{"id":775,"date":"2022-12-22T19:00:35","date_gmt":"2022-12-22T19:00:35","guid":{"rendered":"https:\/\/iporanga.sp.gov.br\/site3\/?page_id=775"},"modified":"2022-12-22T19:00:35","modified_gmt":"2022-12-22T19:00:35","slug":"carta-de-servicos-aos-usuarios-agricultura","status":"publish","type":"page","link":"https:\/\/iporanga.sp.gov.br\/site3\/carta-de-servicos-aos-usuarios-agricultura\/","title":{"rendered":"Carta de Servi\u00e7os aos Usu\u00e1rios \u2013 AGRICULTURA"},"content":{"rendered":"<table>\n<tbody>\n<tr>\n<td width=\"121\"><strong>1 &#8211; Servi\u00e7o<\/strong><\/td>\n<td width=\"559\"><strong>Atendimento ao Agricultor<\/strong><\/td>\n<\/tr>\n<tr>\n<td width=\"121\"><strong>\u00a0<\/strong><\/p>\n<p><strong>\u00a0<\/strong><\/p>\n<p><strong>Descri\u00e7\u00e3o<\/strong><\/td>\n<td width=\"559\">\u00a0O departamento de agricultura e meio ambiente presta\u00a0 relevante serivi\u00e7o de apoio ao desenvolvimento da agricultura no municipio dentre quais podemos destacar os seguintes servi\u00e7os prestados;<\/p>\n<p>Arado e gradagem de solo<\/p>\n<p>Transporte de produtos agricolas<\/p>\n<p>Assistencia tecnica<\/p>\n<p>Elabora\u00e7\u00e3o e corre\u00e7\u00e3o do Car<\/p>\n<p>Analise de solo<\/p>\n<p>Pilagem de arroz<\/p>\n<p>&nbsp;<\/p>\n<p>&nbsp;<\/td>\n<\/tr>\n<tr>\n<td width=\"121\"><strong>P\u00fablico Alvo:<\/strong><\/td>\n<td width=\"559\">Agricultores em geral<\/td>\n<\/tr>\n<tr>\n<td width=\"121\"><strong>Requisitos Necess\u00e1rios:<\/strong><\/td>\n<td width=\"559\">&nbsp;<\/td>\n<\/tr>\n<tr>\n<td width=\"121\"><strong>\u00a0<\/strong><\/p>\n<p><strong>\u00a0<\/strong><\/p>\n<p><strong>Documentos<\/strong><\/p>\n<p><strong>Necess\u00e1rios:<\/strong><\/td>\n<td width=\"559\">No caso dos trabalhos com com CAR: \u00e9 necessario que\u00a0 a propriedade ou posse nao ultrapasse 64 hectares e levar todos os documentos pessoais e do terreno.<\/td>\n<\/tr>\n<tr>\n<td width=\"121\"><strong>\u00a0<\/strong><\/p>\n<p><strong>Etapas do Processo:<\/strong><\/td>\n<td width=\"559\">Agendamento no departamento de Agricultura<\/p>\n<p>Realiza\u00e7\u00e3o do servi\u00e7o<\/td>\n<\/tr>\n<tr>\n<td width=\"121\"><strong>Prazo para presta\u00e7\u00e3o do servi\u00e7o<\/strong><\/td>\n<td width=\"559\">\u00a0De acordo com a demanda<\/td>\n<\/tr>\n<tr>\n<td width=\"121\"><strong>Acesso ao servi\u00e7o:<\/strong><\/td>\n<td width=\"559\">(\u00a0\u00a0 x)Presencial \u00a0\u00a0(\u00a0\u00a0 )Online<\/td>\n<\/tr>\n<tr>\n<td width=\"121\"><strong>Taxa:<\/strong><\/td>\n<td width=\"559\">(\u00a0\u00a0 )Sim\u00a0\u00a0 (\u00a0\u00a0 )N\u00e3o \u00a0( x) apenas no uso do caminh\u00e3o e trator e analise de solo<\/td>\n<\/tr>\n<tr>\n<td width=\"121\"><strong>Previs\u00e3o\u00a0\u00a0 de<\/strong><\/p>\n<p><strong>atendimento:<\/strong><\/td>\n<td width=\"559\">De acordo com a demanda<\/td>\n<\/tr>\n<tr>\n<td width=\"121\"><strong>Prioridade de atendimento:<\/strong><\/td>\n<td width=\"559\">De acordo com o agendamento<\/td>\n<\/tr>\n<tr>\n<td width=\"121\"><strong>Endere\u00e7o \u00a0de<\/strong><\/p>\n<p><strong>atendimento:<\/strong><\/td>\n<td width=\"559\">Pra\u00e7a honorio correia, 30<\/td>\n<\/tr>\n<tr>\n<td width=\"121\"><strong>Hor\u00e1rio\u00a0\u00a0\u00a0 de<\/strong><\/p>\n<p><strong>atendimento:<\/strong><\/td>\n<td width=\"559\">7:00 as 17:00<\/td>\n<\/tr>\n<tr>\n<td width=\"121\"><strong>Telefone:<\/strong><\/td>\n<td width=\"559\">15 35561221<\/td>\n<\/tr>\n<tr>\n<td width=\"121\"><strong>E-mail:<\/strong><\/td>\n<td width=\"559\">agricultura@iporanga.sp.gov.br<\/td>\n<\/tr>\n<\/tbody>\n<\/table>\n","protected":false},"excerpt":{"rendered":"<p>1 &#8211; Servi\u00e7o Atendimento ao Agricultor \u00a0 \u00a0 Descri\u00e7\u00e3o \u00a0O departamento de agricultura e meio ambiente presta\u00a0 relevante serivi\u00e7o de apoio ao desenvolvimento da agricultura no municipio dentre quais podemos destacar os seguintes servi\u00e7os prestados; Arado e gradagem de solo Transporte de produtos agricolas Assistencia tecnica Elabora\u00e7\u00e3o e corre\u00e7\u00e3o do Car Analise de solo Pilagem [&hellip;]<\/p>\n","protected":false},"author":1,"featured_media":0,"parent":0,"menu_order":0,"comment_status":"closed","ping_status":"closed","template":"","meta":{"footnotes":""},"class_list":["post-775","page","type-page","status-publish","hentry"],"yoast_head":"<!-- This site is optimized with the Yoast SEO plugin v17.5 - https:\/\/yoast.com\/wordpress\/plugins\/seo\/ -->\n<title>Carta de Servi\u00e7os aos Usu\u00e1rios \u2013 AGRICULTURA - Iporanga<\/title>\n<meta name=\"robots\" content=\"noindex, follow\" \/>\n<meta property=\"og:locale\" content=\"pt_PT\" \/>\n<meta property=\"og:type\" content=\"article\" \/>\n<meta property=\"og:title\" content=\"Carta de Servi\u00e7os aos Usu\u00e1rios \u2013 AGRICULTURA - Iporanga\" \/>\n<meta property=\"og:description\" content=\"1 &#8211; Servi\u00e7o Atendimento ao Agricultor \u00a0 \u00a0 Descri\u00e7\u00e3o \u00a0O departamento de agricultura e meio ambiente presta\u00a0 relevante serivi\u00e7o de apoio ao desenvolvimento da agricultura no municipio dentre quais podemos destacar os seguintes servi\u00e7os prestados; Arado e gradagem de solo Transporte de produtos agricolas Assistencia tecnica Elabora\u00e7\u00e3o e corre\u00e7\u00e3o do Car Analise de solo Pilagem [&hellip;]\" \/>\n<meta property=\"og:url\" content=\"https:\/\/iporanga.sp.gov.br\/site3\/carta-de-servicos-aos-usuarios-agricultura\/\" \/>\n<meta property=\"og:site_name\" content=\"Iporanga\" \/>\n<meta property=\"article:publisher\" content=\"https:\/\/www.facebook.com\/Iporanga.Mun\" \/>\n<meta name=\"twitter:card\" content=\"summary_large_image\" \/>\n<meta name=\"twitter:label1\" content=\"Tempo estimado de leitura\" \/>\n\t<meta name=\"twitter:data1\" content=\"1 minuto\" \/>\n<script type=\"application\/ld+json\" class=\"yoast-schema-graph\">{\"@context\":\"https:\/\/schema.org\",\"@graph\":[{\"@type\":\"Organization\",\"@id\":\"https:\/\/iporanga.sp.gov.br\/site3\/#organization\",\"name\":\"Prefeitura Municipal de Iporanga\",\"url\":\"https:\/\/iporanga.sp.gov.br\/site3\/\",\"sameAs\":[\"https:\/\/www.facebook.com\/Iporanga.Mun\",\"https:\/\/www.youtube.com\/channel\/UCv-QJdlwebmOv0gsbdTZfpg\",\"https:\/\/pt.wikipedia.org\/wiki\/Iporanga\"],\"logo\":{\"@type\":\"ImageObject\",\"@id\":\"https:\/\/iporanga.sp.gov.br\/site3\/#logo\",\"inLanguage\":\"pt-PT\",\"url\":\"https:\/\/iporanga.sp.gov.br\/site3\/wp-content\/uploads\/2021\/03\/cropped-brasao_iporanga.png\",\"contentUrl\":\"https:\/\/iporanga.sp.gov.br\/site3\/wp-content\/uploads\/2021\/03\/cropped-brasao_iporanga.png\",\"width\":512,\"height\":512,\"caption\":\"Prefeitura Municipal de Iporanga\"},\"image\":{\"@id\":\"https:\/\/iporanga.sp.gov.br\/site3\/#logo\"}},{\"@type\":\"WebSite\",\"@id\":\"https:\/\/iporanga.sp.gov.br\/site3\/#website\",\"url\":\"https:\/\/iporanga.sp.gov.br\/site3\/\",\"name\":\"Iporanga\",\"description\":\"Munic\\u00edpio de Interesse Tur\\u00edstico | Capital das Cavernas\",\"publisher\":{\"@id\":\"https:\/\/iporanga.sp.gov.br\/site3\/#organization\"},\"potentialAction\":[{\"@type\":\"SearchAction\",\"target\":{\"@type\":\"EntryPoint\",\"urlTemplate\":\"https:\/\/iporanga.sp.gov.br\/site3\/?s={search_term_string}\"},\"query-input\":\"required name=search_term_string\"}],\"inLanguage\":\"pt-PT\"},{\"@type\":\"WebPage\",\"@id\":\"https:\/\/iporanga.sp.gov.br\/site3\/carta-de-servicos-aos-usuarios-agricultura\/#webpage\",\"url\":\"https:\/\/iporanga.sp.gov.br\/site3\/carta-de-servicos-aos-usuarios-agricultura\/\",\"name\":\"Carta de Servi\\u00e7os aos Usu\\u00e1rios \\u2013 AGRICULTURA - Iporanga\",\"isPartOf\":{\"@id\":\"https:\/\/iporanga.sp.gov.br\/site3\/#website\"},\"datePublished\":\"2022-12-22T19:00:35+00:00\",\"dateModified\":\"2022-12-22T19:00:35+00:00\",\"breadcrumb\":{\"@id\":\"https:\/\/iporanga.sp.gov.br\/site3\/carta-de-servicos-aos-usuarios-agricultura\/#breadcrumb\"},\"inLanguage\":\"pt-PT\",\"potentialAction\":[{\"@type\":\"ReadAction\",\"target\":[\"https:\/\/iporanga.sp.gov.br\/site3\/carta-de-servicos-aos-usuarios-agricultura\/\"]}]},{\"@type\":\"BreadcrumbList\",\"@id\":\"https:\/\/iporanga.sp.gov.br\/site3\/carta-de-servicos-aos-usuarios-agricultura\/#breadcrumb\",\"itemListElement\":[{\"@type\":\"ListItem\",\"position\":1,\"name\":\"In\\u00edcio\",\"item\":\"https:\/\/iporanga.sp.gov.br\/site3\/\"},{\"@type\":\"ListItem\",\"position\":2,\"name\":\"Carta de Servi\\u00e7os aos Usu\\u00e1rios \\u2013 AGRICULTURA\"}]}]}<\/script>\n<!-- \/ Yoast SEO plugin. -->","yoast_head_json":{"title":"Carta de Servi\u00e7os aos Usu\u00e1rios \u2013 AGRICULTURA - Iporanga","robots":{"index":"noindex","follow":"follow"},"og_locale":"pt_PT","og_type":"article","og_title":"Carta de Servi\u00e7os aos Usu\u00e1rios \u2013 AGRICULTURA - Iporanga","og_description":"1 &#8211; Servi\u00e7o Atendimento ao Agricultor \u00a0 \u00a0 Descri\u00e7\u00e3o \u00a0O departamento de agricultura e meio ambiente presta\u00a0 relevante serivi\u00e7o de apoio ao desenvolvimento da agricultura no municipio dentre quais podemos destacar os seguintes servi\u00e7os prestados; Arado e gradagem de solo Transporte de produtos agricolas Assistencia tecnica Elabora\u00e7\u00e3o e corre\u00e7\u00e3o do Car Analise de solo Pilagem [&hellip;]","og_url":"https:\/\/iporanga.sp.gov.br\/site3\/carta-de-servicos-aos-usuarios-agricultura\/","og_site_name":"Iporanga","article_publisher":"https:\/\/www.facebook.com\/Iporanga.Mun","twitter_card":"summary_large_image","twitter_misc":{"Tempo estimado de leitura":"1 minuto"},"schema":{"@context":"https:\/\/schema.org","@graph":[{"@type":"Organization","@id":"https:\/\/iporanga.sp.gov.br\/site3\/#organization","name":"Prefeitura Municipal de Iporanga","url":"https:\/\/iporanga.sp.gov.br\/site3\/","sameAs":["https:\/\/www.facebook.com\/Iporanga.Mun","https:\/\/www.youtube.com\/channel\/UCv-QJdlwebmOv0gsbdTZfpg","https:\/\/pt.wikipedia.org\/wiki\/Iporanga"],"logo":{"@type":"ImageObject","@id":"https:\/\/iporanga.sp.gov.br\/site3\/#logo","inLanguage":"pt-PT","url":"https:\/\/iporanga.sp.gov.br\/site3\/wp-content\/uploads\/2021\/03\/cropped-brasao_iporanga.png","contentUrl":"https:\/\/iporanga.sp.gov.br\/site3\/wp-content\/uploads\/2021\/03\/cropped-brasao_iporanga.png","width":512,"height":512,"caption":"Prefeitura Municipal de Iporanga"},"image":{"@id":"https:\/\/iporanga.sp.gov.br\/site3\/#logo"}},{"@type":"WebSite","@id":"https:\/\/iporanga.sp.gov.br\/site3\/#website","url":"https:\/\/iporanga.sp.gov.br\/site3\/","name":"Iporanga","description":"Munic\u00edpio de Interesse Tur\u00edstico | Capital das Cavernas","publisher":{"@id":"https:\/\/iporanga.sp.gov.br\/site3\/#organization"},"potentialAction":[{"@type":"SearchAction","target":{"@type":"EntryPoint","urlTemplate":"https:\/\/iporanga.sp.gov.br\/site3\/?s={search_term_string}"},"query-input":"required name=search_term_string"}],"inLanguage":"pt-PT"},{"@type":"WebPage","@id":"https:\/\/iporanga.sp.gov.br\/site3\/carta-de-servicos-aos-usuarios-agricultura\/#webpage","url":"https:\/\/iporanga.sp.gov.br\/site3\/carta-de-servicos-aos-usuarios-agricultura\/","name":"Carta de Servi\u00e7os aos Usu\u00e1rios \u2013 AGRICULTURA - Iporanga","isPartOf":{"@id":"https:\/\/iporanga.sp.gov.br\/site3\/#website"},"datePublished":"2022-12-22T19:00:35+00:00","dateModified":"2022-12-22T19:00:35+00:00","breadcrumb":{"@id":"https:\/\/iporanga.sp.gov.br\/site3\/carta-de-servicos-aos-usuarios-agricultura\/#breadcrumb"},"inLanguage":"pt-PT","potentialAction":[{"@type":"ReadAction","target":["https:\/\/iporanga.sp.gov.br\/site3\/carta-de-servicos-aos-usuarios-agricultura\/"]}]},{"@type":"BreadcrumbList","@id":"https:\/\/iporanga.sp.gov.br\/site3\/carta-de-servicos-aos-usuarios-agricultura\/#breadcrumb","itemListElement":[{"@type":"ListItem","position":1,"name":"In\u00edcio","item":"https:\/\/iporanga.sp.gov.br\/site3\/"},{"@type":"ListItem","position":2,"name":"Carta de Servi\u00e7os aos Usu\u00e1rios \u2013 AGRICULTURA"}]}]}},"_links":{"self":[{"href":"https:\/\/iporanga.sp.gov.br\/site3\/wp-json\/wp\/v2\/pages\/775","targetHints":{"allow":["GET"]}}],"collection":[{"href":"https:\/\/iporanga.sp.gov.br\/site3\/wp-json\/wp\/v2\/pages"}],"about":[{"href":"https:\/\/iporanga.sp.gov.br\/site3\/wp-json\/wp\/v2\/types\/page"}],"author":[{"embeddable":true,"href":"https:\/\/iporanga.sp.gov.br\/site3\/wp-json\/wp\/v2\/users\/1"}],"replies":[{"embeddable":true,"href":"https:\/\/iporanga.sp.gov.br\/site3\/wp-json\/wp\/v2\/comments?post=775"}],"version-history":[{"count":1,"href":"https:\/\/iporanga.sp.gov.br\/site3\/wp-json\/wp\/v2\/pages\/775\/revisions"}],"predecessor-version":[{"id":776,"href":"https:\/\/iporanga.sp.gov.br\/site3\/wp-json\/wp\/v2\/pages\/775\/revisions\/776"}],"wp:attachment":[{"href":"https:\/\/iporanga.sp.gov.br\/site3\/wp-json\/wp\/v2\/media?parent=775"}],"curies":[{"name":"wp","href":"https:\/\/api.w.org\/{rel}","templated":true}]}}