{"id":760,"date":"2022-12-22T12:04:58","date_gmt":"2022-12-22T12:04:58","guid":{"rendered":"https:\/\/iporanga.sp.gov.br\/site3\/?page_id=760"},"modified":"2022-12-22T12:33:38","modified_gmt":"2022-12-22T12:33:38","slug":"carta-de-servicos-aos-usuarios-educacao","status":"publish","type":"page","link":"https:\/\/iporanga.sp.gov.br\/site3\/carta-de-servicos-aos-usuarios-educacao\/","title":{"rendered":"Carta de Servi\u00e7os aos Usu\u00e1rios  &#8211; EDUCA\u00c7\u00c3O"},"content":{"rendered":"<h2><strong>CEMEI PADRE JO\u00c3O DRESEIWED<\/strong><\/h2>\n<hr \/>\n<table>\n<tbody>\n<tr>\n<td width=\"121\"><strong>1 &#8211; Servi\u00e7o<\/strong><\/td>\n<td width=\"559\">Matr\u00edcula de alunos educa\u00e7\u00e3o infantil creche e Pr\u00e9 Escola \u00a00 \u00e1 06 anos incompletos<\/td>\n<\/tr>\n<tr>\n<td width=\"121\"><strong>\u00a0<\/strong><\/p>\n<p><strong>\u00a0<\/strong><\/p>\n<p><strong>Descri\u00e7\u00e3o<\/strong><\/td>\n<td width=\"559\">O respons\u00e1vel\u00a0 devera comparecer a CMEI PADRE JO\u00c3O DRESEIWED munido dos documentos descritos (c\u00f3pia simples) para realiza\u00e7\u00e3o de cadastro no sistema SED.<\/td>\n<\/tr>\n<tr>\n<td width=\"121\"><strong>P\u00fablico Alvo:<\/strong><\/td>\n<td width=\"559\">B\u00eabes e crian\u00e7as de 0 a 06 anos incompletos<\/td>\n<\/tr>\n<tr>\n<td width=\"121\"><strong>Requisitos Necess\u00e1rios:<\/strong><\/td>\n<td width=\"559\"><\/td>\n<\/tr>\n<tr>\n<td width=\"121\"><strong>\u00a0<\/strong><\/p>\n<p><strong>\u00a0<\/strong><\/p>\n<p><strong>Documentos<\/strong><\/p>\n<p><strong>Necess\u00e1rios:<\/strong><\/td>\n<td width=\"559\">\u00fc\u00a0 Certid\u00e3o de nascimento da crian\u00e7a;<\/p>\n<p>\u00fc\u00a0 C\u00f3pia dos seguintes documentos:<\/p>\n<p>\u00fc\u00a0 RG do respons\u00e1vel<\/p>\n<p>\u00fc\u00a0 Comprovante de resid\u00eancia;<\/p>\n<p>\u00fc\u00a0 Cart\u00e3o do SUS;<\/p>\n<p>\u00fc\u00a0 Carteirinha devacina\u00e7\u00e3o<\/td>\n<\/tr>\n<tr>\n<td width=\"121\"><strong>\u00a0<\/strong><\/p>\n<p><strong>Etapas do Processo:<\/strong><\/td>\n<td width=\"559\">As matr\u00edculas s\u00e3o realizadas de acordo com a demanda e disponibilidade de vagas<\/td>\n<\/tr>\n<tr>\n<td width=\"121\"><strong>Prazo para presta\u00e7\u00e3o do servi\u00e7o<\/strong><\/td>\n<td width=\"559\"><\/td>\n<\/tr>\n<tr>\n<td width=\"121\"><strong>Acesso ao servi\u00e7o:<\/strong><\/td>\n<td width=\"559\">(\u00a0 X )Presencial\u00a0\u00a0 (\u00a0\u00a0 )Online<\/td>\n<\/tr>\n<tr>\n<td width=\"121\"><strong>Taxa:<\/strong><\/td>\n<td width=\"559\">(\u00a0\u00a0 )Sim\u00a0\u00a0 (\u00a0 X )N\u00e3o<\/td>\n<\/tr>\n<tr>\n<td width=\"121\"><strong>Previs\u00e3o\u00a0\u00a0 de<\/strong><\/p>\n<p><strong>atendimento:<\/strong><\/td>\n<td width=\"559\">Durante o ano letivo Fevereiro \u00e1 dezembro , com recesso em Julho e Ferias em Janeiro<\/td>\n<\/tr>\n<tr>\n<td width=\"121\"><strong>Prioridade de atendimento:<\/strong><\/td>\n<td width=\"559\"><\/td>\n<\/tr>\n<tr>\n<td width=\"121\"><strong>Endere\u00e7o \u00a0de<\/strong><\/p>\n<p><strong>atendimento:<\/strong><\/td>\n<td width=\"559\">RUA MOURA ROLIM SN\u00ba CENTRO<\/td>\n<\/tr>\n<tr>\n<td width=\"121\"><strong>Hor\u00e1rio\u00a0\u00a0\u00a0 de<\/strong><\/p>\n<p><strong>atendimento:<\/strong><\/td>\n<td width=\"559\">De segunda \u2013feira a sexta feira das 7:30 \u00e0s 17:00 hs<\/td>\n<\/tr>\n<tr>\n<td width=\"121\"><strong>Telefone:<\/strong><\/td>\n<td width=\"559\">(15)35560535<\/td>\n<\/tr>\n<tr>\n<td width=\"121\"><strong>E-mail:<\/strong><\/td>\n<td width=\"559\">cemeicreche2020@gmail.com<\/td>\n<\/tr>\n<\/tbody>\n<\/table>\n<h2><\/h2>\n<h2>EMEIEF VITOR RODRIGUES DA MOTTA<\/h2>\n<hr \/>\n<table>\n<tbody>\n<tr>\n<td width=\"121\"><strong>1 &#8211; Servi\u00e7o<\/strong><\/td>\n<td width=\"559\">Matr\u00edcula de alunos Educa\u00e7\u00e3o Infantil\/Fundamental I e II \u00a0(Escolas Rurais) \u2013 entre 04 e 16 anos incompletos<\/p>\n<p><strong>\u00a0<\/strong><\/td>\n<\/tr>\n<tr>\n<td width=\"121\"><strong>\u00a0<\/strong><\/p>\n<p><strong>\u00a0<\/strong><\/p>\n<p><strong>Descri\u00e7\u00e3o<\/strong><\/td>\n<td width=\"559\">O respons\u00e1vel\u00a0 devera comparecer EMEIEF VITOR RODRIGUES DA MOTTA munido dos documentos descritos (c\u00f3pia simples) para realiza\u00e7\u00e3o de cadastro no sistema SED.<\/td>\n<\/tr>\n<tr>\n<td width=\"121\"><strong>P\u00fablico Alvo:<\/strong><\/td>\n<td width=\"559\">Crian\u00e7as e adolescentes entre\u00a0 \u00a004 e 16 anos\u00a0 incompletos<\/p>\n<p>&nbsp;<\/td>\n<\/tr>\n<tr>\n<td width=\"121\"><strong>Requisitos Necess\u00e1rios:<\/strong><\/td>\n<td width=\"559\"><\/td>\n<\/tr>\n<tr>\n<td width=\"121\"><strong>\u00a0<\/strong><\/p>\n<p><strong>\u00a0<\/strong><\/p>\n<p><strong>Documentos<\/strong><\/p>\n<p><strong>Necess\u00e1rios:<\/strong><\/td>\n<td width=\"559\">\u00fc\u00a0 Certid\u00e3o de nascimento da crian\u00e7a;<\/p>\n<p>\u00fc\u00a0 C\u00f3pia dos seguintes documentos:<\/p>\n<p>\u00fc\u00a0 RG do respons\u00e1vel<\/p>\n<p>\u00fc\u00a0 Comprovante de resid\u00eancia;<\/p>\n<p>\u00fc\u00a0 Cart\u00e3o do SUS;<\/p>\n<p>\u00fc\u00a0 Carteirinha devacina\u00e7\u00e3o<\/td>\n<\/tr>\n<tr>\n<td width=\"121\"><strong>\u00a0<\/strong><\/p>\n<p><strong>Etapas do Processo:<\/strong><\/td>\n<td width=\"559\">As matr\u00edculas s\u00e3o realizadas de acordo com a demanda e disponibilidade de vagas<\/td>\n<\/tr>\n<tr>\n<td width=\"121\"><strong>Prazo para presta\u00e7\u00e3o do servi\u00e7o<\/strong><\/td>\n<td width=\"559\"><\/td>\n<\/tr>\n<tr>\n<td width=\"121\"><strong>Acesso ao servi\u00e7o:<\/strong><\/td>\n<td width=\"559\">(\u00a0 X )Presencial\u00a0\u00a0 (\u00a0\u00a0 )Online<\/td>\n<\/tr>\n<tr>\n<td width=\"121\"><strong>Taxa:<\/strong><\/td>\n<td width=\"559\">(\u00a0\u00a0 )Sim\u00a0\u00a0 (\u00a0 X )N\u00e3o<\/td>\n<\/tr>\n<tr>\n<td width=\"121\"><strong>Previs\u00e3o\u00a0\u00a0 de<\/strong><\/p>\n<p><strong>atendimento:<\/strong><\/td>\n<td width=\"559\">Durante o ano letivo Fevereiro \u00e1 dezembro , com recesso em Julho e Ferias em Janeiro<\/td>\n<\/tr>\n<tr>\n<td width=\"121\"><strong>Prioridade de atendimento:<\/strong><\/td>\n<td width=\"559\"><\/td>\n<\/tr>\n<tr>\n<td width=\"121\"><strong>Endere\u00e7o \u00a0de<\/strong><\/p>\n<p><strong>atendimento:<\/strong><\/td>\n<td width=\"559\">RODOVIA HON\u00d3RIO CORREIA KM 13 B\u00ba SERRA<\/td>\n<\/tr>\n<tr>\n<td width=\"121\"><strong>Hor\u00e1rio\u00a0\u00a0\u00a0 de<\/strong><\/p>\n<p><strong>atendimento:<\/strong><\/td>\n<td width=\"559\">De segunda \u2013feira a sexta feira das 7:30 \u00e0s 12 hs<\/td>\n<\/tr>\n<tr>\n<td width=\"121\"><strong>Telefone:<\/strong><\/td>\n<td width=\"559\">(15)35561315<\/td>\n<\/tr>\n<tr>\n<td width=\"121\"><strong>E-mail:<\/strong><\/td>\n<td width=\"559\">escolavitorrodriguesdamotta@gmail.com<\/td>\n<\/tr>\n<\/tbody>\n<\/table>\n<h2><\/h2>\n<h2>EMEIEF JOS\u00c9 MACIEL DA SILVA<\/h2>\n<hr \/>\n<table>\n<tbody>\n<tr>\n<td width=\"121\"><strong>1 &#8211; Servi\u00e7o<\/strong><\/td>\n<td width=\"559\">Matr\u00edcula de alunos Educa\u00e7\u00e3o Infantil\/Fundamental I e II \u00a0(Escolas Rurais) \u2013 entre 04 e 16 anos incompletos<\/p>\n<p><strong>\u00a0<\/strong><\/td>\n<\/tr>\n<tr>\n<td width=\"121\"><strong>\u00a0<\/strong><\/p>\n<p><strong>\u00a0<\/strong><\/p>\n<p><strong>Descri\u00e7\u00e3o<\/strong><\/td>\n<td width=\"559\">O respons\u00e1vel\u00a0 devera comparecer EMEIEF JOSE MACIEL DA SILVA munido dos documentos descritos (c\u00f3pia simples) para realiza\u00e7\u00e3o de cadastro no sistema SED.<\/td>\n<\/tr>\n<tr>\n<td width=\"121\"><strong>P\u00fablico Alvo:<\/strong><\/td>\n<td width=\"559\">Crian\u00e7as e adolecentes \u00a0\u00a0entre 04 e 16 anos incompletos<\/p>\n<p>&nbsp;<\/td>\n<\/tr>\n<tr>\n<td width=\"121\"><strong>Requisitos Necess\u00e1rios:<\/strong><\/td>\n<td width=\"559\"><\/td>\n<\/tr>\n<tr>\n<td width=\"121\"><strong>\u00a0<\/strong><\/p>\n<p><strong>\u00a0<\/strong><\/p>\n<p><strong>Documentos<\/strong><\/p>\n<p><strong>Necess\u00e1rios:<\/strong><\/td>\n<td width=\"559\">\u00fc\u00a0 Certid\u00e3o de nascimento da crian\u00e7a;<\/p>\n<p>\u00fc\u00a0 C\u00f3pia dos seguintes documentos:<\/p>\n<p>\u00fc\u00a0 RG do respons\u00e1vel<\/p>\n<p>\u00fc\u00a0 Comprovante de resid\u00eancia;<\/p>\n<p>\u00fc\u00a0 Cart\u00e3o do SUS;<\/p>\n<p>\u00fc\u00a0 Carteirinha devacina\u00e7\u00e3o<\/td>\n<\/tr>\n<tr>\n<td width=\"121\"><strong>\u00a0<\/strong><\/p>\n<p><strong>Etapas do Processo:<\/strong><\/td>\n<td width=\"559\">As matr\u00edculas s\u00e3o realizadas de acordo com a demanda e disponibilidade de vagas<\/td>\n<\/tr>\n<tr>\n<td width=\"121\"><strong>Prazo para presta\u00e7\u00e3o do servi\u00e7o<\/strong><\/td>\n<td width=\"559\"><\/td>\n<\/tr>\n<tr>\n<td width=\"121\"><strong>Acesso ao servi\u00e7o:<\/strong><\/td>\n<td width=\"559\">(\u00a0 X )Presencial\u00a0\u00a0 (\u00a0\u00a0 )Online<\/td>\n<\/tr>\n<tr>\n<td width=\"121\"><strong>Taxa:<\/strong><\/td>\n<td width=\"559\">(\u00a0\u00a0 )Sim\u00a0\u00a0 (\u00a0 X )N\u00e3o<\/td>\n<\/tr>\n<tr>\n<td width=\"121\"><strong>Previs\u00e3o\u00a0\u00a0 de<\/strong><\/p>\n<p><strong>atendimento:<\/strong><\/td>\n<td width=\"559\">Durante o ano letivo Fevereiro \u00e1 dezembro , com recesso em Julho e Ferias em Janeiro<\/td>\n<\/tr>\n<tr>\n<td width=\"121\"><strong>Prioridade de atendimento:<\/strong><\/td>\n<td width=\"559\"><\/td>\n<\/tr>\n<tr>\n<td width=\"121\"><strong>Endere\u00e7o \u00a0de<\/strong><\/p>\n<p><strong>atendimento:<\/strong><\/td>\n<td width=\"559\">RODOVIA JEREMIAS DE OLIVEIRA FRANCO KM 22 B\u00ba CASTELHANOS<\/td>\n<\/tr>\n<tr>\n<td width=\"121\"><strong>Hor\u00e1rio\u00a0\u00a0\u00a0 de<\/strong><\/p>\n<p><strong>atendimento:<\/strong><\/td>\n<td width=\"559\">De segunda \u2013feira a sexta feira das 7:30 \u00e0s 12 hs<\/td>\n<\/tr>\n<tr>\n<td width=\"121\"><strong>Telefone:<\/strong><\/td>\n<td width=\"559\"><\/td>\n<\/tr>\n<tr>\n<td width=\"121\"><strong>E-mail:<\/strong><\/td>\n<td width=\"559\">josemaciel015@hotmail.com<\/td>\n<\/tr>\n<\/tbody>\n<\/table>\n<h2><\/h2>\n<h2>EMEIEF MARIA TEREZINHA PEDROSO HENRIQUE<\/h2>\n<hr \/>\n<table>\n<tbody>\n<tr>\n<td width=\"121\"><strong>1 &#8211; Servi\u00e7o<\/strong><\/td>\n<td width=\"559\">Matr\u00edcula de alunos Educa\u00e7\u00e3o Fundamentais \u2013 entre 06 e 11 anos<\/p>\n<p><strong>\u00a0<\/strong><\/td>\n<\/tr>\n<tr>\n<td width=\"121\"><strong>\u00a0<\/strong><\/p>\n<p><strong>\u00a0<\/strong><\/p>\n<p><strong>Descri\u00e7\u00e3o<\/strong><\/td>\n<td width=\"559\">O respons\u00e1vel\u00a0 devera comparecer EMEIEF MARIA TEREZINHA PEDROSO HENRIQUE munido dos documentos descritos (c\u00f3pia simples) para realiza\u00e7\u00e3o de cadastro no sistema SED.<\/td>\n<\/tr>\n<tr>\n<td width=\"121\"><strong>P\u00fablico Alvo:<\/strong><\/td>\n<td width=\"559\">Crian\u00e7as e adolescentes entre\u00a0 \u00a006 e 11 anos<\/p>\n<p>&nbsp;<\/td>\n<\/tr>\n<tr>\n<td width=\"121\"><strong>Requisitos Necess\u00e1rios:<\/strong><\/td>\n<td width=\"559\"><\/td>\n<\/tr>\n<tr>\n<td width=\"121\"><strong>\u00a0<\/strong><\/p>\n<p><strong>\u00a0<\/strong><\/p>\n<p><strong>Documentos<\/strong><\/p>\n<p><strong>Necess\u00e1rios:<\/strong><\/td>\n<td width=\"559\">\u00fc\u00a0 Certid\u00e3o de nascimento da crian\u00e7a;<\/p>\n<p>\u00fc\u00a0 C\u00f3pia dos seguintes documentos:<\/p>\n<p>\u00fc\u00a0 RG do respons\u00e1vel<\/p>\n<p>\u00fc\u00a0 Comprovante de resid\u00eancia;<\/p>\n<p>\u00fc\u00a0 Cart\u00e3o do SUS;<\/p>\n<p>\u00fc\u00a0 Carteirinha devacina\u00e7\u00e3o<\/td>\n<\/tr>\n<tr>\n<td width=\"121\"><strong>\u00a0<\/strong><\/p>\n<p><strong>Etapas do Processo:<\/strong><\/td>\n<td width=\"559\">As matr\u00edculas s\u00e3o realizadas de acordo com a demanda e disponibilidade de vagas<\/td>\n<\/tr>\n<tr>\n<td width=\"121\"><strong>Prazo para presta\u00e7\u00e3o do servi\u00e7o<\/strong><\/td>\n<td width=\"559\"><\/td>\n<\/tr>\n<tr>\n<td width=\"121\"><strong>Acesso ao servi\u00e7o:<\/strong><\/td>\n<td width=\"559\">(\u00a0 X )Presencial\u00a0\u00a0 (\u00a0\u00a0 )Online<\/td>\n<\/tr>\n<tr>\n<td width=\"121\"><strong>Taxa:<\/strong><\/td>\n<td width=\"559\">(\u00a0\u00a0 )Sim\u00a0\u00a0 (\u00a0 X )N\u00e3o<\/td>\n<\/tr>\n<tr>\n<td width=\"121\"><strong>Previs\u00e3o\u00a0\u00a0 de<\/strong><\/p>\n<p><strong>atendimento:<\/strong><\/td>\n<td width=\"559\">Durante o ano letivo Fevereiro \u00e1 dezembro , com recesso em Julho e Ferias em Janeiro<\/td>\n<\/tr>\n<tr>\n<td width=\"121\"><strong>Prioridade de atendimento:<\/strong><\/td>\n<td width=\"559\"><\/td>\n<\/tr>\n<tr>\n<td width=\"121\"><strong>Endere\u00e7o \u00a0de<\/strong><\/p>\n<p><strong>atendimento:<\/strong><\/td>\n<td width=\"559\">RUA DA SAUDADE\u00a0 N\u00ba 12 CENTRO<\/td>\n<\/tr>\n<tr>\n<td width=\"121\"><strong>Hor\u00e1rio\u00a0\u00a0\u00a0 de<\/strong><\/p>\n<p><strong>atendimento:<\/strong><\/td>\n<td width=\"559\">De segunda \u2013feira a sexta feira das 7:00 \u00e0s 17:00 hs<\/td>\n<\/tr>\n<tr>\n<td width=\"121\"><strong>Telefone:<\/strong><\/td>\n<td width=\"559\">(15)35561265<\/td>\n<\/tr>\n<tr>\n<td width=\"121\"><strong>E-mail:<\/strong><\/td>\n<td width=\"559\">em.na@hotmail.com<\/td>\n<\/tr>\n<\/tbody>\n<\/table>\n<p>&nbsp;<\/p>\n","protected":false},"excerpt":{"rendered":"<p>CEMEI PADRE JO\u00c3O DRESEIWED 1 &#8211; Servi\u00e7o Matr\u00edcula de alunos educa\u00e7\u00e3o infantil creche e Pr\u00e9 Escola \u00a00 \u00e1 06 anos incompletos \u00a0 \u00a0 Descri\u00e7\u00e3o O respons\u00e1vel\u00a0 devera comparecer a CMEI PADRE JO\u00c3O DRESEIWED munido dos documentos descritos (c\u00f3pia simples) para realiza\u00e7\u00e3o de cadastro no sistema SED. P\u00fablico Alvo: B\u00eabes e crian\u00e7as de 0 a 06 [&hellip;]<\/p>\n","protected":false},"author":1,"featured_media":0,"parent":0,"menu_order":0,"comment_status":"closed","ping_status":"closed","template":"","meta":{"footnotes":""},"class_list":["post-760","page","type-page","status-publish","hentry"],"yoast_head":"<!-- This site is optimized with the Yoast SEO plugin v17.5 - https:\/\/yoast.com\/wordpress\/plugins\/seo\/ -->\n<title>Carta de Servi\u00e7os aos Usu\u00e1rios - EDUCA\u00c7\u00c3O - Iporanga<\/title>\n<meta name=\"robots\" content=\"noindex, follow\" \/>\n<meta property=\"og:locale\" content=\"pt_PT\" \/>\n<meta property=\"og:type\" content=\"article\" \/>\n<meta property=\"og:title\" content=\"Carta de Servi\u00e7os aos Usu\u00e1rios - EDUCA\u00c7\u00c3O - Iporanga\" \/>\n<meta property=\"og:description\" content=\"CEMEI PADRE JO\u00c3O DRESEIWED 1 &#8211; Servi\u00e7o Matr\u00edcula de alunos educa\u00e7\u00e3o infantil creche e Pr\u00e9 Escola \u00a00 \u00e1 06 anos incompletos \u00a0 \u00a0 Descri\u00e7\u00e3o O respons\u00e1vel\u00a0 devera comparecer a CMEI PADRE JO\u00c3O DRESEIWED munido dos documentos descritos (c\u00f3pia simples) para realiza\u00e7\u00e3o de cadastro no sistema SED. P\u00fablico Alvo: B\u00eabes e crian\u00e7as de 0 a 06 [&hellip;]\" \/>\n<meta property=\"og:url\" content=\"https:\/\/iporanga.sp.gov.br\/site3\/carta-de-servicos-aos-usuarios-educacao\/\" \/>\n<meta property=\"og:site_name\" content=\"Iporanga\" \/>\n<meta property=\"article:publisher\" content=\"https:\/\/www.facebook.com\/Iporanga.Mun\" \/>\n<meta property=\"article:modified_time\" content=\"2022-12-22T12:33:38+00:00\" \/>\n<meta name=\"twitter:card\" content=\"summary_large_image\" \/>\n<meta name=\"twitter:label1\" content=\"Tempo estimado de leitura\" \/>\n\t<meta name=\"twitter:data1\" content=\"4 minutos\" \/>\n<script type=\"application\/ld+json\" class=\"yoast-schema-graph\">{\"@context\":\"https:\/\/schema.org\",\"@graph\":[{\"@type\":\"Organization\",\"@id\":\"https:\/\/iporanga.sp.gov.br\/site3\/#organization\",\"name\":\"Prefeitura Municipal de Iporanga\",\"url\":\"https:\/\/iporanga.sp.gov.br\/site3\/\",\"sameAs\":[\"https:\/\/www.facebook.com\/Iporanga.Mun\",\"https:\/\/www.youtube.com\/channel\/UCv-QJdlwebmOv0gsbdTZfpg\",\"https:\/\/pt.wikipedia.org\/wiki\/Iporanga\"],\"logo\":{\"@type\":\"ImageObject\",\"@id\":\"https:\/\/iporanga.sp.gov.br\/site3\/#logo\",\"inLanguage\":\"pt-PT\",\"url\":\"https:\/\/iporanga.sp.gov.br\/site3\/wp-content\/uploads\/2021\/03\/cropped-brasao_iporanga.png\",\"contentUrl\":\"https:\/\/iporanga.sp.gov.br\/site3\/wp-content\/uploads\/2021\/03\/cropped-brasao_iporanga.png\",\"width\":512,\"height\":512,\"caption\":\"Prefeitura Municipal de Iporanga\"},\"image\":{\"@id\":\"https:\/\/iporanga.sp.gov.br\/site3\/#logo\"}},{\"@type\":\"WebSite\",\"@id\":\"https:\/\/iporanga.sp.gov.br\/site3\/#website\",\"url\":\"https:\/\/iporanga.sp.gov.br\/site3\/\",\"name\":\"Iporanga\",\"description\":\"Munic\\u00edpio de Interesse Tur\\u00edstico | Capital das Cavernas\",\"publisher\":{\"@id\":\"https:\/\/iporanga.sp.gov.br\/site3\/#organization\"},\"potentialAction\":[{\"@type\":\"SearchAction\",\"target\":{\"@type\":\"EntryPoint\",\"urlTemplate\":\"https:\/\/iporanga.sp.gov.br\/site3\/?s={search_term_string}\"},\"query-input\":\"required name=search_term_string\"}],\"inLanguage\":\"pt-PT\"},{\"@type\":\"WebPage\",\"@id\":\"https:\/\/iporanga.sp.gov.br\/site3\/carta-de-servicos-aos-usuarios-educacao\/#webpage\",\"url\":\"https:\/\/iporanga.sp.gov.br\/site3\/carta-de-servicos-aos-usuarios-educacao\/\",\"name\":\"Carta de Servi\\u00e7os aos Usu\\u00e1rios - EDUCA\\u00c7\\u00c3O - Iporanga\",\"isPartOf\":{\"@id\":\"https:\/\/iporanga.sp.gov.br\/site3\/#website\"},\"datePublished\":\"2022-12-22T12:04:58+00:00\",\"dateModified\":\"2022-12-22T12:33:38+00:00\",\"breadcrumb\":{\"@id\":\"https:\/\/iporanga.sp.gov.br\/site3\/carta-de-servicos-aos-usuarios-educacao\/#breadcrumb\"},\"inLanguage\":\"pt-PT\",\"potentialAction\":[{\"@type\":\"ReadAction\",\"target\":[\"https:\/\/iporanga.sp.gov.br\/site3\/carta-de-servicos-aos-usuarios-educacao\/\"]}]},{\"@type\":\"BreadcrumbList\",\"@id\":\"https:\/\/iporanga.sp.gov.br\/site3\/carta-de-servicos-aos-usuarios-educacao\/#breadcrumb\",\"itemListElement\":[{\"@type\":\"ListItem\",\"position\":1,\"name\":\"In\\u00edcio\",\"item\":\"https:\/\/iporanga.sp.gov.br\/site3\/\"},{\"@type\":\"ListItem\",\"position\":2,\"name\":\"Carta de Servi\\u00e7os aos Usu\\u00e1rios &#8211; EDUCA\\u00c7\\u00c3O\"}]}]}<\/script>\n<!-- \/ Yoast SEO plugin. -->","yoast_head_json":{"title":"Carta de Servi\u00e7os aos Usu\u00e1rios - EDUCA\u00c7\u00c3O - Iporanga","robots":{"index":"noindex","follow":"follow"},"og_locale":"pt_PT","og_type":"article","og_title":"Carta de Servi\u00e7os aos Usu\u00e1rios - EDUCA\u00c7\u00c3O - Iporanga","og_description":"CEMEI PADRE JO\u00c3O DRESEIWED 1 &#8211; Servi\u00e7o Matr\u00edcula de alunos educa\u00e7\u00e3o infantil creche e Pr\u00e9 Escola \u00a00 \u00e1 06 anos incompletos \u00a0 \u00a0 Descri\u00e7\u00e3o O respons\u00e1vel\u00a0 devera comparecer a CMEI PADRE JO\u00c3O DRESEIWED munido dos documentos descritos (c\u00f3pia simples) para realiza\u00e7\u00e3o de cadastro no sistema SED. P\u00fablico Alvo: B\u00eabes e crian\u00e7as de 0 a 06 [&hellip;]","og_url":"https:\/\/iporanga.sp.gov.br\/site3\/carta-de-servicos-aos-usuarios-educacao\/","og_site_name":"Iporanga","article_publisher":"https:\/\/www.facebook.com\/Iporanga.Mun","article_modified_time":"2022-12-22T12:33:38+00:00","twitter_card":"summary_large_image","twitter_misc":{"Tempo estimado de leitura":"4 minutos"},"schema":{"@context":"https:\/\/schema.org","@graph":[{"@type":"Organization","@id":"https:\/\/iporanga.sp.gov.br\/site3\/#organization","name":"Prefeitura Municipal de Iporanga","url":"https:\/\/iporanga.sp.gov.br\/site3\/","sameAs":["https:\/\/www.facebook.com\/Iporanga.Mun","https:\/\/www.youtube.com\/channel\/UCv-QJdlwebmOv0gsbdTZfpg","https:\/\/pt.wikipedia.org\/wiki\/Iporanga"],"logo":{"@type":"ImageObject","@id":"https:\/\/iporanga.sp.gov.br\/site3\/#logo","inLanguage":"pt-PT","url":"https:\/\/iporanga.sp.gov.br\/site3\/wp-content\/uploads\/2021\/03\/cropped-brasao_iporanga.png","contentUrl":"https:\/\/iporanga.sp.gov.br\/site3\/wp-content\/uploads\/2021\/03\/cropped-brasao_iporanga.png","width":512,"height":512,"caption":"Prefeitura Municipal de Iporanga"},"image":{"@id":"https:\/\/iporanga.sp.gov.br\/site3\/#logo"}},{"@type":"WebSite","@id":"https:\/\/iporanga.sp.gov.br\/site3\/#website","url":"https:\/\/iporanga.sp.gov.br\/site3\/","name":"Iporanga","description":"Munic\u00edpio de Interesse Tur\u00edstico | Capital das Cavernas","publisher":{"@id":"https:\/\/iporanga.sp.gov.br\/site3\/#organization"},"potentialAction":[{"@type":"SearchAction","target":{"@type":"EntryPoint","urlTemplate":"https:\/\/iporanga.sp.gov.br\/site3\/?s={search_term_string}"},"query-input":"required name=search_term_string"}],"inLanguage":"pt-PT"},{"@type":"WebPage","@id":"https:\/\/iporanga.sp.gov.br\/site3\/carta-de-servicos-aos-usuarios-educacao\/#webpage","url":"https:\/\/iporanga.sp.gov.br\/site3\/carta-de-servicos-aos-usuarios-educacao\/","name":"Carta de Servi\u00e7os aos Usu\u00e1rios - EDUCA\u00c7\u00c3O - Iporanga","isPartOf":{"@id":"https:\/\/iporanga.sp.gov.br\/site3\/#website"},"datePublished":"2022-12-22T12:04:58+00:00","dateModified":"2022-12-22T12:33:38+00:00","breadcrumb":{"@id":"https:\/\/iporanga.sp.gov.br\/site3\/carta-de-servicos-aos-usuarios-educacao\/#breadcrumb"},"inLanguage":"pt-PT","potentialAction":[{"@type":"ReadAction","target":["https:\/\/iporanga.sp.gov.br\/site3\/carta-de-servicos-aos-usuarios-educacao\/"]}]},{"@type":"BreadcrumbList","@id":"https:\/\/iporanga.sp.gov.br\/site3\/carta-de-servicos-aos-usuarios-educacao\/#breadcrumb","itemListElement":[{"@type":"ListItem","position":1,"name":"In\u00edcio","item":"https:\/\/iporanga.sp.gov.br\/site3\/"},{"@type":"ListItem","position":2,"name":"Carta de Servi\u00e7os aos Usu\u00e1rios &#8211; EDUCA\u00c7\u00c3O"}]}]}},"_links":{"self":[{"href":"https:\/\/iporanga.sp.gov.br\/site3\/wp-json\/wp\/v2\/pages\/760","targetHints":{"allow":["GET"]}}],"collection":[{"href":"https:\/\/iporanga.sp.gov.br\/site3\/wp-json\/wp\/v2\/pages"}],"about":[{"href":"https:\/\/iporanga.sp.gov.br\/site3\/wp-json\/wp\/v2\/types\/page"}],"author":[{"embeddable":true,"href":"https:\/\/iporanga.sp.gov.br\/site3\/wp-json\/wp\/v2\/users\/1"}],"replies":[{"embeddable":true,"href":"https:\/\/iporanga.sp.gov.br\/site3\/wp-json\/wp\/v2\/comments?post=760"}],"version-history":[{"count":3,"href":"https:\/\/iporanga.sp.gov.br\/site3\/wp-json\/wp\/v2\/pages\/760\/revisions"}],"predecessor-version":[{"id":768,"href":"https:\/\/iporanga.sp.gov.br\/site3\/wp-json\/wp\/v2\/pages\/760\/revisions\/768"}],"wp:attachment":[{"href":"https:\/\/iporanga.sp.gov.br\/site3\/wp-json\/wp\/v2\/media?parent=760"}],"curies":[{"name":"wp","href":"https:\/\/api.w.org\/{rel}","templated":true}]}}