{"id":757,"date":"2022-12-22T11:59:04","date_gmt":"2022-12-22T11:59:04","guid":{"rendered":"https:\/\/iporanga.sp.gov.br\/site3\/?page_id=757"},"modified":"2023-12-11T16:42:35","modified_gmt":"2023-12-11T16:42:35","slug":"carta-de-servicos-aos-usuarios-smads","status":"publish","type":"page","link":"https:\/\/iporanga.sp.gov.br\/site3\/carta-de-servicos-aos-usuarios-smads\/","title":{"rendered":"Carta de Servi\u00e7os aos Usu\u00e1rios &#8211; SMADS"},"content":{"rendered":"<p><strong>Usu\u00e1rios da Secretaria Municipal de Assist\u00eancia e Desenvolvimento Social<\/strong><\/p>\n<a href=\"https:\/\/iporanga.sp.gov.br\/site3\/wp-content\/uploads\/2023\/12\/CARTA-SERVICO-AO-USUARIO-SOCIAL.pdf\" class=\"pdfemb-viewer\" style=\"\" data-width=\"max\" data-height=\"max\"  data-toolbar=\"bottom\" data-toolbar-fixed=\"off\">CARTA SERVI\u00c7O AO USU\u00c1RIO SOCIAL<br\/><\/a>\n","protected":false},"excerpt":{"rendered":"<p>Usu\u00e1rios da Secretaria Municipal de Assist\u00eancia e Desenvolvimento Social<\/p>\n","protected":false},"author":1,"featured_media":0,"parent":0,"menu_order":0,"comment_status":"closed","ping_status":"closed","template":"","meta":{"footnotes":""},"class_list":["post-757","page","type-page","status-publish","hentry"],"yoast_head":"<!-- This site is optimized with the Yoast SEO plugin v17.5 - https:\/\/yoast.com\/wordpress\/plugins\/seo\/ -->\n<title>Carta de Servi\u00e7os aos Usu\u00e1rios - SMADS - Iporanga<\/title>\n<meta name=\"robots\" content=\"noindex, follow\" \/>\n<meta property=\"og:locale\" content=\"pt_PT\" \/>\n<meta property=\"og:type\" content=\"article\" \/>\n<meta property=\"og:title\" content=\"Carta de Servi\u00e7os aos Usu\u00e1rios - SMADS - Iporanga\" \/>\n<meta property=\"og:description\" content=\"Usu\u00e1rios da Secretaria Municipal de Assist\u00eancia e Desenvolvimento Social\" \/>\n<meta property=\"og:url\" content=\"https:\/\/iporanga.sp.gov.br\/site3\/carta-de-servicos-aos-usuarios-smads\/\" \/>\n<meta property=\"og:site_name\" content=\"Iporanga\" \/>\n<meta property=\"article:publisher\" content=\"https:\/\/www.facebook.com\/Iporanga.Mun\" \/>\n<meta property=\"article:modified_time\" content=\"2023-12-11T16:42:35+00:00\" \/>\n<meta name=\"twitter:card\" content=\"summary_large_image\" \/>\n<meta name=\"twitter:label1\" content=\"Tempo estimado de leitura\" \/>\n\t<meta name=\"twitter:data1\" content=\"1 minuto\" \/>\n<script type=\"application\/ld+json\" class=\"yoast-schema-graph\">{\"@context\":\"https:\/\/schema.org\",\"@graph\":[{\"@type\":\"Organization\",\"@id\":\"https:\/\/iporanga.sp.gov.br\/site3\/#organization\",\"name\":\"Prefeitura Municipal de Iporanga\",\"url\":\"https:\/\/iporanga.sp.gov.br\/site3\/\",\"sameAs\":[\"https:\/\/www.facebook.com\/Iporanga.Mun\",\"https:\/\/www.youtube.com\/channel\/UCv-QJdlwebmOv0gsbdTZfpg\",\"https:\/\/pt.wikipedia.org\/wiki\/Iporanga\"],\"logo\":{\"@type\":\"ImageObject\",\"@id\":\"https:\/\/iporanga.sp.gov.br\/site3\/#logo\",\"inLanguage\":\"pt-PT\",\"url\":\"https:\/\/iporanga.sp.gov.br\/site3\/wp-content\/uploads\/2021\/03\/cropped-brasao_iporanga.png\",\"contentUrl\":\"https:\/\/iporanga.sp.gov.br\/site3\/wp-content\/uploads\/2021\/03\/cropped-brasao_iporanga.png\",\"width\":512,\"height\":512,\"caption\":\"Prefeitura Municipal de Iporanga\"},\"image\":{\"@id\":\"https:\/\/iporanga.sp.gov.br\/site3\/#logo\"}},{\"@type\":\"WebSite\",\"@id\":\"https:\/\/iporanga.sp.gov.br\/site3\/#website\",\"url\":\"https:\/\/iporanga.sp.gov.br\/site3\/\",\"name\":\"Iporanga\",\"description\":\"Munic\\u00edpio de Interesse Tur\\u00edstico | Capital das Cavernas\",\"publisher\":{\"@id\":\"https:\/\/iporanga.sp.gov.br\/site3\/#organization\"},\"potentialAction\":[{\"@type\":\"SearchAction\",\"target\":{\"@type\":\"EntryPoint\",\"urlTemplate\":\"https:\/\/iporanga.sp.gov.br\/site3\/?s={search_term_string}\"},\"query-input\":\"required name=search_term_string\"}],\"inLanguage\":\"pt-PT\"},{\"@type\":\"WebPage\",\"@id\":\"https:\/\/iporanga.sp.gov.br\/site3\/carta-de-servicos-aos-usuarios-smads\/#webpage\",\"url\":\"https:\/\/iporanga.sp.gov.br\/site3\/carta-de-servicos-aos-usuarios-smads\/\",\"name\":\"Carta de Servi\\u00e7os aos Usu\\u00e1rios - SMADS - Iporanga\",\"isPartOf\":{\"@id\":\"https:\/\/iporanga.sp.gov.br\/site3\/#website\"},\"datePublished\":\"2022-12-22T11:59:04+00:00\",\"dateModified\":\"2023-12-11T16:42:35+00:00\",\"breadcrumb\":{\"@id\":\"https:\/\/iporanga.sp.gov.br\/site3\/carta-de-servicos-aos-usuarios-smads\/#breadcrumb\"},\"inLanguage\":\"pt-PT\",\"potentialAction\":[{\"@type\":\"ReadAction\",\"target\":[\"https:\/\/iporanga.sp.gov.br\/site3\/carta-de-servicos-aos-usuarios-smads\/\"]}]},{\"@type\":\"BreadcrumbList\",\"@id\":\"https:\/\/iporanga.sp.gov.br\/site3\/carta-de-servicos-aos-usuarios-smads\/#breadcrumb\",\"itemListElement\":[{\"@type\":\"ListItem\",\"position\":1,\"name\":\"In\\u00edcio\",\"item\":\"https:\/\/iporanga.sp.gov.br\/site3\/\"},{\"@type\":\"ListItem\",\"position\":2,\"name\":\"Carta de Servi\\u00e7os aos Usu\\u00e1rios &#8211; SMADS\"}]}]}<\/script>\n<!-- \/ Yoast SEO plugin. -->","yoast_head_json":{"title":"Carta de Servi\u00e7os aos Usu\u00e1rios - SMADS - Iporanga","robots":{"index":"noindex","follow":"follow"},"og_locale":"pt_PT","og_type":"article","og_title":"Carta de Servi\u00e7os aos Usu\u00e1rios - SMADS - Iporanga","og_description":"Usu\u00e1rios da Secretaria Municipal de Assist\u00eancia e Desenvolvimento Social","og_url":"https:\/\/iporanga.sp.gov.br\/site3\/carta-de-servicos-aos-usuarios-smads\/","og_site_name":"Iporanga","article_publisher":"https:\/\/www.facebook.com\/Iporanga.Mun","article_modified_time":"2023-12-11T16:42:35+00:00","twitter_card":"summary_large_image","twitter_misc":{"Tempo estimado de leitura":"1 minuto"},"schema":{"@context":"https:\/\/schema.org","@graph":[{"@type":"Organization","@id":"https:\/\/iporanga.sp.gov.br\/site3\/#organization","name":"Prefeitura Municipal de Iporanga","url":"https:\/\/iporanga.sp.gov.br\/site3\/","sameAs":["https:\/\/www.facebook.com\/Iporanga.Mun","https:\/\/www.youtube.com\/channel\/UCv-QJdlwebmOv0gsbdTZfpg","https:\/\/pt.wikipedia.org\/wiki\/Iporanga"],"logo":{"@type":"ImageObject","@id":"https:\/\/iporanga.sp.gov.br\/site3\/#logo","inLanguage":"pt-PT","url":"https:\/\/iporanga.sp.gov.br\/site3\/wp-content\/uploads\/2021\/03\/cropped-brasao_iporanga.png","contentUrl":"https:\/\/iporanga.sp.gov.br\/site3\/wp-content\/uploads\/2021\/03\/cropped-brasao_iporanga.png","width":512,"height":512,"caption":"Prefeitura Municipal de Iporanga"},"image":{"@id":"https:\/\/iporanga.sp.gov.br\/site3\/#logo"}},{"@type":"WebSite","@id":"https:\/\/iporanga.sp.gov.br\/site3\/#website","url":"https:\/\/iporanga.sp.gov.br\/site3\/","name":"Iporanga","description":"Munic\u00edpio de Interesse Tur\u00edstico | Capital das Cavernas","publisher":{"@id":"https:\/\/iporanga.sp.gov.br\/site3\/#organization"},"potentialAction":[{"@type":"SearchAction","target":{"@type":"EntryPoint","urlTemplate":"https:\/\/iporanga.sp.gov.br\/site3\/?s={search_term_string}"},"query-input":"required name=search_term_string"}],"inLanguage":"pt-PT"},{"@type":"WebPage","@id":"https:\/\/iporanga.sp.gov.br\/site3\/carta-de-servicos-aos-usuarios-smads\/#webpage","url":"https:\/\/iporanga.sp.gov.br\/site3\/carta-de-servicos-aos-usuarios-smads\/","name":"Carta de Servi\u00e7os aos Usu\u00e1rios - SMADS - Iporanga","isPartOf":{"@id":"https:\/\/iporanga.sp.gov.br\/site3\/#website"},"datePublished":"2022-12-22T11:59:04+00:00","dateModified":"2023-12-11T16:42:35+00:00","breadcrumb":{"@id":"https:\/\/iporanga.sp.gov.br\/site3\/carta-de-servicos-aos-usuarios-smads\/#breadcrumb"},"inLanguage":"pt-PT","potentialAction":[{"@type":"ReadAction","target":["https:\/\/iporanga.sp.gov.br\/site3\/carta-de-servicos-aos-usuarios-smads\/"]}]},{"@type":"BreadcrumbList","@id":"https:\/\/iporanga.sp.gov.br\/site3\/carta-de-servicos-aos-usuarios-smads\/#breadcrumb","itemListElement":[{"@type":"ListItem","position":1,"name":"In\u00edcio","item":"https:\/\/iporanga.sp.gov.br\/site3\/"},{"@type":"ListItem","position":2,"name":"Carta de Servi\u00e7os aos Usu\u00e1rios &#8211; SMADS"}]}]}},"_links":{"self":[{"href":"https:\/\/iporanga.sp.gov.br\/site3\/wp-json\/wp\/v2\/pages\/757","targetHints":{"allow":["GET"]}}],"collection":[{"href":"https:\/\/iporanga.sp.gov.br\/site3\/wp-json\/wp\/v2\/pages"}],"about":[{"href":"https:\/\/iporanga.sp.gov.br\/site3\/wp-json\/wp\/v2\/types\/page"}],"author":[{"embeddable":true,"href":"https:\/\/iporanga.sp.gov.br\/site3\/wp-json\/wp\/v2\/users\/1"}],"replies":[{"embeddable":true,"href":"https:\/\/iporanga.sp.gov.br\/site3\/wp-json\/wp\/v2\/comments?post=757"}],"version-history":[{"count":4,"href":"https:\/\/iporanga.sp.gov.br\/site3\/wp-json\/wp\/v2\/pages\/757\/revisions"}],"predecessor-version":[{"id":1413,"href":"https:\/\/iporanga.sp.gov.br\/site3\/wp-json\/wp\/v2\/pages\/757\/revisions\/1413"}],"wp:attachment":[{"href":"https:\/\/iporanga.sp.gov.br\/site3\/wp-json\/wp\/v2\/media?parent=757"}],"curies":[{"name":"wp","href":"https:\/\/api.w.org\/{rel}","templated":true}]}}