{"id":754,"date":"2022-12-22T11:53:36","date_gmt":"2022-12-22T11:53:36","guid":{"rendered":"https:\/\/iporanga.sp.gov.br\/site3\/?page_id=754"},"modified":"2022-12-22T11:53:36","modified_gmt":"2022-12-22T11:53:36","slug":"carta-de-servicos-aos-usuarios-saude","status":"publish","type":"page","link":"https:\/\/iporanga.sp.gov.br\/site3\/carta-de-servicos-aos-usuarios-saude\/","title":{"rendered":"Carta de Servi\u00e7os aos Usu\u00e1rios &#8211; SA\u00daDE"},"content":{"rendered":"<table width=\"702\">\n<tbody>\n<tr>\n<td width=\"119\"><strong>Servi\u00e7o<\/strong><\/td>\n<td width=\"583\">Coordena\u00e7\u00e3o e execu\u00e7\u00e3o das pol\u00edticas de sa\u00fade no munic\u00edpio<\/td>\n<\/tr>\n<tr>\n<td width=\"119\"><strong>\u00a0<\/strong><\/p>\n<p><strong>\u00a0<\/strong><\/p>\n<p><strong>Descri\u00e7\u00e3o<\/strong><\/td>\n<td width=\"583\">A Secretaria de Sa\u00fade tem como atribui\u00e7\u00e3o a coordena\u00e7\u00e3o e execu\u00e7\u00e3o das pol\u00edticas de sa\u00fade no munic\u00edpio com \u00eanfase em Gest\u00e3o Plena da Aten\u00e7\u00e3o Prim\u00e1ria. Em sua sede conta com servi\u00e7os administrativos, alimenta\u00e7\u00e3o e monitoramento dos sistemas de informa\u00e7\u00e3o de sa\u00fade, cadastramento dos servi\u00e7os de sa\u00fade p\u00fablica e privados e ouvidoria SUS que visa fortalecer os mecanismos de participa\u00e7\u00e3o social e qualificar a gest\u00e3o participativa.<\/td>\n<\/tr>\n<tr>\n<td width=\"119\"><strong>P\u00fablico Alvo:<\/strong><\/td>\n<td width=\"583\">Popula\u00e7\u00e3o Municipal<\/td>\n<\/tr>\n<tr>\n<td width=\"119\"><strong>Requisitos Necess\u00e1rios:<\/strong><\/td>\n<td width=\"583\">Atende a popula\u00e7\u00e3o em geral sem pr\u00e9-requisitos.<\/td>\n<\/tr>\n<tr>\n<td width=\"119\"><strong>Documentos<\/strong><\/p>\n<p><strong>Necess\u00e1rios:<\/strong><\/td>\n<td width=\"583\">Apresenta\u00e7\u00e3o do Cart\u00e3o Nacional de Sa\u00fade (Cart\u00e3o do SUS);<\/td>\n<\/tr>\n<tr>\n<td width=\"119\"><strong>Etapas do Processo:<\/strong><\/td>\n<td width=\"583\">Preenchimento de documenta\u00e7\u00e3o com informa\u00e7\u00f5es do paciente e dos sintomas a serem tratados<\/td>\n<\/tr>\n<tr>\n<td width=\"119\"><strong>Prazo para presta\u00e7\u00e3o do servi\u00e7o<\/strong><\/td>\n<td width=\"583\">Unidade de Pronto Atendimento\/Emergencia : Mediante Gravidade da situa\u00e7\u00e3o e fila de espera determinada por necessidade de emergencia<\/p>\n<p>&nbsp;<\/p>\n<p>Unidade de Tratamentos Continuos\/ESF-PSF: Agendamento Pr\u00e9vio<\/td>\n<\/tr>\n<tr>\n<td width=\"119\"><strong>Acesso ao servi\u00e7o:<\/strong><\/td>\n<td width=\"583\">( X)Presencial\u00a0\u00a0 (\u00a0\u00a0 )Online<\/td>\n<\/tr>\n<tr>\n<td width=\"119\"><strong>Taxa:<\/strong><\/td>\n<td width=\"583\">(\u00a0\u00a0 ) Sim\u00a0\u00a0 (X) N\u00e3o<\/td>\n<\/tr>\n<tr>\n<td width=\"119\"><strong>Previs\u00e3o\u00a0\u00a0 de<\/strong><\/p>\n<p><strong>atendimento:<\/strong><\/td>\n<td width=\"583\">(Ver <strong>Prazo para presta\u00e7\u00e3o do servi\u00e7o)<\/strong><\/td>\n<\/tr>\n<tr>\n<td width=\"119\"><strong>Prioridade de atendimento:<\/strong><\/td>\n<td width=\"583\">(Ver <strong>Prazo para presta\u00e7\u00e3o do servi\u00e7o)<\/strong><\/td>\n<\/tr>\n<tr>\n<td width=\"119\"><strong>Endere\u00e7o \u00a0de<\/strong><\/p>\n<p><strong>atendimento:<\/strong><\/td>\n<td width=\"583\">UBS III Lauro Tavares de Lima (Pronto Atendimento\/Emergencia) \u2013 Rua Doze de Janeiro, N.\u00ba 17, Bairro Centro ;<\/p>\n<p>UBS Dr. Thomas Antonio Cunha Cardoso de Almeida (Tratamentos Continuos\/ESF-PSF) \u2013 Avenida Iporanga, N.\u00ba 449, Bairro Centro;<\/p>\n<p>UBS Antonio Rodrigues &#8211; Rodovia Antonio Hon\u00f3rio da Silva, Bairro Serra)<\/p>\n<p>Postos de atendimento da Rede Publica de Sa\u00fade espalhados pelo Municipio<\/td>\n<\/tr>\n<tr>\n<td width=\"119\"><strong>Hor\u00e1rio\u00a0\u00a0\u00a0 de<\/strong><\/p>\n<p><strong>atendimento:<\/strong><\/td>\n<td width=\"583\">UBS III Lauro Tavares de Lima (Pronto Atendimento\/Emergencia): 24 Horas;<\/p>\n<p>UBS Dr. Thomas Antonio Cunha Cardoso de Almeida (Tratamentos Continuos\/ESF-PSF); UBS Antonio Rodrigues (Bairro Serra) e pontos de atendimento da Rede Publica de Sa\u00fade: das 07H00Min as 17H00Min<\/td>\n<\/tr>\n<tr>\n<td width=\"119\"><strong>Telefone:<\/strong><\/td>\n<td width=\"583\">192\/ (15) 3556 \u2013 1584 &#8211; UBS III Lauro Tavares de Lima (Pronto Atendimento\/Emergencia)<\/p>\n<p>(15) 3556 \u2013 1588 &#8211; UBS Dr. Thomas Antonio Cunha Cardoso de Almeida (Tratamentos Continuos\/ESF-PSF)<\/td>\n<\/tr>\n<tr>\n<td width=\"119\"><strong>E-mail:<\/strong><\/td>\n<td width=\"583\">saude@iporanga.sp.gov.br<\/td>\n<\/tr>\n<\/tbody>\n<\/table>\n","protected":false},"excerpt":{"rendered":"<p>Servi\u00e7o Coordena\u00e7\u00e3o e execu\u00e7\u00e3o das pol\u00edticas de sa\u00fade no munic\u00edpio \u00a0 \u00a0 Descri\u00e7\u00e3o A Secretaria de Sa\u00fade tem como atribui\u00e7\u00e3o a coordena\u00e7\u00e3o e execu\u00e7\u00e3o das pol\u00edticas de sa\u00fade no munic\u00edpio com \u00eanfase em Gest\u00e3o Plena da Aten\u00e7\u00e3o Prim\u00e1ria. Em sua sede conta com servi\u00e7os administrativos, alimenta\u00e7\u00e3o e monitoramento dos sistemas de informa\u00e7\u00e3o de sa\u00fade, cadastramento [&hellip;]<\/p>\n","protected":false},"author":1,"featured_media":0,"parent":0,"menu_order":0,"comment_status":"closed","ping_status":"closed","template":"","meta":{"footnotes":""},"class_list":["post-754","page","type-page","status-publish","hentry"],"yoast_head":"<!-- This site is optimized with the Yoast SEO plugin v17.5 - https:\/\/yoast.com\/wordpress\/plugins\/seo\/ -->\n<title>Carta de Servi\u00e7os aos Usu\u00e1rios - SA\u00daDE - Iporanga<\/title>\n<meta name=\"robots\" content=\"noindex, follow\" \/>\n<meta property=\"og:locale\" content=\"pt_PT\" \/>\n<meta property=\"og:type\" content=\"article\" \/>\n<meta property=\"og:title\" content=\"Carta de Servi\u00e7os aos Usu\u00e1rios - SA\u00daDE - Iporanga\" \/>\n<meta property=\"og:description\" content=\"Servi\u00e7o Coordena\u00e7\u00e3o e execu\u00e7\u00e3o das pol\u00edticas de sa\u00fade no munic\u00edpio \u00a0 \u00a0 Descri\u00e7\u00e3o A Secretaria de Sa\u00fade tem como atribui\u00e7\u00e3o a coordena\u00e7\u00e3o e execu\u00e7\u00e3o das pol\u00edticas de sa\u00fade no munic\u00edpio com \u00eanfase em Gest\u00e3o Plena da Aten\u00e7\u00e3o Prim\u00e1ria. Em sua sede conta com servi\u00e7os administrativos, alimenta\u00e7\u00e3o e monitoramento dos sistemas de informa\u00e7\u00e3o de sa\u00fade, cadastramento [&hellip;]\" \/>\n<meta property=\"og:url\" content=\"https:\/\/iporanga.sp.gov.br\/site3\/carta-de-servicos-aos-usuarios-saude\/\" \/>\n<meta property=\"og:site_name\" content=\"Iporanga\" \/>\n<meta property=\"article:publisher\" content=\"https:\/\/www.facebook.com\/Iporanga.Mun\" \/>\n<meta name=\"twitter:card\" content=\"summary_large_image\" \/>\n<meta name=\"twitter:label1\" content=\"Tempo estimado de leitura\" \/>\n\t<meta name=\"twitter:data1\" content=\"2 minutos\" \/>\n<script type=\"application\/ld+json\" class=\"yoast-schema-graph\">{\"@context\":\"https:\/\/schema.org\",\"@graph\":[{\"@type\":\"Organization\",\"@id\":\"https:\/\/iporanga.sp.gov.br\/site3\/#organization\",\"name\":\"Prefeitura Municipal de Iporanga\",\"url\":\"https:\/\/iporanga.sp.gov.br\/site3\/\",\"sameAs\":[\"https:\/\/www.facebook.com\/Iporanga.Mun\",\"https:\/\/www.youtube.com\/channel\/UCv-QJdlwebmOv0gsbdTZfpg\",\"https:\/\/pt.wikipedia.org\/wiki\/Iporanga\"],\"logo\":{\"@type\":\"ImageObject\",\"@id\":\"https:\/\/iporanga.sp.gov.br\/site3\/#logo\",\"inLanguage\":\"pt-PT\",\"url\":\"https:\/\/iporanga.sp.gov.br\/site3\/wp-content\/uploads\/2021\/03\/cropped-brasao_iporanga.png\",\"contentUrl\":\"https:\/\/iporanga.sp.gov.br\/site3\/wp-content\/uploads\/2021\/03\/cropped-brasao_iporanga.png\",\"width\":512,\"height\":512,\"caption\":\"Prefeitura Municipal de Iporanga\"},\"image\":{\"@id\":\"https:\/\/iporanga.sp.gov.br\/site3\/#logo\"}},{\"@type\":\"WebSite\",\"@id\":\"https:\/\/iporanga.sp.gov.br\/site3\/#website\",\"url\":\"https:\/\/iporanga.sp.gov.br\/site3\/\",\"name\":\"Iporanga\",\"description\":\"Munic\\u00edpio de Interesse Tur\\u00edstico | Capital das Cavernas\",\"publisher\":{\"@id\":\"https:\/\/iporanga.sp.gov.br\/site3\/#organization\"},\"potentialAction\":[{\"@type\":\"SearchAction\",\"target\":{\"@type\":\"EntryPoint\",\"urlTemplate\":\"https:\/\/iporanga.sp.gov.br\/site3\/?s={search_term_string}\"},\"query-input\":\"required name=search_term_string\"}],\"inLanguage\":\"pt-PT\"},{\"@type\":\"WebPage\",\"@id\":\"https:\/\/iporanga.sp.gov.br\/site3\/carta-de-servicos-aos-usuarios-saude\/#webpage\",\"url\":\"https:\/\/iporanga.sp.gov.br\/site3\/carta-de-servicos-aos-usuarios-saude\/\",\"name\":\"Carta de Servi\\u00e7os aos Usu\\u00e1rios - SA\\u00daDE - Iporanga\",\"isPartOf\":{\"@id\":\"https:\/\/iporanga.sp.gov.br\/site3\/#website\"},\"datePublished\":\"2022-12-22T11:53:36+00:00\",\"dateModified\":\"2022-12-22T11:53:36+00:00\",\"breadcrumb\":{\"@id\":\"https:\/\/iporanga.sp.gov.br\/site3\/carta-de-servicos-aos-usuarios-saude\/#breadcrumb\"},\"inLanguage\":\"pt-PT\",\"potentialAction\":[{\"@type\":\"ReadAction\",\"target\":[\"https:\/\/iporanga.sp.gov.br\/site3\/carta-de-servicos-aos-usuarios-saude\/\"]}]},{\"@type\":\"BreadcrumbList\",\"@id\":\"https:\/\/iporanga.sp.gov.br\/site3\/carta-de-servicos-aos-usuarios-saude\/#breadcrumb\",\"itemListElement\":[{\"@type\":\"ListItem\",\"position\":1,\"name\":\"In\\u00edcio\",\"item\":\"https:\/\/iporanga.sp.gov.br\/site3\/\"},{\"@type\":\"ListItem\",\"position\":2,\"name\":\"Carta de Servi\\u00e7os aos Usu\\u00e1rios &#8211; SA\\u00daDE\"}]}]}<\/script>\n<!-- \/ Yoast SEO plugin. -->","yoast_head_json":{"title":"Carta de Servi\u00e7os aos Usu\u00e1rios - SA\u00daDE - Iporanga","robots":{"index":"noindex","follow":"follow"},"og_locale":"pt_PT","og_type":"article","og_title":"Carta de Servi\u00e7os aos Usu\u00e1rios - SA\u00daDE - Iporanga","og_description":"Servi\u00e7o Coordena\u00e7\u00e3o e execu\u00e7\u00e3o das pol\u00edticas de sa\u00fade no munic\u00edpio \u00a0 \u00a0 Descri\u00e7\u00e3o A Secretaria de Sa\u00fade tem como atribui\u00e7\u00e3o a coordena\u00e7\u00e3o e execu\u00e7\u00e3o das pol\u00edticas de sa\u00fade no munic\u00edpio com \u00eanfase em Gest\u00e3o Plena da Aten\u00e7\u00e3o Prim\u00e1ria. Em sua sede conta com servi\u00e7os administrativos, alimenta\u00e7\u00e3o e monitoramento dos sistemas de informa\u00e7\u00e3o de sa\u00fade, cadastramento [&hellip;]","og_url":"https:\/\/iporanga.sp.gov.br\/site3\/carta-de-servicos-aos-usuarios-saude\/","og_site_name":"Iporanga","article_publisher":"https:\/\/www.facebook.com\/Iporanga.Mun","twitter_card":"summary_large_image","twitter_misc":{"Tempo estimado de leitura":"2 minutos"},"schema":{"@context":"https:\/\/schema.org","@graph":[{"@type":"Organization","@id":"https:\/\/iporanga.sp.gov.br\/site3\/#organization","name":"Prefeitura Municipal de Iporanga","url":"https:\/\/iporanga.sp.gov.br\/site3\/","sameAs":["https:\/\/www.facebook.com\/Iporanga.Mun","https:\/\/www.youtube.com\/channel\/UCv-QJdlwebmOv0gsbdTZfpg","https:\/\/pt.wikipedia.org\/wiki\/Iporanga"],"logo":{"@type":"ImageObject","@id":"https:\/\/iporanga.sp.gov.br\/site3\/#logo","inLanguage":"pt-PT","url":"https:\/\/iporanga.sp.gov.br\/site3\/wp-content\/uploads\/2021\/03\/cropped-brasao_iporanga.png","contentUrl":"https:\/\/iporanga.sp.gov.br\/site3\/wp-content\/uploads\/2021\/03\/cropped-brasao_iporanga.png","width":512,"height":512,"caption":"Prefeitura Municipal de Iporanga"},"image":{"@id":"https:\/\/iporanga.sp.gov.br\/site3\/#logo"}},{"@type":"WebSite","@id":"https:\/\/iporanga.sp.gov.br\/site3\/#website","url":"https:\/\/iporanga.sp.gov.br\/site3\/","name":"Iporanga","description":"Munic\u00edpio de Interesse Tur\u00edstico | Capital das Cavernas","publisher":{"@id":"https:\/\/iporanga.sp.gov.br\/site3\/#organization"},"potentialAction":[{"@type":"SearchAction","target":{"@type":"EntryPoint","urlTemplate":"https:\/\/iporanga.sp.gov.br\/site3\/?s={search_term_string}"},"query-input":"required name=search_term_string"}],"inLanguage":"pt-PT"},{"@type":"WebPage","@id":"https:\/\/iporanga.sp.gov.br\/site3\/carta-de-servicos-aos-usuarios-saude\/#webpage","url":"https:\/\/iporanga.sp.gov.br\/site3\/carta-de-servicos-aos-usuarios-saude\/","name":"Carta de Servi\u00e7os aos Usu\u00e1rios - SA\u00daDE - Iporanga","isPartOf":{"@id":"https:\/\/iporanga.sp.gov.br\/site3\/#website"},"datePublished":"2022-12-22T11:53:36+00:00","dateModified":"2022-12-22T11:53:36+00:00","breadcrumb":{"@id":"https:\/\/iporanga.sp.gov.br\/site3\/carta-de-servicos-aos-usuarios-saude\/#breadcrumb"},"inLanguage":"pt-PT","potentialAction":[{"@type":"ReadAction","target":["https:\/\/iporanga.sp.gov.br\/site3\/carta-de-servicos-aos-usuarios-saude\/"]}]},{"@type":"BreadcrumbList","@id":"https:\/\/iporanga.sp.gov.br\/site3\/carta-de-servicos-aos-usuarios-saude\/#breadcrumb","itemListElement":[{"@type":"ListItem","position":1,"name":"In\u00edcio","item":"https:\/\/iporanga.sp.gov.br\/site3\/"},{"@type":"ListItem","position":2,"name":"Carta de Servi\u00e7os aos Usu\u00e1rios &#8211; SA\u00daDE"}]}]}},"_links":{"self":[{"href":"https:\/\/iporanga.sp.gov.br\/site3\/wp-json\/wp\/v2\/pages\/754","targetHints":{"allow":["GET"]}}],"collection":[{"href":"https:\/\/iporanga.sp.gov.br\/site3\/wp-json\/wp\/v2\/pages"}],"about":[{"href":"https:\/\/iporanga.sp.gov.br\/site3\/wp-json\/wp\/v2\/types\/page"}],"author":[{"embeddable":true,"href":"https:\/\/iporanga.sp.gov.br\/site3\/wp-json\/wp\/v2\/users\/1"}],"replies":[{"embeddable":true,"href":"https:\/\/iporanga.sp.gov.br\/site3\/wp-json\/wp\/v2\/comments?post=754"}],"version-history":[{"count":1,"href":"https:\/\/iporanga.sp.gov.br\/site3\/wp-json\/wp\/v2\/pages\/754\/revisions"}],"predecessor-version":[{"id":755,"href":"https:\/\/iporanga.sp.gov.br\/site3\/wp-json\/wp\/v2\/pages\/754\/revisions\/755"}],"wp:attachment":[{"href":"https:\/\/iporanga.sp.gov.br\/site3\/wp-json\/wp\/v2\/media?parent=754"}],"curies":[{"name":"wp","href":"https:\/\/api.w.org\/{rel}","templated":true}]}}