{"id":31,"date":"2021-03-01T17:46:06","date_gmt":"2021-03-01T17:46:06","guid":{"rendered":"https:\/\/iporanga.sp.gov.br\/site3\/?page_id=31"},"modified":"2021-11-25T15:07:25","modified_gmt":"2021-11-25T15:07:25","slug":"contratos","status":"publish","type":"page","link":"https:\/\/iporanga.sp.gov.br\/site3\/contratos\/","title":{"rendered":"Contratos"},"content":{"rendered":"<p>Aqui voc\u00ea tem acesso aos contratos que o Munic\u00edpio de Iporanga mant\u00e9m com seus fornecedores.<\/p>\r\n<p><strong><a href=\"https:\/\/drive.google.com\/drive\/folders\/17XkpIKvOD4FbCaxBJowLIAr24DBDqzhV?usp=sharing\">Contratos Vigentes<\/a><\/strong><\/p>\r\n","protected":false},"excerpt":{"rendered":"<p>Aqui voc\u00ea tem acesso aos contratos que o Munic\u00edpio de Iporanga mant\u00e9m com seus fornecedores. Contratos Vigentes<\/p>\n","protected":false},"author":1,"featured_media":0,"parent":0,"menu_order":0,"comment_status":"closed","ping_status":"closed","template":"","meta":{"footnotes":""},"class_list":["post-31","page","type-page","status-publish","hentry"],"yoast_head":"<!-- This site is optimized with the Yoast SEO plugin v17.5 - https:\/\/yoast.com\/wordpress\/plugins\/seo\/ -->\n<title>Contratos - Iporanga<\/title>\n<meta name=\"robots\" content=\"noindex, follow\" \/>\n<meta property=\"og:locale\" content=\"pt_PT\" \/>\n<meta property=\"og:type\" content=\"article\" \/>\n<meta property=\"og:title\" content=\"Contratos - Iporanga\" \/>\n<meta property=\"og:description\" content=\"Aqui voc\u00ea tem acesso aos contratos que o Munic\u00edpio de Iporanga mant\u00e9m com seus fornecedores. Contratos Vigentes\" \/>\n<meta property=\"og:url\" content=\"https:\/\/iporanga.sp.gov.br\/site3\/contratos\/\" \/>\n<meta property=\"og:site_name\" content=\"Iporanga\" \/>\n<meta property=\"article:publisher\" content=\"https:\/\/www.facebook.com\/Iporanga.Mun\" \/>\n<meta property=\"article:modified_time\" content=\"2021-11-25T15:07:25+00:00\" \/>\n<meta name=\"twitter:card\" content=\"summary_large_image\" \/>\n<meta name=\"twitter:label1\" content=\"Tempo estimado de leitura\" \/>\n\t<meta name=\"twitter:data1\" content=\"1 minuto\" \/>\n<script type=\"application\/ld+json\" class=\"yoast-schema-graph\">{\"@context\":\"https:\/\/schema.org\",\"@graph\":[{\"@type\":\"Organization\",\"@id\":\"https:\/\/iporanga.sp.gov.br\/site3\/#organization\",\"name\":\"Prefeitura Municipal de Iporanga\",\"url\":\"https:\/\/iporanga.sp.gov.br\/site3\/\",\"sameAs\":[\"https:\/\/www.facebook.com\/Iporanga.Mun\",\"https:\/\/www.youtube.com\/channel\/UCv-QJdlwebmOv0gsbdTZfpg\",\"https:\/\/pt.wikipedia.org\/wiki\/Iporanga\"],\"logo\":{\"@type\":\"ImageObject\",\"@id\":\"https:\/\/iporanga.sp.gov.br\/site3\/#logo\",\"inLanguage\":\"pt-PT\",\"url\":\"https:\/\/iporanga.sp.gov.br\/site3\/wp-content\/uploads\/2021\/03\/cropped-brasao_iporanga.png\",\"contentUrl\":\"https:\/\/iporanga.sp.gov.br\/site3\/wp-content\/uploads\/2021\/03\/cropped-brasao_iporanga.png\",\"width\":512,\"height\":512,\"caption\":\"Prefeitura Municipal de Iporanga\"},\"image\":{\"@id\":\"https:\/\/iporanga.sp.gov.br\/site3\/#logo\"}},{\"@type\":\"WebSite\",\"@id\":\"https:\/\/iporanga.sp.gov.br\/site3\/#website\",\"url\":\"https:\/\/iporanga.sp.gov.br\/site3\/\",\"name\":\"Iporanga\",\"description\":\"Munic\\u00edpio de Interesse Tur\\u00edstico | Capital das Cavernas\",\"publisher\":{\"@id\":\"https:\/\/iporanga.sp.gov.br\/site3\/#organization\"},\"potentialAction\":[{\"@type\":\"SearchAction\",\"target\":{\"@type\":\"EntryPoint\",\"urlTemplate\":\"https:\/\/iporanga.sp.gov.br\/site3\/?s={search_term_string}\"},\"query-input\":\"required name=search_term_string\"}],\"inLanguage\":\"pt-PT\"},{\"@type\":\"WebPage\",\"@id\":\"https:\/\/iporanga.sp.gov.br\/site3\/contratos\/#webpage\",\"url\":\"https:\/\/iporanga.sp.gov.br\/site3\/contratos\/\",\"name\":\"Contratos - Iporanga\",\"isPartOf\":{\"@id\":\"https:\/\/iporanga.sp.gov.br\/site3\/#website\"},\"datePublished\":\"2021-03-01T17:46:06+00:00\",\"dateModified\":\"2021-11-25T15:07:25+00:00\",\"breadcrumb\":{\"@id\":\"https:\/\/iporanga.sp.gov.br\/site3\/contratos\/#breadcrumb\"},\"inLanguage\":\"pt-PT\",\"potentialAction\":[{\"@type\":\"ReadAction\",\"target\":[\"https:\/\/iporanga.sp.gov.br\/site3\/contratos\/\"]}]},{\"@type\":\"BreadcrumbList\",\"@id\":\"https:\/\/iporanga.sp.gov.br\/site3\/contratos\/#breadcrumb\",\"itemListElement\":[{\"@type\":\"ListItem\",\"position\":1,\"name\":\"In\\u00edcio\",\"item\":\"https:\/\/iporanga.sp.gov.br\/site3\/\"},{\"@type\":\"ListItem\",\"position\":2,\"name\":\"Contratos\"}]}]}<\/script>\n<!-- \/ Yoast SEO plugin. -->","yoast_head_json":{"title":"Contratos - Iporanga","robots":{"index":"noindex","follow":"follow"},"og_locale":"pt_PT","og_type":"article","og_title":"Contratos - Iporanga","og_description":"Aqui voc\u00ea tem acesso aos contratos que o Munic\u00edpio de Iporanga mant\u00e9m com seus fornecedores. Contratos Vigentes","og_url":"https:\/\/iporanga.sp.gov.br\/site3\/contratos\/","og_site_name":"Iporanga","article_publisher":"https:\/\/www.facebook.com\/Iporanga.Mun","article_modified_time":"2021-11-25T15:07:25+00:00","twitter_card":"summary_large_image","twitter_misc":{"Tempo estimado de leitura":"1 minuto"},"schema":{"@context":"https:\/\/schema.org","@graph":[{"@type":"Organization","@id":"https:\/\/iporanga.sp.gov.br\/site3\/#organization","name":"Prefeitura Municipal de Iporanga","url":"https:\/\/iporanga.sp.gov.br\/site3\/","sameAs":["https:\/\/www.facebook.com\/Iporanga.Mun","https:\/\/www.youtube.com\/channel\/UCv-QJdlwebmOv0gsbdTZfpg","https:\/\/pt.wikipedia.org\/wiki\/Iporanga"],"logo":{"@type":"ImageObject","@id":"https:\/\/iporanga.sp.gov.br\/site3\/#logo","inLanguage":"pt-PT","url":"https:\/\/iporanga.sp.gov.br\/site3\/wp-content\/uploads\/2021\/03\/cropped-brasao_iporanga.png","contentUrl":"https:\/\/iporanga.sp.gov.br\/site3\/wp-content\/uploads\/2021\/03\/cropped-brasao_iporanga.png","width":512,"height":512,"caption":"Prefeitura Municipal de Iporanga"},"image":{"@id":"https:\/\/iporanga.sp.gov.br\/site3\/#logo"}},{"@type":"WebSite","@id":"https:\/\/iporanga.sp.gov.br\/site3\/#website","url":"https:\/\/iporanga.sp.gov.br\/site3\/","name":"Iporanga","description":"Munic\u00edpio de Interesse Tur\u00edstico | Capital das Cavernas","publisher":{"@id":"https:\/\/iporanga.sp.gov.br\/site3\/#organization"},"potentialAction":[{"@type":"SearchAction","target":{"@type":"EntryPoint","urlTemplate":"https:\/\/iporanga.sp.gov.br\/site3\/?s={search_term_string}"},"query-input":"required name=search_term_string"}],"inLanguage":"pt-PT"},{"@type":"WebPage","@id":"https:\/\/iporanga.sp.gov.br\/site3\/contratos\/#webpage","url":"https:\/\/iporanga.sp.gov.br\/site3\/contratos\/","name":"Contratos - Iporanga","isPartOf":{"@id":"https:\/\/iporanga.sp.gov.br\/site3\/#website"},"datePublished":"2021-03-01T17:46:06+00:00","dateModified":"2021-11-25T15:07:25+00:00","breadcrumb":{"@id":"https:\/\/iporanga.sp.gov.br\/site3\/contratos\/#breadcrumb"},"inLanguage":"pt-PT","potentialAction":[{"@type":"ReadAction","target":["https:\/\/iporanga.sp.gov.br\/site3\/contratos\/"]}]},{"@type":"BreadcrumbList","@id":"https:\/\/iporanga.sp.gov.br\/site3\/contratos\/#breadcrumb","itemListElement":[{"@type":"ListItem","position":1,"name":"In\u00edcio","item":"https:\/\/iporanga.sp.gov.br\/site3\/"},{"@type":"ListItem","position":2,"name":"Contratos"}]}]}},"_links":{"self":[{"href":"https:\/\/iporanga.sp.gov.br\/site3\/wp-json\/wp\/v2\/pages\/31","targetHints":{"allow":["GET"]}}],"collection":[{"href":"https:\/\/iporanga.sp.gov.br\/site3\/wp-json\/wp\/v2\/pages"}],"about":[{"href":"https:\/\/iporanga.sp.gov.br\/site3\/wp-json\/wp\/v2\/types\/page"}],"author":[{"embeddable":true,"href":"https:\/\/iporanga.sp.gov.br\/site3\/wp-json\/wp\/v2\/users\/1"}],"replies":[{"embeddable":true,"href":"https:\/\/iporanga.sp.gov.br\/site3\/wp-json\/wp\/v2\/comments?post=31"}],"version-history":[{"count":16,"href":"https:\/\/iporanga.sp.gov.br\/site3\/wp-json\/wp\/v2\/pages\/31\/revisions"}],"predecessor-version":[{"id":55,"href":"https:\/\/iporanga.sp.gov.br\/site3\/wp-json\/wp\/v2\/pages\/31\/revisions\/55"}],"wp:attachment":[{"href":"https:\/\/iporanga.sp.gov.br\/site3\/wp-json\/wp\/v2\/media?parent=31"}],"curies":[{"name":"wp","href":"https:\/\/api.w.org\/{rel}","templated":true}]}}