{"id":1544,"date":"2024-05-10T11:37:58","date_gmt":"2024-05-10T11:37:58","guid":{"rendered":"https:\/\/iporanga.sp.gov.br\/site3\/?page_id=1544"},"modified":"2024-07-01T19:28:45","modified_gmt":"2024-07-01T19:28:45","slug":"concurso-publico-2024","status":"publish","type":"page","link":"https:\/\/iporanga.sp.gov.br\/site3\/concurso-publico-2024\/","title":{"rendered":"Concurso P\u00fablico 2024"},"content":{"rendered":"<p><strong>Concurso P\u00fablico 01\/2024.<\/strong><\/p>\n<p>Nesta p\u00e1gina voc\u00ea acompanhar\u00e1 todas as etapas do Concurso P\u00fablico n\u00ba 01 e n\u00ba 02\u00a0 de 2024.<\/p>\n<ul>\n<li style=\"list-style-type: none;\">\n<ul>\n<li><a href=\"https:\/\/drive.google.com\/file\/d\/1FuM8Rtbpk1uxb0v-WubwKZrvSIaVBqpX\/view?usp=sharing\">Edital n\u00ba1<\/a><\/li>\n<li><a href=\"https:\/\/drive.google.com\/file\/d\/1wLx-YxmpeXqDI2ysO8FomrVCygQKwcYl\/view?usp=sharing\">Edital n\u00ba 2<\/a><\/li>\n<li><a href=\"https:\/\/drive.google.com\/file\/d\/1V3CMhr-45GHDpVJ2s5M5BoCPBZnWV7Qz\/view?usp=sharing\">Edital de Retifica\u00e7\u00e3o n\u00ba 1<\/a><\/li>\n<li><a href=\"https:\/\/drive.google.com\/file\/d\/1GTKdTJR1D2b5RwjqGGK3JRQt6AXKCxHg\/view?usp=sharing\">Edital de Abertura das Inscri\u00e7\u00f5es &#8211; Consolidado<\/a><\/li>\n<li><a href=\"https:\/\/drive.google.com\/file\/d\/15iql8y9EOxoewoL2oeyZ3bnUuh_LU9-B\/view?usp=sharing\">Resultado da Solicita\u00e7\u00e3o de Isen\u00e7\u00e3o<\/a><\/li>\n<li><a href=\"https:\/\/drive.google.com\/file\/d\/1O9BjZnCnTBfcE-W1dNF3DhHLzcQ0MOPM\/view?usp=sharing\">21\/05\/2024 &#8211; Edital de Abertura das Inscri\u00e7\u00f5es &#8211; Consolidado<\/a><\/li>\n<li><a href=\"https:\/\/drive.google.com\/file\/d\/1c2Zdm2RRx0xatcp5CaeO9X7VDgJQh3HX\/view?usp=sharing\">21\/05\/2024 &#8211; Edital de Retifica\u00e7\u00e3o n\u00ba2<\/a><\/li>\n<li><a href=\"https:\/\/drive.google.com\/file\/d\/14jwTkW2wOVacsvTily5YA5uPCKE27r6y\/view?usp=sharing\">21\/05\/2024 &#8211; Edital de Deferimento de Inscri\u00e7\u00f5es<\/a><\/li>\n<li><a href=\"https:\/\/drive.google.com\/file\/d\/1Bc5bEubsZ6CBlVcOmtodOP8OZKLiSzCx\/view?usp=sharing\">21\/05\/2024 &#8211; Inscri\u00e7\u00f5es Deferidas<\/a><\/li>\n<li><a href=\"https:\/\/drive.google.com\/file\/d\/1HqawRvOZlRnSm0K_zU2b6GWQIHEptzZW\/view?usp=sharing\">21\/05\/2024 &#8211; Inscri\u00e7\u00f5es Indeferidas<\/a><\/li>\n<li><a href=\"https:\/\/drive.google.com\/file\/d\/1I2va4SNcE33FiPnJW2MY2oplzidOknQ6\/view?usp=sharing\">22\/05\/2024 &#8211; Edital de Resultado do Requerimento da Isen\u00e7\u00e3o da Taxa de Inscri\u00e7\u00e3o<\/a><\/li>\n<li><a href=\"https:\/\/drive.google.com\/file\/d\/1-CLuh2pHP5LEVndB41P6YfiK1zHrEPt7\/\">24\/05\/2024 &#8211; Edital de Convoca\u00e7\u00e3o Para a Prova<\/a><\/li>\n<li><a href=\"https:\/\/drive.google.com\/file\/d\/1aPdi8pUl-SvDBhzaer1ZLDW8dm6WxITy\/view?usp=sharing\">27\/05\/2024 &#8211; Edital de Retifica\u00e7\u00e3o n\u00ba 3<\/a><\/li>\n<li><a href=\"https:\/\/drive.google.com\/file\/d\/1RsWt0HTpQ-IgpaDf61NRbMIWoNvuxFQv\/view?usp=sharing\">27\/05\/2024 &#8211; Edital de Abertura de Inscri\u00e7\u00f5es &#8211; Consolidado<\/a><\/li>\n<li><a href=\"https:\/\/drive.google.com\/file\/d\/1yMCs0_nvlRDySn82kXmWI5FJmGLx0zBw\/view?usp=sharing\">31\/05\/2024 &#8211; Inscri\u00e7\u00f5es Deferidas &#8211; Concurso P\u00fablico n\u00ba 02\/2024<\/a><\/li>\n<li><a href=\"https:\/\/drive.google.com\/file\/d\/1BWWt3ypMANc0WXwjRHC78Bc9RoCnaNbN\/view?usp=sharing\">31\/05\/2024 &#8211; Inscri\u00e7\u00f5es Indeferidas &#8211; Concurso P\u00fablico n\u00ba 02\/2024<\/a><\/li>\n<li><a href=\"https:\/\/drive.google.com\/file\/d\/1byax_Ry613RlbdBDbokVrlnf1FDd3jiW\/view?usp=sharing\">31\/05\/2024 &#8211; CONCURSO P\u00daBLICO No 002\/2024 &#8211; EDITAL DE DEFERIMENTO DE INSCRI\u00c7\u00d5ES<\/a><\/li>\n<li><a href=\"https:\/\/drive.google.com\/file\/d\/1EyymKfcAhbZMagqXjk0ITsgLygZnB1zM\/view?usp=sharing\">03\/06\/2024 &#8211; Gabarito &#8211; Concurso P\u00fablico 01\/2024.<\/a><\/li>\n<li><a href=\"https:\/\/drive.google.com\/file\/d\/1-8aG0wVusLmztOtgnLapHf4ltKxeTl9C\/view?usp=sharing\">04\/06\/2024 &#8211; CP N 002\/2024 &#8211; EDITAL DE RESULTADO DOS RECURSOS<\/a><\/li>\n<li><a href=\"https:\/\/drive.google.com\/file\/d\/1A19mAMEWx0eT5J_u2SniqexY3DurZQDI\/view?usp=sharing\">04\/06\/2024 &#8211; CP N 002\/2024 &#8211; EDITAL DE DEFERIMENTO DE INSCRI\u00c7\u00d5ES RETIFICADO<\/a><\/li>\n<li><a href=\"https:\/\/drive.google.com\/file\/d\/1C8FFOQq6yh3mwmGEF5nxCaYwmNCnaf1_\/view?usp=sharing\">04\/06\/2024 &#8211; CP n 002\/2024 &#8211; ANEXO I &#8211; INSCRI\u00c7\u00d5ES DEFERIDAS &#8211; RETIFICADO<\/a><\/li>\n<li><a href=\"https:\/\/drive.google.com\/file\/d\/1IYZdt3sj4Wq6NDdWW84HfZpY_BlbLdEJ\/view?usp=sharing\">04\/06\/2024 &#8211; CP N 002\/2024 &#8211; ANEXO II &#8211; INSCRI\u00c7\u00d5ES INDEFERIDAS &#8211; RETIFICADO<\/a><\/li>\n<li><a href=\"https:\/\/drive.google.com\/file\/d\/1r4gp7lOSt8GrkufFZDF7y9NxFJ7qzrPt\/view?usp=sharing\">04\/06\/2024 &#8211; CP N 002\/2024 &#8211; EDITAL DE CONVOCA\u00c7\u00c3O PARA A PROVA <strong>09\/06\/2024<\/strong><\/a><\/li>\n<li><a href=\"https:\/\/drive.google.com\/file\/d\/1anrKEtJjzq5mcHJbSS2zWnMhWMUD2rV8\/view?usp=sharing\">04\/06\/2024 &#8211; CP N 002\/2024 &#8211; EDITAL DE CONVOCA\u00c7\u00c3O PARA A PROVA <strong>16\/06\/2024<\/strong><\/a><\/li>\n<li><a href=\"https:\/\/drive.google.com\/file\/d\/1Ci2r5mFPif6T5n-pupD93eH4Wv0ujpdQ\/view?usp=sharing\">04\/06\/2024 &#8211; CP N 002\/2024 &#8211; EDITAL de ABERTURA de INSCRI\u00c7\u00d5ES CONSOLIDADO<\/a><\/li>\n<li><a href=\"https:\/\/drive.google.com\/file\/d\/1B5QqqPRa816EsUmtY-LzUwmUH2VnSW8B\/view?usp=sharing\">04\/06\/2024 &#8211; CP N 002\/2024 &#8211; EDITAL de RETIFICA\u00c7\u00c3O No 4<\/a><\/li>\n<li><a href=\"https:\/\/drive.google.com\/file\/d\/1gczuadX-4TFF7yZjVehr_UjJpCcKBF69\/view?usp=sharing\">10\/06\/2024 &#8211; CP No 001\/2024 &#8211; EDITAL DE RESULTADO DOS RECURSOS<\/a><\/li>\n<li><a href=\"https:\/\/drive.google.com\/file\/d\/1FOUdGs7VFiGKNahHpw1fWFnhAw8cF5Yj\/view?usp=sharing\">10\/06\/2024 &#8211;\u00a0 CP N 001\/2024 &#8211; EDITAL DE CLASSIFICA\u00c7\u00c3O PROVIS\u00d3RIA<\/a><\/li>\n<li><a href=\"https:\/\/drive.google.com\/file\/d\/1dNoC21dCak6PffifvvRQilCqDQwJ-BSX\/view?usp=sharing\">10\/06\/2024 &#8211; CP N 01\/2024 &#8211; ANEXO I &#8211; CLASSIFICA\u00c7\u00c3O PROVIS\u00d3RIA<\/a><\/li>\n<li><a href=\"https:\/\/drive.google.com\/file\/d\/1cWfxS9U52k3G6dYa0dYXbqq08bpig9Qm\/view?usp=sharing\">10\/06\/2024 &#8211; CP N 01\/2024 &#8211; ANEXO II &#8211; CANDIDATOS N\u00c3O CLASSIFICADOS<\/a><\/li>\n<li><a href=\"https:\/\/drive.google.com\/file\/d\/1EHz-N_z1G_3bMgYmvD1s9SW_GLz0JBSz\/view?usp=sharing\">13\/06\/2024 &#8211; CP N\u00ba 01\/2024 &#8211; ANEXO I &#8211; CLASSIFICA\u00c7\u00c3O FINAL AP\u00d3S PROVAS OBJETIVAS<\/a><\/li>\n<li><a href=\"https:\/\/drive.google.com\/file\/d\/1InlvCNq4J7CFMJZHV4IJ-me34cKwn02c\/view?usp=sharing\">13\/06\/2024 &#8211; CP N\u00ba 01\/2024 &#8211; EDITAL DE CLASSIFICA\u00c7\u00c3O FINAL AP\u00d3S PROVAS OBJETIVAS<\/a><\/li>\n<li><a href=\"https:\/\/drive.google.com\/file\/d\/1rTsGeXJTNj8N6LXHAbTB2VFFzm9bcT6h\/view?usp=sharing\">13\/06\/2024 &#8211; CP N\u00ba 01\/2024 &#8211; EDITAL DE CONVOCA\u00c7\u00c3O PARA AS PROVAS PR\u00c1TICAS<\/a><\/li>\n<li><a href=\"https:\/\/drive.google.com\/file\/d\/1j_TyOlSCNTQa9J_FnsBxZOtmTUOpCqVC\/view?usp=sharing\">17\/06\/2024 &#8211; CP N\u00ba 02\/2024 &#8211; ANEXO I &#8211; CLASSIFICA\u00c7\u00c3O PROVIS\u00d3RIA &#8211; PROVAS APLICADAS EM 09-JUN-2024<\/a><\/li>\n<li><a href=\"https:\/\/drive.google.com\/file\/d\/1zr0ZA5uZGQPa58NfFSUN8GJMN-WMvN9_\/view?usp=sharing\">17\/06\/2024 &#8211; CP N\u00ba 02\/2024 &#8211; ANEXO II &#8211; CANDIDATOS N\u00c3O CLASSIFICADOS &#8211; PROVAS APLICADAS EM 09-JUN-2024<\/a><\/li>\n<li><a href=\"https:\/\/drive.google.com\/file\/d\/1pfRFNU5E0d_705F-CIrvpGhLm1x-JlzV\/view?usp=sharing\">17\/06\/2024 &#8211; CP N\u00ba 02\/2024 &#8211; EDITAL DE CLASSIFICA\u00c7\u00c3O PROVIS\u00d3RIA \u2013 PROVAS APLICADAS EM 09-JUN-2024<\/a><\/li>\n<li><a href=\"https:\/\/drive.google.com\/file\/d\/1Z01rcjoZs5Vj0MdZPBAmFD7IM2YFmk4E\/view?usp=sharing\">21\/06\/2024 &#8211; CP N\u00ba 02\/2024 &#8211; EDITAL DE CLASSIFICA\u00c7\u00c3O FINAL \u2013 PROVAS APLICADAS EM 09-JUN-2024<\/a><\/li>\n<li><a href=\"https:\/\/drive.google.com\/file\/d\/1NqQN0WrpjKNtL_1Pl_DqxQ0gs_P0i2Fw\/view?usp=sharing\">21\/06\/2024 &#8211; CP N\u00ba 02\/2024 &#8211; ANEXO I &#8211; CLASSIFICA\u00c7\u00c3O FINAL &#8211; PROVAS APLICADAS EM 09-JUN-2024<\/a><\/li>\n<li><a href=\"https:\/\/drive.google.com\/file\/d\/1ORL3u6vVUveVVQQyJmXnCQqn5v59OYhf\/view?usp=sharing\">24\/06\/2024 &#8211; CP N\u00ba 01\/2024 &#8211; EDITAL DE CLASSIFICA\u00c7\u00c3O PROVIS\u00d3RIA AP\u00d3S PROVA PR\u00c1TICA<\/a><\/li>\n<li><a href=\"https:\/\/drive.google.com\/file\/d\/1tMTzvi4VVGGOYZdb-80VdJFgA4U06Udi\/view?usp=sharing\">24\/06\/2024 &#8211; CP N\u00ba 01\/2024 &#8211; ANEXO I &#8211; CLASSIFICA\u00c7\u00c3O PROVIS\u00d3RIA AP\u00d3S PROVA PR\u00c1TICA<\/a><\/li>\n<li><a href=\"https:\/\/drive.google.com\/file\/d\/1FqSNakVPYU5L0AOnDGzQyoS4s-TBu6dJ\/view?usp=sharing\">24\/06\/2024 &#8211; CP N\u00ba 01\/2024 &#8211; ANEXO II &#8211; CANDIDATOS N\u00c3O CLASSIFICADOS AP\u00d3S A PROVA PR\u00c1TICA<\/a><\/li>\n<li><a href=\"https:\/\/drive.google.com\/file\/d\/10jcpFfNiOR90u1BzI4mmM22-TTkJ1Jj0\/view?usp=sharing\">25\/06\/2024 &#8211; CP N\u00ba 02\/2024 &#8211; EDITAL DE CLASSIFICA\u00c7\u00c3O PROVIS\u00d3RIA \u2013 PROVAS APLICADAS EM 16-JUN-2024<\/a><\/li>\n<li><a href=\"https:\/\/drive.google.com\/file\/d\/1H9JcvT1Hr8YqbWJ7gWhFCAX9CAqAcj4Y\/view?usp=sharing\">25\/06\/2024 &#8211; CP N\u00ba 02\/2024 &#8211; ANEXO I &#8211; CLASSIFICA\u00c7\u00c3O PROVIS\u00d3RIA &#8211; PROVAS APLICADAS EM 16-JUN-2024<\/a><\/li>\n<li><a href=\"https:\/\/drive.google.com\/file\/d\/1zKdcr6060OaH1XxqD2lQwYAShLkT1rlO\/view?usp=sharing\">25\/06\/2024 &#8211; CP N\u00ba 02\/2024 &#8211; ANEXO II &#8211; CANDIDATOS N\u00c3O CLASSIFICADOS &#8211; PROVAS APLICADAS EM 16-JUN-2024<\/a><\/li>\n<li><a href=\"https:\/\/drive.google.com\/file\/d\/1gO93A85ekI--T_DddcAJbvuyw15GRtcg\/view?usp=sharing\">27\/06\/2024 &#8211; CP N\u00ba 01\/2024 &#8211; EDITAL DE CLASSIFICA\u00c7\u00c3O FINAL AP\u00d3S PROVA PR\u00c1TICA<\/a><\/li>\n<li><a href=\"https:\/\/drive.google.com\/file\/d\/1-P0T3kBHxCLc9k_ooAcDJS2Z9_-BaLsk\/view?usp=sharing\">27\/06\/2024 &#8211; CP N\u00ba 01\/2024 &#8211; ANEXO I &#8211; CLASSIFICA\u00c7\u00c3O FINAL AP\u00d3S PROVA PR\u00c1TICA<\/a><\/li>\n<li><a href=\"https:\/\/drive.google.com\/file\/d\/1oJrjtwjWw0d8GSRJLYHbKA1I5iliOqCF\/view?usp=sharing\">28\/06\/2024 &#8211; CP N\u00ba 02\/2024 &#8211; EDITAL DE CLASSIFICA\u00c7\u00c3O FINAL \u2013 PROVAS APLICADAS EM 16-JUN-2024<\/a><\/li>\n<li><a href=\"https:\/\/drive.google.com\/file\/d\/1D_e68hbGmXfR4f1OIblbpdgtsiz52BYJ\/view?usp=sharing\">28\/06\/2024 &#8211; CP N\u00ba 02\/2024 &#8211; ANEXO I &#8211; CLASSIFICA\u00c7\u00c3O FINAL &#8211; PROVAS APLICADAS EM 16-JUN-2024<\/a><\/li>\n<li><a href=\"https:\/\/drive.google.com\/file\/d\/1Bm1vCnW1_yqHu1XkpQzuX2ahWlHRu8Wx\/view?usp=sharing\">28\/06\/2024 &#8211; EDITAL DE HOMOLOGA\u00c7\u00c3O CONCURSO P\u00daBLICO N\u00ba 01\/2024<\/a><\/li>\n<li><a href=\"https:\/\/drive.google.com\/file\/d\/1dnf7BPa9no6QHZr79NZ8QwguyNs8XpgZ\/view?usp=sharing\">28\/06\/2024 &#8211; EDITAL DE HOMOLOGA\u00c7\u00c3O CONCURSO P\u00daBLICO N\u00ba 02\/2024<\/a><\/li>\n<li><a href=\"https:\/\/drive.google.com\/file\/d\/1-3UI-Z8MYsJioUeDzuCgLJhigRrDaNyO\/view?usp=sharing\">01\/07\/2024 &#8211; CP N\u00ba 01\/2024 &#8211; CONVOCA\u00c7\u00c3O<\/a><\/li>\n<li><a href=\"https:\/\/drive.google.com\/file\/d\/1-nqaTm_nUmEZDTlPgieTZJD5LQeahAyX\/view?usp=sharing\">01\/07\/2024 &#8211; CP N\u00ba 02\/2024 &#8211; CONVOCA\u00c7\u00c3O<\/a><\/li>\n<\/ul>\n<\/li>\n<\/ul>\n","protected":false},"excerpt":{"rendered":"<p>Concurso P\u00fablico 01\/2024. Nesta p\u00e1gina voc\u00ea acompanhar\u00e1 todas as etapas do Concurso P\u00fablico n\u00ba 01 e n\u00ba 02\u00a0 de 2024. Edital n\u00ba1 Edital n\u00ba 2 Edital de Retifica\u00e7\u00e3o n\u00ba 1 Edital de Abertura das Inscri\u00e7\u00f5es &#8211; Consolidado Resultado da Solicita\u00e7\u00e3o de Isen\u00e7\u00e3o 21\/05\/2024 &#8211; Edital de Abertura das Inscri\u00e7\u00f5es &#8211; Consolidado 21\/05\/2024 &#8211; Edital de [&hellip;]<\/p>\n","protected":false},"author":1,"featured_media":0,"parent":0,"menu_order":0,"comment_status":"closed","ping_status":"closed","template":"","meta":{"footnotes":""},"class_list":["post-1544","page","type-page","status-publish","hentry"],"yoast_head":"<!-- This site is optimized with the Yoast SEO plugin v17.5 - https:\/\/yoast.com\/wordpress\/plugins\/seo\/ -->\n<title>Concurso P\u00fablico 2024 - Iporanga<\/title>\n<meta name=\"description\" content=\"Concurso p\u00fablico para provimento de diversos cargos de n\u00edvel fundamental, m\u00e9dio e superior. 2024.\" \/>\n<meta name=\"robots\" content=\"noindex, follow\" \/>\n<meta property=\"og:locale\" content=\"pt_PT\" \/>\n<meta property=\"og:type\" content=\"article\" \/>\n<meta property=\"og:title\" content=\"Concurso P\u00fablico 2024 - Iporanga\" \/>\n<meta property=\"og:description\" content=\"Concurso p\u00fablico para provimento de diversos cargos de n\u00edvel fundamental, m\u00e9dio e superior. 2024.\" \/>\n<meta property=\"og:url\" content=\"https:\/\/iporanga.sp.gov.br\/site3\/concurso-publico-2024\/\" \/>\n<meta property=\"og:site_name\" content=\"Iporanga\" \/>\n<meta property=\"article:publisher\" content=\"https:\/\/www.facebook.com\/Iporanga.Mun\" \/>\n<meta property=\"article:modified_time\" content=\"2024-07-01T19:28:45+00:00\" \/>\n<meta name=\"twitter:card\" content=\"summary_large_image\" \/>\n<meta name=\"twitter:label1\" content=\"Tempo estimado de leitura\" \/>\n\t<meta name=\"twitter:data1\" content=\"3 minutos\" \/>\n<script type=\"application\/ld+json\" class=\"yoast-schema-graph\">{\"@context\":\"https:\/\/schema.org\",\"@graph\":[{\"@type\":\"Organization\",\"@id\":\"https:\/\/iporanga.sp.gov.br\/site3\/#organization\",\"name\":\"Prefeitura Municipal de Iporanga\",\"url\":\"https:\/\/iporanga.sp.gov.br\/site3\/\",\"sameAs\":[\"https:\/\/www.facebook.com\/Iporanga.Mun\",\"https:\/\/www.youtube.com\/channel\/UCv-QJdlwebmOv0gsbdTZfpg\",\"https:\/\/pt.wikipedia.org\/wiki\/Iporanga\"],\"logo\":{\"@type\":\"ImageObject\",\"@id\":\"https:\/\/iporanga.sp.gov.br\/site3\/#logo\",\"inLanguage\":\"pt-PT\",\"url\":\"https:\/\/iporanga.sp.gov.br\/site3\/wp-content\/uploads\/2021\/03\/cropped-brasao_iporanga.png\",\"contentUrl\":\"https:\/\/iporanga.sp.gov.br\/site3\/wp-content\/uploads\/2021\/03\/cropped-brasao_iporanga.png\",\"width\":512,\"height\":512,\"caption\":\"Prefeitura Municipal de Iporanga\"},\"image\":{\"@id\":\"https:\/\/iporanga.sp.gov.br\/site3\/#logo\"}},{\"@type\":\"WebSite\",\"@id\":\"https:\/\/iporanga.sp.gov.br\/site3\/#website\",\"url\":\"https:\/\/iporanga.sp.gov.br\/site3\/\",\"name\":\"Iporanga\",\"description\":\"Munic\\u00edpio de Interesse Tur\\u00edstico | Capital das Cavernas\",\"publisher\":{\"@id\":\"https:\/\/iporanga.sp.gov.br\/site3\/#organization\"},\"potentialAction\":[{\"@type\":\"SearchAction\",\"target\":{\"@type\":\"EntryPoint\",\"urlTemplate\":\"https:\/\/iporanga.sp.gov.br\/site3\/?s={search_term_string}\"},\"query-input\":\"required name=search_term_string\"}],\"inLanguage\":\"pt-PT\"},{\"@type\":\"WebPage\",\"@id\":\"https:\/\/iporanga.sp.gov.br\/site3\/concurso-publico-2024\/#webpage\",\"url\":\"https:\/\/iporanga.sp.gov.br\/site3\/concurso-publico-2024\/\",\"name\":\"Concurso P\\u00fablico 2024 - Iporanga\",\"isPartOf\":{\"@id\":\"https:\/\/iporanga.sp.gov.br\/site3\/#website\"},\"datePublished\":\"2024-05-10T11:37:58+00:00\",\"dateModified\":\"2024-07-01T19:28:45+00:00\",\"description\":\"Concurso p\\u00fablico para provimento de diversos cargos de n\\u00edvel fundamental, m\\u00e9dio e superior. 2024.\",\"breadcrumb\":{\"@id\":\"https:\/\/iporanga.sp.gov.br\/site3\/concurso-publico-2024\/#breadcrumb\"},\"inLanguage\":\"pt-PT\",\"potentialAction\":[{\"@type\":\"ReadAction\",\"target\":[\"https:\/\/iporanga.sp.gov.br\/site3\/concurso-publico-2024\/\"]}]},{\"@type\":\"BreadcrumbList\",\"@id\":\"https:\/\/iporanga.sp.gov.br\/site3\/concurso-publico-2024\/#breadcrumb\",\"itemListElement\":[{\"@type\":\"ListItem\",\"position\":1,\"name\":\"In\\u00edcio\",\"item\":\"https:\/\/iporanga.sp.gov.br\/site3\/\"},{\"@type\":\"ListItem\",\"position\":2,\"name\":\"Concurso P\\u00fablico 2024\"}]}]}<\/script>\n<!-- \/ Yoast SEO plugin. -->","yoast_head_json":{"title":"Concurso P\u00fablico 2024 - Iporanga","description":"Concurso p\u00fablico para provimento de diversos cargos de n\u00edvel fundamental, m\u00e9dio e superior. 2024.","robots":{"index":"noindex","follow":"follow"},"og_locale":"pt_PT","og_type":"article","og_title":"Concurso P\u00fablico 2024 - Iporanga","og_description":"Concurso p\u00fablico para provimento de diversos cargos de n\u00edvel fundamental, m\u00e9dio e superior. 2024.","og_url":"https:\/\/iporanga.sp.gov.br\/site3\/concurso-publico-2024\/","og_site_name":"Iporanga","article_publisher":"https:\/\/www.facebook.com\/Iporanga.Mun","article_modified_time":"2024-07-01T19:28:45+00:00","twitter_card":"summary_large_image","twitter_misc":{"Tempo estimado de leitura":"3 minutos"},"schema":{"@context":"https:\/\/schema.org","@graph":[{"@type":"Organization","@id":"https:\/\/iporanga.sp.gov.br\/site3\/#organization","name":"Prefeitura Municipal de Iporanga","url":"https:\/\/iporanga.sp.gov.br\/site3\/","sameAs":["https:\/\/www.facebook.com\/Iporanga.Mun","https:\/\/www.youtube.com\/channel\/UCv-QJdlwebmOv0gsbdTZfpg","https:\/\/pt.wikipedia.org\/wiki\/Iporanga"],"logo":{"@type":"ImageObject","@id":"https:\/\/iporanga.sp.gov.br\/site3\/#logo","inLanguage":"pt-PT","url":"https:\/\/iporanga.sp.gov.br\/site3\/wp-content\/uploads\/2021\/03\/cropped-brasao_iporanga.png","contentUrl":"https:\/\/iporanga.sp.gov.br\/site3\/wp-content\/uploads\/2021\/03\/cropped-brasao_iporanga.png","width":512,"height":512,"caption":"Prefeitura Municipal de Iporanga"},"image":{"@id":"https:\/\/iporanga.sp.gov.br\/site3\/#logo"}},{"@type":"WebSite","@id":"https:\/\/iporanga.sp.gov.br\/site3\/#website","url":"https:\/\/iporanga.sp.gov.br\/site3\/","name":"Iporanga","description":"Munic\u00edpio de Interesse Tur\u00edstico | Capital das Cavernas","publisher":{"@id":"https:\/\/iporanga.sp.gov.br\/site3\/#organization"},"potentialAction":[{"@type":"SearchAction","target":{"@type":"EntryPoint","urlTemplate":"https:\/\/iporanga.sp.gov.br\/site3\/?s={search_term_string}"},"query-input":"required name=search_term_string"}],"inLanguage":"pt-PT"},{"@type":"WebPage","@id":"https:\/\/iporanga.sp.gov.br\/site3\/concurso-publico-2024\/#webpage","url":"https:\/\/iporanga.sp.gov.br\/site3\/concurso-publico-2024\/","name":"Concurso P\u00fablico 2024 - Iporanga","isPartOf":{"@id":"https:\/\/iporanga.sp.gov.br\/site3\/#website"},"datePublished":"2024-05-10T11:37:58+00:00","dateModified":"2024-07-01T19:28:45+00:00","description":"Concurso p\u00fablico para provimento de diversos cargos de n\u00edvel fundamental, m\u00e9dio e superior. 2024.","breadcrumb":{"@id":"https:\/\/iporanga.sp.gov.br\/site3\/concurso-publico-2024\/#breadcrumb"},"inLanguage":"pt-PT","potentialAction":[{"@type":"ReadAction","target":["https:\/\/iporanga.sp.gov.br\/site3\/concurso-publico-2024\/"]}]},{"@type":"BreadcrumbList","@id":"https:\/\/iporanga.sp.gov.br\/site3\/concurso-publico-2024\/#breadcrumb","itemListElement":[{"@type":"ListItem","position":1,"name":"In\u00edcio","item":"https:\/\/iporanga.sp.gov.br\/site3\/"},{"@type":"ListItem","position":2,"name":"Concurso P\u00fablico 2024"}]}]}},"_links":{"self":[{"href":"https:\/\/iporanga.sp.gov.br\/site3\/wp-json\/wp\/v2\/pages\/1544","targetHints":{"allow":["GET"]}}],"collection":[{"href":"https:\/\/iporanga.sp.gov.br\/site3\/wp-json\/wp\/v2\/pages"}],"about":[{"href":"https:\/\/iporanga.sp.gov.br\/site3\/wp-json\/wp\/v2\/types\/page"}],"author":[{"embeddable":true,"href":"https:\/\/iporanga.sp.gov.br\/site3\/wp-json\/wp\/v2\/users\/1"}],"replies":[{"embeddable":true,"href":"https:\/\/iporanga.sp.gov.br\/site3\/wp-json\/wp\/v2\/comments?post=1544"}],"version-history":[{"count":29,"href":"https:\/\/iporanga.sp.gov.br\/site3\/wp-json\/wp\/v2\/pages\/1544\/revisions"}],"predecessor-version":[{"id":1617,"href":"https:\/\/iporanga.sp.gov.br\/site3\/wp-json\/wp\/v2\/pages\/1544\/revisions\/1617"}],"wp:attachment":[{"href":"https:\/\/iporanga.sp.gov.br\/site3\/wp-json\/wp\/v2\/media?parent=1544"}],"curies":[{"name":"wp","href":"https:\/\/api.w.org\/{rel}","templated":true}]}}