{"id":113,"date":"2021-03-23T13:41:32","date_gmt":"2021-03-23T13:41:32","guid":{"rendered":"https:\/\/iporanga.sp.gov.br\/site3\/?page_id=113"},"modified":"2025-05-08T18:25:58","modified_gmt":"2025-05-08T18:25:58","slug":"secretarias","status":"publish","type":"page","link":"https:\/\/iporanga.sp.gov.br\/site3\/secretarias\/","title":{"rendered":"Secretarias"},"content":{"rendered":"<h3><u>GABINETE\/SECRETARIAS\/DEPARTAMENTOS\/SETORES<\/u><\/h3>\n<h3>\u00a0<u>Gabinete do Prefeito<\/u><\/h3>\n<p><strong>SITE:<\/strong> www.iporanga.sp.gov.br<\/p>\n<p><strong>TELEFONE<\/strong>:(15) 3656-9830 &#8211;\u00a0 <strong>E-MAIL:<\/strong> <a href=\"mailto:adm@iporanga.sp.gov.br\">adm@iporanga.sp.gov.br<\/a><\/p>\n<p><strong>HOR\u00c1RIO DE ATENDIMENTO:<\/strong> 07:30 \u00c0S 11:30 \u2013 13:00 \u00c0S 17:00<\/p>\n<p>&#8211; <strong>Prefeito: <\/strong>Marcos dos Santos Domingos<\/p>\n<p>&#8211; <strong>Vice-Prefeito:\u00a0<\/strong>Edmundo Rodrigues Dos Santos<\/p>\n<p>&#8211;<strong> Secret\u00e1rio de Gabinete:\u00a0<\/strong>Matheus Sousa Messias da Silva<\/p>\n<p><strong>Endere\u00e7o:<\/strong> Pra\u00e7a Padre Caiaffa, 70 \u2013 Alto do Coqueiro \u2013 CEP: 18.330-002 \u2013 Iporanga\/SP<\/p>\n<p>&#8211; <strong>Assessoria Jur\u00eddica:\u00a0<\/strong>Diogo Bero Barbosa<\/p>\n<p>TELEFONE: <span style=\"color: #000000;\"><span style=\"font-family: Arial, serif;\"><span style=\"font-size: medium;\">(15) 3656-9830 Email:\u00a0<\/span><\/span><\/span><a href=\"mailto:juridico@iporanga.sp.gov.br\">juridico@iporanga.sp.gov.br<\/a><\/p>\n<p>&#8211; <strong>Auditor P\u00fablico Interno \u2013 Respons\u00e1vel:\u00a0<\/strong>Nabila Stefany Rodrigues Camargo de Carvalho<\/p>\n<p><strong>E-MAIL:<\/strong> controleinterno@iporanga.sp.gov.br \u2013 TELEFONE: (15) 3656-9834<\/p>\n<p>&#8211; <strong>Ouvidoria E-MAIL:<\/strong> <a href=\"mailto:ouvidoria@iporanga.sp.gov.br\">ouvidoria@iporanga.sp.gov.br<\/a> &#8211; TELEFONE:\u00a0(15) 3556-1281<\/p>\n<h3>\u00a0&#8211; Fundo Social de Solidariedade<\/h3>\n<p><strong>Presidente:\u00a0<\/strong>Cibeli Maza Rolim Domingos<\/p>\n<p><strong>E-MAIL:<\/strong> fundosocial@iporanga.sp.gov.br \u2013 <strong>TELEFONE:<\/strong> (15) 3556-0596<\/p>\n<p><strong>Endere\u00e7o:<\/strong> Rua Pedro Silva,\u00a0 &#8211; Centro \u2013<strong> CEP:<\/strong> 18.330-000- Iporanga\/SP<\/p>\n<h3>\u00a0<u>Secret\u00e1ria de Administra\u00e7\u00e3o e Finan\u00e7as<\/u><\/h3>\n<p><strong>Respons\u00e1vel:\u00a0<\/strong>Elenice Maciel de Oliveira<\/p>\n<p><strong>E-MAIL:<\/strong> <a href=\"mailto:financas@iporanga.sp.gov.br\">financas@iporanga.sp.gov.br<\/a> \u2013 <strong>TELEFONE:<\/strong> (15) 3656-9834<\/p>\n<p><strong>Endere\u00e7o:<\/strong> Pra\u00e7a Padre Caiaffa, 70 \u2013 Alto do Coqueiro \u2013<strong> CEP:<\/strong> 18.330-002 \u2013 Iporanga\/SP<\/p>\n<p><strong>HOR\u00c1RIO DE ATENDIMENTO:<\/strong> 07:30 \u00c0S 11:30 \u2013 13:00 \u00c0S 17:00<\/p>\n<p>.<strong>Dir. de Dep. de Administra\u00e7\u00e3o &#8211;\u00a0<\/strong> Respons\u00e1vel:\u00a0JOAO GUILHERME LISBOA OSTROWSKI<\/p>\n<p><strong>E-MAIL:<\/strong> <a href=\"mailto:lct@iporanga.sp.gov.br\">lct@iporanga.sp.gov.br<\/a> \u2013<strong> TELEFONE:<\/strong> (15) 3656-9837<\/p>\n<p>. <strong>Dir. de Dep. de Financeiro<\/strong>\u00a0 &#8211; Respons\u00e1vel:\u00a0ROGERIO CARLOS RODRIGUES<\/p>\n<p><strong>E-MAIL:<\/strong> <a href=\"mailto:tesouraria@iporanga.sp.gov.br\">tesouraria@iporanga.sp.gov.br<\/a> \u2013 <strong>TELEFONE:<\/strong> (15) 3656-9838<\/p>\n<p>.<strong> Dir. de Dep. de Tributa\u00e7\u00e3o<\/strong> \u2013 Respons\u00e1vel:\u00a0NATAN TAVARES DE LIMA RAMOS<\/p>\n<p><strong>E-MAIL:<\/strong> <a href=\"mailto:trib@iporanga.sp.gov.br\">trib@iporanga.sp.gov.br<\/a> \u2013 <strong>TELEFONE:<\/strong> (15) 3656-9840<\/p>\n<p>. <strong>Contabilidade<\/strong> \u2013 <strong>Respons\u00e1vel:<\/strong> Elizafe Prates Soares<\/p>\n<p><span style=\"font-family: Times New Roman, serif;\"><span style=\"font-size: medium;\"><span style=\"color: #000000;\"><span style=\"font-family: Arial, serif;\"><strong>Chefe de Setor de Contabilidade \u2013 Respons\u00e1vel:<\/strong> Ivanice Aparecida Rodrigues<\/span><\/span><\/span><\/span><\/p>\n<p><strong>E-MAIL:<\/strong> <a href=\"mailto:trib@iporanga.sp.gov.br\">contabilidade@iporanga.sp.gov.br<\/a> \u2013 <strong>TELEFONE:<\/strong> (15) 3656-9863<\/p>\n<p>. <strong>Chefe de Setor de Licita\u00e7\u00f5es, Compras e Contratos \u2013 Respons\u00e1vel:\u00a0<\/strong>ALAIDE DA SILVA MAGALHAES<\/p>\n<p><strong>E-MAIL:<\/strong> <a href=\"mailto:compras@iporanga.sp.gov.br\">compras@iporanga.sp.gov.br<\/a> \u2013 <strong>TELEFONE:<\/strong> (15) 3656-9833<\/p>\n<p>. <strong>Chefe de Setor de Recursos Humanos \u2013 Respons\u00e1vel: <\/strong>Andr\u00e9 Palma<\/p>\n<p><strong>E-MAIL:<\/strong> <a href=\"mailto:rh@iporanga.sp.gov.br\">rh@iporanga.sp.gov.br<\/a> \u2013 <strong>TELEFONE:<\/strong> (15) 3656-9842<\/p>\n<p>. <strong>Chefe de Setor de Patrim\u00f4nio \u2013 Respons\u00e1vel:\u00a0<\/strong>LUCINDA DIAS DA SILVA<\/p>\n<p><strong>E-MAIL: <\/strong>patrim\u00f4nio@iporanga.sp.gov.br<\/p>\n<p><span style=\"font-family: Times New Roman, serif;\"><span style=\"font-size: medium;\"><span style=\"color: #000000;\"><span style=\"font-family: Arial, serif;\"><strong>.Setor de Conv\u00eanios \u2013 Respons\u00e1vel:<\/strong> J\u00e9ssica Aparecida da Silva<\/span><\/span><\/span><\/span><\/p>\n<p><span style=\"font-family: Times New Roman, serif;\"><span style=\"font-size: medium;\"><span style=\"color: #000000;\"><span style=\"font-family: Arial, serif;\"><strong>E-MAIL:<\/strong> gmc@iporanga.sp.gov.br \u2013 <strong>Telefone:<\/strong> (15) 3656-9864<\/span><\/span><\/span><\/span><\/p>\n<h3>\u00a0<u>Secretaria Municipal de Assist\u00eancia Social<\/u><\/h3>\n<p><strong>Respons\u00e1vel:\u00a0<\/strong>ELISANDRA LEPINSK DE SOUZA VIEIRA<\/p>\n<p><strong>E-MAIL:<\/strong> <a href=\"mailto:smas@iporanga.sp.gov.br\">smas@iporanga.sp.gov.br<\/a> \u2013 <strong>TELEFONE:<\/strong> (15) 3556-0596<\/p>\n<p>Rua Jos\u00e9 dos Santos Lisboa Neto, 47 \u2013 Centro \u2013 CEP: 18.330-000 &#8211;\u00a0 Iporanga\/SP<\/p>\n<p><strong>HOR\u00c1RIO DE ATENDIMENTO:<\/strong> 08:00 \u00c0S 12:00 \u2013 13:00 \u00c0S 17:00<\/p>\n<p>. <strong>Coordenador do CRAS:<\/strong> Fabiana Palma<\/p>\n<p><strong>E-MAIL:<\/strong> <a href=\"mailto:cras@iporanga.sp.gov.br\">cras@iporanga.sp.gov.br<\/a> \u2013 <strong>TELEFONE:<\/strong> (15)3556-1581<\/p>\n<p>Rua Pedro Silva, 145 \u2013 Centro \u2013 CEP: 18.330-000 \u2013 Iporanga\/SP<\/p>\n<h3>\u00a0<u>Secretaria Municipal de Educa\u00e7\u00e3o e Esportes<\/u><\/h3>\n<p><strong>Respons\u00e1vel:<\/strong> NAYENE SANTOS LISBOA<\/p>\n<p><strong>E-MAIL:<\/strong> <a href=\"mailto:educacao@iporanga.sp.gov.br\">educacao@iporanga.sp.gov.br<\/a> \u2013 <strong>TELEFONE:<\/strong> (15)3556-0532<\/p>\n<p>Rua Pedro Silva, 45 \u2013 Centro \u2013 CEP: 18.330-000 \u2013 Iporanga\/SP<\/p>\n<p><strong>HOR\u00c1RIO DE ATENDIMENTO:<\/strong> 08:00 \u00c0S 12:00 \u2013 13:00 \u00c0S 17:00<\/p>\n<p>. <strong>Diretor de Escola\u00a0 &#8211;<\/strong><\/p>\n<p>Givanildo Aparecido Rodrigues<\/p>\n<p>Jozebel Martinho dos Santos Vieira<\/p>\n<p>Marlene Maciel da Silva<\/p>\n<p>Maria Aparecida Oliveira<\/p>\n<p>. <strong>Supervisor de Ensino\u00a0 &#8211;<\/strong>\u00a0\u00a0\u00a0\u00a0\u00a0\u00a0\u00a0\u00a0\u00a0 Admilia Ferreira Alves de Oliveira<\/p>\n<p>. <strong>Chefe de Setor de Esporte e Lazer &#8211;<\/strong> \u00a0Geiseane Fernando dos Santos<\/p>\n<h3><u>Secretaria Municipal de Obras, Servi\u00e7os Urbanos e Manuten\u00e7\u00e3o<\/u><\/h3>\n<p><strong>Respons\u00e1vel:\u00a0<\/strong>OTACILIO FRANCISCO DOS SANTOS<\/p>\n<p><strong>\u00a0E-MAIL:<\/strong> <a href=\"mailto:obras@iporanga.sp.gov.br\">obras@iporanga.sp.gov.br<\/a><\/p>\n<p>Rua Boaventura Dias dos Santos, 319 \u2013 Centro \u2013 CEP: 18.330-000 \u2013 Iporanga\/SP<\/p>\n<p><strong>HOR\u00c1RIO DE ATENDIMENTO:<\/strong> 08:00 \u00c0S 12:00 \u2013 13:00 \u00c0S 17:00<\/p>\n<p>.<strong> Diretor de Obras e Projetos<\/strong> \u2013 Respons\u00e1vel:\u00a0ARILDO PONTES<\/p>\n<p><strong>E-MAIL:<\/strong> obraseprojetos@iporanga.sp.gov.br &#8211; <strong>TELEFONE:<\/strong> (15) 3656-9835<\/p>\n<p>. <strong>Diretor de Servi\u00e7os P\u00fablicos\u00a0\u2013<\/strong> Respons\u00e1vel:\u00a0Geraldo Lopes da Rosa<\/p>\n<p>.<strong> Coordenador de Tr\u00e2nsito\u00a0\u2013<\/strong> Respons\u00e1vel: Claudio Santos<\/p>\n<p>. <strong>Chefe de Setor de Transporte \u2013<\/strong> Respons\u00e1vel: \u00a0Dionathan Ramon dos S Rodrigues<\/p>\n<h3>\u00a0<u>Secretaria Municipal de Sa\u00fade<\/u><\/h3>\n<p><strong>Respons\u00e1vel:\u00a0<\/strong>RANULFO JULIO MARIANO PEREIRA<\/p>\n<p><strong>E-MAIL:<\/strong> <a href=\"mailto:saude@iporanga.sp.gov.br\">saude@iporanga.sp.gov.br<\/a> \u2013<strong> TELEFONE:<\/strong> (15) 3556-1588<\/p>\n<p>Avenida Iporanga, 449 &#8211; \u00a0Centro- CEP: 18.330-000 \u2013 Iporanga\/SP<\/p>\n<p><strong>HOR\u00c1RIO DE ATENDIMENTO:<\/strong> 08:00 \u00c0S 12:00 \u2013 13:00 \u00c0S 17:00<\/p>\n<h3>\u00a0<u>Secretaria Municipal de Turismo, Meio Ambiente e\u00a0 Cultura<\/u><\/h3>\n<p><strong>Respons\u00e1vel:\u00a0<\/strong>PAULO NATANAEL MESSIAS DOS SANTOS<\/p>\n<p><strong>E-MAIL:<\/strong> <a href=\"mailto:turismo@iporanga.sp.gov.br\">turismo@iporanga.sp.gov.br<\/a> \u2013 <strong>TELEFONE:<\/strong> (15) 3656-9835<\/p>\n<p>Rua Padre Caiaffa, 70 \u2013 Alto do Coqueiro \u2013 CEP: 18330-000 \u2013 Iporanga\/SP<\/p>\n<p><strong>HOR\u00c1RIO DE ATENDIMENTO:<\/strong> 08:00 \u00c0S 12:00 \u2013 13:00 \u00c0S 17:00<\/p>\n<h3><strong>\u00a0. Dir. de Dep. de Agricultura e Meio Ambiente:<\/strong><\/h3>\n<p><strong>Respons\u00e1vel:\u00a0<\/strong>GENIVALDO DE OLIVEIRA<\/p>\n<p><strong><span style=\"color: #000000;\"><span style=\"font-family: Arial, serif;\"><span style=\"font-size: medium;\">E-MAIL: <\/span><\/span><\/span><\/strong><a href=\"mailto:turismo@iporanga.sp.gov.br\"><span style=\"color: #0000ff;\"><span style=\"color: #000000;\"><span style=\"font-family: Arial, serif;\"><span style=\"font-size: medium;\">agricultura@iporanga.sp.gov.b<\/span><\/span><\/span><\/span><span style=\"color: #0000ff;\"><u><span style=\"color: #000000;\"><span style=\"font-family: Arial, serif;\"><span style=\"font-size: medium;\">r<\/span><\/span><\/span><\/u><\/span><\/a><span style=\"color: #000000;\"><span style=\"font-family: Arial, serif;\"><span style=\"font-size: medium;\"> \u2013 <\/span><\/span><\/span><strong><span style=\"color: #000000;\"><span style=\"font-family: Arial, serif;\"><span style=\"font-size: medium;\">TELEFONE:<\/span><\/span><\/span><\/strong><span style=\"color: #000000;\"><span style=\"font-family: Arial, serif;\"><span style=\"font-size: medium;\"> (15) 3656-9835<\/span><\/span><\/span><\/p>\n<p><span style=\"color: #000000;\"><span style=\"font-family: Arial, serif;\"><span style=\"font-size: medium;\">Rua Padre Caiaffa, 70 \u2013 Alto do Coqueiro \u2013 CEP: 18330-000 \u2013 Iporanga\/SP<\/span><\/span><\/span><\/p>\n<p align=\"justify\"><span style=\"font-family: Arial, serif;\"><span style=\"font-size: medium;\"><strong>HOR\u00c1RIO DE ATENDIMENTO:<\/strong> 08:00 \u00c0S 12:00 \u2013 13:00 \u00c0S 17:00<\/span><\/span><\/p>\n<p class=\"western\"><span style=\"color: #000000;\"><span style=\"font-family: Arial, serif;\"><span style=\"font-size: medium;\"><strong>Chefe de Setor de Cultura \u2013 Respons\u00e1vel:<\/strong> Benedito Claro<\/span><\/span><\/span><\/p>\n<p class=\"western\"><strong><span style=\"color: #000000;\"><span style=\"font-family: Arial, serif;\"><span style=\"font-size: medium;\">E-MAIL:<\/span><\/span><\/span><\/strong><span style=\"color: #000000;\"><span style=\"font-family: Arial, serif;\"><span style=\"font-size: medium;\">cultura@iporanga.sp.gov.br<\/span><\/span><\/span><\/p>\n","protected":false},"excerpt":{"rendered":"<p>GABINETE\/SECRETARIAS\/DEPARTAMENTOS\/SETORES \u00a0Gabinete do Prefeito SITE: www.iporanga.sp.gov.br TELEFONE:(15) 3656-9830 &#8211;\u00a0 E-MAIL: adm@iporanga.sp.gov.br HOR\u00c1RIO DE ATENDIMENTO: 07:30 \u00c0S 11:30 \u2013 13:00 \u00c0S 17:00 &#8211; Prefeito: Marcos dos Santos Domingos &#8211; Vice-Prefeito:\u00a0Edmundo Rodrigues Dos Santos &#8211; Secret\u00e1rio de Gabinete:\u00a0Matheus Sousa Messias da Silva Endere\u00e7o: Pra\u00e7a Padre Caiaffa, 70 \u2013 Alto do Coqueiro \u2013 CEP: 18.330-002 \u2013 Iporanga\/SP &#8211; [&hellip;]<\/p>\n","protected":false},"author":1,"featured_media":0,"parent":0,"menu_order":0,"comment_status":"closed","ping_status":"closed","template":"","meta":{"footnotes":""},"class_list":["post-113","page","type-page","status-publish","hentry"],"yoast_head":"<!-- This site is optimized with the Yoast SEO plugin v17.5 - https:\/\/yoast.com\/wordpress\/plugins\/seo\/ -->\n<title>Secretarias - Iporanga<\/title>\n<meta name=\"robots\" content=\"noindex, follow\" \/>\n<meta property=\"og:locale\" content=\"pt_PT\" \/>\n<meta property=\"og:type\" content=\"article\" \/>\n<meta property=\"og:title\" content=\"Secretarias - Iporanga\" \/>\n<meta property=\"og:description\" content=\"GABINETE\/SECRETARIAS\/DEPARTAMENTOS\/SETORES \u00a0Gabinete do Prefeito SITE: www.iporanga.sp.gov.br TELEFONE:(15) 3656-9830 &#8211;\u00a0 E-MAIL: adm@iporanga.sp.gov.br HOR\u00c1RIO DE ATENDIMENTO: 07:30 \u00c0S 11:30 \u2013 13:00 \u00c0S 17:00 &#8211; Prefeito: Marcos dos Santos Domingos &#8211; Vice-Prefeito:\u00a0Edmundo Rodrigues Dos Santos &#8211; Secret\u00e1rio de Gabinete:\u00a0Matheus Sousa Messias da Silva Endere\u00e7o: Pra\u00e7a Padre Caiaffa, 70 \u2013 Alto do Coqueiro \u2013 CEP: 18.330-002 \u2013 Iporanga\/SP &#8211; [&hellip;]\" \/>\n<meta property=\"og:url\" content=\"https:\/\/iporanga.sp.gov.br\/site3\/secretarias\/\" \/>\n<meta property=\"og:site_name\" content=\"Iporanga\" \/>\n<meta property=\"article:publisher\" content=\"https:\/\/www.facebook.com\/Iporanga.Mun\" \/>\n<meta property=\"article:modified_time\" content=\"2025-05-08T18:25:58+00:00\" \/>\n<meta name=\"twitter:card\" content=\"summary_large_image\" \/>\n<meta name=\"twitter:label1\" content=\"Tempo estimado de leitura\" \/>\n\t<meta name=\"twitter:data1\" content=\"3 minutos\" \/>\n<script type=\"application\/ld+json\" class=\"yoast-schema-graph\">{\"@context\":\"https:\/\/schema.org\",\"@graph\":[{\"@type\":\"Organization\",\"@id\":\"https:\/\/iporanga.sp.gov.br\/site3\/#organization\",\"name\":\"Prefeitura Municipal de Iporanga\",\"url\":\"https:\/\/iporanga.sp.gov.br\/site3\/\",\"sameAs\":[\"https:\/\/www.facebook.com\/Iporanga.Mun\",\"https:\/\/www.youtube.com\/channel\/UCv-QJdlwebmOv0gsbdTZfpg\",\"https:\/\/pt.wikipedia.org\/wiki\/Iporanga\"],\"logo\":{\"@type\":\"ImageObject\",\"@id\":\"https:\/\/iporanga.sp.gov.br\/site3\/#logo\",\"inLanguage\":\"pt-PT\",\"url\":\"https:\/\/iporanga.sp.gov.br\/site3\/wp-content\/uploads\/2021\/03\/cropped-brasao_iporanga.png\",\"contentUrl\":\"https:\/\/iporanga.sp.gov.br\/site3\/wp-content\/uploads\/2021\/03\/cropped-brasao_iporanga.png\",\"width\":512,\"height\":512,\"caption\":\"Prefeitura Municipal de Iporanga\"},\"image\":{\"@id\":\"https:\/\/iporanga.sp.gov.br\/site3\/#logo\"}},{\"@type\":\"WebSite\",\"@id\":\"https:\/\/iporanga.sp.gov.br\/site3\/#website\",\"url\":\"https:\/\/iporanga.sp.gov.br\/site3\/\",\"name\":\"Iporanga\",\"description\":\"Munic\\u00edpio de Interesse Tur\\u00edstico | Capital das Cavernas\",\"publisher\":{\"@id\":\"https:\/\/iporanga.sp.gov.br\/site3\/#organization\"},\"potentialAction\":[{\"@type\":\"SearchAction\",\"target\":{\"@type\":\"EntryPoint\",\"urlTemplate\":\"https:\/\/iporanga.sp.gov.br\/site3\/?s={search_term_string}\"},\"query-input\":\"required name=search_term_string\"}],\"inLanguage\":\"pt-PT\"},{\"@type\":\"WebPage\",\"@id\":\"https:\/\/iporanga.sp.gov.br\/site3\/secretarias\/#webpage\",\"url\":\"https:\/\/iporanga.sp.gov.br\/site3\/secretarias\/\",\"name\":\"Secretarias - Iporanga\",\"isPartOf\":{\"@id\":\"https:\/\/iporanga.sp.gov.br\/site3\/#website\"},\"datePublished\":\"2021-03-23T13:41:32+00:00\",\"dateModified\":\"2025-05-08T18:25:58+00:00\",\"breadcrumb\":{\"@id\":\"https:\/\/iporanga.sp.gov.br\/site3\/secretarias\/#breadcrumb\"},\"inLanguage\":\"pt-PT\",\"potentialAction\":[{\"@type\":\"ReadAction\",\"target\":[\"https:\/\/iporanga.sp.gov.br\/site3\/secretarias\/\"]}]},{\"@type\":\"BreadcrumbList\",\"@id\":\"https:\/\/iporanga.sp.gov.br\/site3\/secretarias\/#breadcrumb\",\"itemListElement\":[{\"@type\":\"ListItem\",\"position\":1,\"name\":\"In\\u00edcio\",\"item\":\"https:\/\/iporanga.sp.gov.br\/site3\/\"},{\"@type\":\"ListItem\",\"position\":2,\"name\":\"Secretarias\"}]}]}<\/script>\n<!-- \/ Yoast SEO plugin. -->","yoast_head_json":{"title":"Secretarias - Iporanga","robots":{"index":"noindex","follow":"follow"},"og_locale":"pt_PT","og_type":"article","og_title":"Secretarias - Iporanga","og_description":"GABINETE\/SECRETARIAS\/DEPARTAMENTOS\/SETORES \u00a0Gabinete do Prefeito SITE: www.iporanga.sp.gov.br TELEFONE:(15) 3656-9830 &#8211;\u00a0 E-MAIL: adm@iporanga.sp.gov.br HOR\u00c1RIO DE ATENDIMENTO: 07:30 \u00c0S 11:30 \u2013 13:00 \u00c0S 17:00 &#8211; Prefeito: Marcos dos Santos Domingos &#8211; Vice-Prefeito:\u00a0Edmundo Rodrigues Dos Santos &#8211; Secret\u00e1rio de Gabinete:\u00a0Matheus Sousa Messias da Silva Endere\u00e7o: Pra\u00e7a Padre Caiaffa, 70 \u2013 Alto do Coqueiro \u2013 CEP: 18.330-002 \u2013 Iporanga\/SP &#8211; [&hellip;]","og_url":"https:\/\/iporanga.sp.gov.br\/site3\/secretarias\/","og_site_name":"Iporanga","article_publisher":"https:\/\/www.facebook.com\/Iporanga.Mun","article_modified_time":"2025-05-08T18:25:58+00:00","twitter_card":"summary_large_image","twitter_misc":{"Tempo estimado de leitura":"3 minutos"},"schema":{"@context":"https:\/\/schema.org","@graph":[{"@type":"Organization","@id":"https:\/\/iporanga.sp.gov.br\/site3\/#organization","name":"Prefeitura Municipal de Iporanga","url":"https:\/\/iporanga.sp.gov.br\/site3\/","sameAs":["https:\/\/www.facebook.com\/Iporanga.Mun","https:\/\/www.youtube.com\/channel\/UCv-QJdlwebmOv0gsbdTZfpg","https:\/\/pt.wikipedia.org\/wiki\/Iporanga"],"logo":{"@type":"ImageObject","@id":"https:\/\/iporanga.sp.gov.br\/site3\/#logo","inLanguage":"pt-PT","url":"https:\/\/iporanga.sp.gov.br\/site3\/wp-content\/uploads\/2021\/03\/cropped-brasao_iporanga.png","contentUrl":"https:\/\/iporanga.sp.gov.br\/site3\/wp-content\/uploads\/2021\/03\/cropped-brasao_iporanga.png","width":512,"height":512,"caption":"Prefeitura Municipal de Iporanga"},"image":{"@id":"https:\/\/iporanga.sp.gov.br\/site3\/#logo"}},{"@type":"WebSite","@id":"https:\/\/iporanga.sp.gov.br\/site3\/#website","url":"https:\/\/iporanga.sp.gov.br\/site3\/","name":"Iporanga","description":"Munic\u00edpio de Interesse Tur\u00edstico | Capital das Cavernas","publisher":{"@id":"https:\/\/iporanga.sp.gov.br\/site3\/#organization"},"potentialAction":[{"@type":"SearchAction","target":{"@type":"EntryPoint","urlTemplate":"https:\/\/iporanga.sp.gov.br\/site3\/?s={search_term_string}"},"query-input":"required name=search_term_string"}],"inLanguage":"pt-PT"},{"@type":"WebPage","@id":"https:\/\/iporanga.sp.gov.br\/site3\/secretarias\/#webpage","url":"https:\/\/iporanga.sp.gov.br\/site3\/secretarias\/","name":"Secretarias - Iporanga","isPartOf":{"@id":"https:\/\/iporanga.sp.gov.br\/site3\/#website"},"datePublished":"2021-03-23T13:41:32+00:00","dateModified":"2025-05-08T18:25:58+00:00","breadcrumb":{"@id":"https:\/\/iporanga.sp.gov.br\/site3\/secretarias\/#breadcrumb"},"inLanguage":"pt-PT","potentialAction":[{"@type":"ReadAction","target":["https:\/\/iporanga.sp.gov.br\/site3\/secretarias\/"]}]},{"@type":"BreadcrumbList","@id":"https:\/\/iporanga.sp.gov.br\/site3\/secretarias\/#breadcrumb","itemListElement":[{"@type":"ListItem","position":1,"name":"In\u00edcio","item":"https:\/\/iporanga.sp.gov.br\/site3\/"},{"@type":"ListItem","position":2,"name":"Secretarias"}]}]}},"_links":{"self":[{"href":"https:\/\/iporanga.sp.gov.br\/site3\/wp-json\/wp\/v2\/pages\/113","targetHints":{"allow":["GET"]}}],"collection":[{"href":"https:\/\/iporanga.sp.gov.br\/site3\/wp-json\/wp\/v2\/pages"}],"about":[{"href":"https:\/\/iporanga.sp.gov.br\/site3\/wp-json\/wp\/v2\/types\/page"}],"author":[{"embeddable":true,"href":"https:\/\/iporanga.sp.gov.br\/site3\/wp-json\/wp\/v2\/users\/1"}],"replies":[{"embeddable":true,"href":"https:\/\/iporanga.sp.gov.br\/site3\/wp-json\/wp\/v2\/comments?post=113"}],"version-history":[{"count":14,"href":"https:\/\/iporanga.sp.gov.br\/site3\/wp-json\/wp\/v2\/pages\/113\/revisions"}],"predecessor-version":[{"id":1974,"href":"https:\/\/iporanga.sp.gov.br\/site3\/wp-json\/wp\/v2\/pages\/113\/revisions\/1974"}],"wp:attachment":[{"href":"https:\/\/iporanga.sp.gov.br\/site3\/wp-json\/wp\/v2\/media?parent=113"}],"curies":[{"name":"wp","href":"https:\/\/api.w.org\/{rel}","templated":true}]}}