{"id":53,"date":"2016-01-24T12:31:46","date_gmt":"2016-01-24T12:31:46","guid":{"rendered":"http:\/\/localhost\/ipotur\/?page_id=53"},"modified":"2016-02-05T13:54:38","modified_gmt":"2016-02-05T13:54:38","slug":"transportes","status":"publish","type":"page","link":"http:\/\/iporanga.sp.gov.br\/ipotur\/pontos-turisticos\/transportes\/","title":{"rendered":"Transportes"},"content":{"rendered":"<p style=\"text-align: center;\"><strong>HOR\u00c1RIO DE \u00d4NIBUS PARA IPORANGA<\/strong><\/p>\n<p style=\"text-align: center;\">\n<table style=\"height: 586px;\" width=\"100 %\">\n<tbody>\n<tr>\n<td colspan=\"3\" width=\"50%\">\n<pre>Origem\/Hor\u00e1rio de Sa\u00edda<\/pre>\n<\/td>\n<td colspan=\"2\" width=\"50%\">\n<pre>Destino\/Hor\u00e1rio de Chegada<\/pre>\n<\/td>\n<\/tr>\n<tr>\n<td width=\"80\">\n<pre>Iporanga<\/pre>\n<\/td>\n<td width=\"85\">\n<pre>06h10min<\/pre>\n<\/td>\n<td width=\"213\">\n<pre>Via\u00e7\u00e3o Moreira<\/pre>\n<\/td>\n<td width=\"117\">\n<pre>Eldorado<\/pre>\n<\/td>\n<td width=\"96\">\n<pre>08h10min<\/pre>\n<\/td>\n<\/tr>\n<tr>\n<td width=\"80\">\n<pre>Iporanga<\/pre>\n<\/td>\n<td width=\"85\">\n<pre>07h00min<\/pre>\n<\/td>\n<td width=\"213\">\n<pre>Expresso Princesa \r\ndos Campos<\/pre>\n<\/td>\n<td width=\"117\">\n<pre>Apia\u00ed<\/pre>\n<\/td>\n<td width=\"96\">\n<pre>08h30min<\/pre>\n<\/td>\n<\/tr>\n<tr>\n<td width=\"80\">\n<pre>Iporanga<\/pre>\n<\/td>\n<td width=\"85\">\n<pre>11h00min<\/pre>\n<\/td>\n<td width=\"213\">\n<pre>Araujo Transportes<\/pre>\n<\/td>\n<td width=\"117\">\n<pre>B\u00b0 Castelhano<\/pre>\n<\/td>\n<td width=\"96\">\n<pre>11h30min<\/pre>\n<\/td>\n<\/tr>\n<tr>\n<td width=\"80\">\n<pre>Iporanga<\/pre>\n<\/td>\n<td width=\"85\">\n<pre>06h10min<\/pre>\n<\/td>\n<td width=\"213\">\n<pre>Via\u00e7\u00e3o Moreira<\/pre>\n<\/td>\n<td width=\"117\">\n<pre>Itape\u00fana<\/pre>\n<\/td>\n<td width=\"96\">\n<pre>07h45min<\/pre>\n<\/td>\n<\/tr>\n<tr>\n<td width=\"80\">\n<pre>Eldorado<\/pre>\n<\/td>\n<td width=\"85\">\n<pre>05h00min<\/pre>\n<\/td>\n<td width=\"213\">\n<pre>Via\u00e7\u00e3o Moreira<\/pre>\n<\/td>\n<td width=\"117\">\n<pre>Iporanga<\/pre>\n<\/td>\n<td width=\"96\">\n<pre>07h10min<\/pre>\n<\/td>\n<\/tr>\n<tr>\n<td width=\"80\">\n<pre>Apia\u00ed<\/pre>\n<\/td>\n<td width=\"85\">\n<pre>15h00min<\/pre>\n<\/td>\n<td width=\"213\">\n<pre>Expresso Princesa \r\ndos Campos<\/pre>\n<\/td>\n<td width=\"117\">\n<pre>Iporanga<\/pre>\n<\/td>\n<td width=\"96\">\n<pre>16h45min<\/pre>\n<\/td>\n<\/tr>\n<tr>\n<td width=\"80\">\n<pre>B\u00b0 Castelhano<\/pre>\n<\/td>\n<td width=\"85\">\n<pre>07h00min<\/pre>\n<\/td>\n<td width=\"213\">\n<pre>Araujo Transportes<\/pre>\n<\/td>\n<td width=\"117\">\n<pre>Iporanga<\/pre>\n<\/td>\n<td width=\"96\">\n<pre>07h30min<\/pre>\n<\/td>\n<\/tr>\n<\/tbody>\n<\/table>\n<p>&nbsp;<\/p>\n<p>&nbsp;<\/p>\n<p style=\"text-align: center;\"><strong>CONEX\u00c3O IPORANGA \u2013\u00a0METR\u00d3POLES\u00a0E REGI\u00c3O<\/strong><\/p>\n<p>&nbsp;<\/p>\n<p>&nbsp;<\/p>\n<table style=\"height: 636px;\" width=\"663\">\n<tbody>\n<tr>\n<td colspan=\"6\" width=\"685\">Origem\/Hor\u00e1rio de Sa\u00edda<\/td>\n<\/tr>\n<tr>\n<td width=\"87\">Eldorado<\/td>\n<td colspan=\"4\" width=\"510\"><strong><a href=\"http:\/\/www.webrodoviaria.com.br\/VendaWebGB\/consulta\" target=\"_blank\">Consultar<\/a><\/strong><\/td>\n<td width=\"88\">S\u00e3o Paulo<\/td>\n<\/tr>\n<tr>\n<td width=\"87\">Eldorado<\/td>\n<td colspan=\"4\" width=\"510\">\u00a0<strong><a href=\"http:\/\/www.webrodoviaria.com.br\/VendaWebGB\/consulta\" target=\"_blank\">Consultar<\/a><\/strong><\/td>\n<td width=\"88\">Jacupiranga<\/td>\n<\/tr>\n<tr>\n<td width=\"87\">Eldorado<\/td>\n<td colspan=\"4\" width=\"510\"><strong><a href=\"https:\/\/www.webrodoviaria.com.br\/VendaWebGB\/consulta\" target=\"_blank\">Consultar<\/a><\/strong><\/td>\n<td width=\"88\">Santos<\/td>\n<\/tr>\n<tr>\n<td width=\"87\">B\u00baCastelhano<\/td>\n<td width=\"115\">11h50min<\/td>\n<td width=\"209\">Via\u00e7\u00e3o Moreira<\/td>\n<td width=\"130\">Eldorado<\/td>\n<td colspan=\"2\" width=\"143\">12h35min<\/td>\n<\/tr>\n<tr>\n<td width=\"87\">Itape\u00fana<\/td>\n<td colspan=\"4\" width=\"510\">\u00a0<strong><a href=\"http:\/\/www.webrodoviaria.com.br\/VendaWebGB\/consulta\" target=\"_blank\">Consultar<\/a><\/strong><\/td>\n<td width=\"88\">Cajati<\/td>\n<\/tr>\n<tr>\n<td width=\"87\">Cajati<\/td>\n<td colspan=\"4\" width=\"510\"><strong><a href=\"https:\/\/vendas.princesadoscampos.com.br\/VendaWebPrincesaCampos\/consulta\" target=\"_blank\">Consultar<\/a><\/strong><\/td>\n<td width=\"88\">Curitiba<\/td>\n<\/tr>\n<tr>\n<td width=\"87\">Apia\u00ed<\/td>\n<td colspan=\"4\" width=\"510\"><strong><a href=\"http:\/\/www.transpen.com.br\/rotas\" target=\"_blank\">Consultar<\/a><\/strong><\/td>\n<td width=\"88\">S\u00e3o Paulo<\/td>\n<\/tr>\n<tr>\n<td width=\"87\">Apia\u00ed<\/td>\n<td colspan=\"4\" width=\"510\"><strong><a href=\"http:\/\/www.transpen.com.br\/rotas\" target=\"_blank\">Consultar<\/a><\/strong><\/td>\n<td width=\"88\">Sorocaba<\/td>\n<\/tr>\n<tr>\n<td width=\"87\">Apia\u00ed<\/td>\n<td colspan=\"4\" width=\"510\"><strong><a href=\"http:\/\/www.transpen.com.br\/rotas\" target=\"_blank\">Consultar<\/a><\/strong><\/td>\n<td width=\"88\">Itapetininga<\/td>\n<\/tr>\n<\/tbody>\n<\/table>\n<p>&nbsp;<\/p>\n<p>&nbsp;<\/p>\n<p><strong>Via\u00e7\u00e3o Moreira: <\/strong>(013) 3871-1479<\/p>\n<p><strong>Araujo Transportes: <\/strong>(013) 9 9658-4794<\/p>\n<p><strong>Expresso Princesa dos Campos: <\/strong>(013) 3854-1444 (Cajati) (013) 3821-2658 (Registro) ou 0300 31 33.667<\/p>\n<p><strong>Grupo Transpen: <\/strong>0800 645 4001<\/p>\n<p><strong>Valle Sul:<\/strong> (013) 3822-4530 ou (011) 3392-7566<\/p>\n","protected":false},"excerpt":{"rendered":"<p>HOR\u00c1RIO DE \u00d4NIBUS PARA IPORANGA Origem\/Hor\u00e1rio de Sa\u00edda Destino\/Hor\u00e1rio de Chegada Iporanga 06h10min Via\u00e7\u00e3o Moreira Eldorado 08h10min Iporanga 07h00min Expresso Princesa dos Campos Apia\u00ed 08h30min Iporanga 11h00min Araujo Transportes B\u00b0 [&hellip;]<\/p>\n","protected":false},"author":1,"featured_media":0,"parent":49,"menu_order":0,"comment_status":"closed","ping_status":"closed","template":"","meta":{"footnotes":""},"class_list":["post-53","page","type-page","status-publish","hentry"],"_links":{"self":[{"href":"http:\/\/iporanga.sp.gov.br\/ipotur\/wp-json\/wp\/v2\/pages\/53","targetHints":{"allow":["GET"]}}],"collection":[{"href":"http:\/\/iporanga.sp.gov.br\/ipotur\/wp-json\/wp\/v2\/pages"}],"about":[{"href":"http:\/\/iporanga.sp.gov.br\/ipotur\/wp-json\/wp\/v2\/types\/page"}],"author":[{"embeddable":true,"href":"http:\/\/iporanga.sp.gov.br\/ipotur\/wp-json\/wp\/v2\/users\/1"}],"replies":[{"embeddable":true,"href":"http:\/\/iporanga.sp.gov.br\/ipotur\/wp-json\/wp\/v2\/comments?post=53"}],"version-history":[{"count":22,"href":"http:\/\/iporanga.sp.gov.br\/ipotur\/wp-json\/wp\/v2\/pages\/53\/revisions"}],"predecessor-version":[{"id":443,"href":"http:\/\/iporanga.sp.gov.br\/ipotur\/wp-json\/wp\/v2\/pages\/53\/revisions\/443"}],"up":[{"embeddable":true,"href":"http:\/\/iporanga.sp.gov.br\/ipotur\/wp-json\/wp\/v2\/pages\/49"}],"wp:attachment":[{"href":"http:\/\/iporanga.sp.gov.br\/ipotur\/wp-json\/wp\/v2\/media?parent=53"}],"curies":[{"name":"wp","href":"https:\/\/api.w.org\/{rel}","templated":true}]}}